{"id":1297,"date":"2022-11-25T11:07:54","date_gmt":"2022-11-25T10:07:54","guid":{"rendered":"https:\/\/www.zooaustria.com\/zooaustria\/?post_type=product&#038;p=1297"},"modified":"2024-02-14T22:15:38","modified_gmt":"2024-02-14T21:15:38","slug":"feuerskink-haltung-kauf","status":"publish","type":"product","link":"https:\/\/www.zooaustria.com\/zooaustria\/terraristik\/feuerskink-haltung-kauf\/","title":{"rendered":"Feuerskink-Riopa fernandi"},"content":{"rendered":"<h2>Haltung Feuerskink:<\/h2>\n<p><strong>Allgemein: <\/strong>Der Feuerskink ist ein mittelgro\u00dfer Skink, der durch seine wundersch\u00f6ne Musterung fasziniert.\u00a0 Er h\u00e4utet sich nicht im Ganzen, sondern immer nur sch\u00fcppchenweise, dabei k\u00f6nnen sich die Schuppen umf\u00e4rben. Die Haltung ist unproblematisch und auch f\u00fcr Terraristik Beginner geeignet.<\/p>\n<p><strong>Name<\/strong>: Lepidothyris fernandi, mochlus fernandi, Riopa fernandi, Lygosoma fernandi, Prachtskink<br \/>\n<strong>Herkunft und Vorkommen<\/strong>:West-Zentral Afrika (<span style=\"font-size: 16px; font-style: normal; font-weight: 400;\">Ghana, Kamerun, Kenia, <\/span><span style=\"font-size: 16px;\">\u00c4quatorial-Guinea, Elfenbeink\u00fcste, Kongo Rep., Liberia, Nigeria, Sierra Leone)<\/span><br \/>\n<strong>Gr\u00f6\u00dfe<\/strong>: 30-38cm<br \/>\n<strong>Alter<\/strong>: 10-15 Jahre<br \/>\n<strong>Meldepflicht<\/strong>: ja (alle Reptilien in \u00d6sterreich)<\/p>\n<h3>Futter\/Nahrung:<\/h3>\n<p><strong>Allesfresser (Omnivor) vorwiegend Futterinsekten:<\/strong> Heimchen, Grillen, W\u00fcstenheuschrecken, Wanderheuschrecken, Schaben, Zoophobas, Regenw\u00fcrmer, Mehlw\u00fcrmer, Asseln, Schnecken (Achatschnecken Jungtiere), Spinnen, Nestjunge M\u00e4use, gekochte Eier und Fleisch. 50-70% Futterinsekten und Wirbellose, da die Tiere an Gewicht zulegen k\u00f6nnen. Sie fangen auch kleine Fische. Futterinsekten mit Mineral-Vitaminpr\u00e4parat best\u00e4uben.<\/p>\n<p><iframe title=\"YouTube video player\" src=\"https:\/\/www.youtube-nocookie.com\/embed\/BD5Vw5Dk8B4\" width=\"560\" height=\"315\" frameborder=\"0\" allowfullscreen=\"allowfullscreen\"><\/iframe><\/p>\n<p>Die \u00fcbrigen 30% Futter sollten aus Gem\u00fcse, Gr\u00e4ser und Obst bestehen, bspw. aufgeriebene Karotte, L\u00f6wenzahn, Fr\u00fcchte wie Banane, Melone, Himbeere, Brombeere, Birne uvm&#8230;Bei Futterpflanzen und Gem\u00fcse immer darauf achten, das nicht zu viel von Pflanzen gef\u00fcttert wird die ein ung\u00fcnstiges Kalzium-Phosphorverh\u00e4ltnis haben. Auch zu viel Oxals\u00e4ure, die verst\u00e4rkt in Sauerklee, Portulak, Sauerampfer, Kapuzinerkresse uvm. enthalten ist, sollte Acht gegeben werden, da sie die Kalziumaufnahme verringert.<\/p>\n<h3>Haltung &amp; Terrarien Einrichtung:<\/h3>\n<p><strong>Terrariumtyp<\/strong>: Tropenterrarium\/Paludarium m\u00f6glich (nicht alle Feuerskinks wollen ein Paludarium)<br \/>\n<strong>Mindestgr\u00f6\u00dfe<\/strong>\u00a0<strong>Terrarium<\/strong>: 100x50x50cm(einzeln oder paarweise)<br \/>\n<strong>Beleuchtung<\/strong>: UVB- Bestrahlung wird empfohlen, JBL Spot-Strahler<br \/>\n<strong>Beleuchtungszeit<\/strong>:\u00a012 Stunden<br \/>\n<strong>Temperatur<\/strong>: tags\u00fcber 25-28\u00b0C, lokal 30-35\u00b0C, nachts 20-22\u00b0C<br \/>\n<strong>Luftfeuchtigkeit<\/strong>: tags\u00fcber 70-80%, nachts 90% (die Luftfeuchtigkeit sollte sich vor allem im Boden halten, da sich die Tiere dort am meisten aufhalten)<\/p>\n<h3>Einrichtung:<\/h3>\n<p>Der Feuerskink ist zum Gro\u00dfteil Bodenbewohner, und braucht viele Versteckm\u00f6glichkeiten. Gro\u00dfe stabile Badeschale \/Wasserschale 30x30x10cm ,\u00a0 Steine,\u00a0 Korkst\u00fccke am Boden,\u00a0 Korkr\u00f6hren, Wurzeln, Kork\u00e4ste und dichte Bepflanzung. Moosplatten. Eine Wasserschale.<br \/>\n<strong>Bodengrund<\/strong>: Terrarienerde, Pinienrinde, Laub als Deckschicht. Die Erdschicht sollte hoch sein, mindestens 15cm.<br \/>\n<strong>Pflanzen:\u00a0<\/strong>Efeutute (Epipremnum), verschiedene Ficusarten, Gr\u00fcnlilie, uvm. (die Pflanzen helfen dabei die hohe Feuchtigkeit im Terrarium zu halten)<\/p>\n<p><strong>Inspiration<\/strong> f\u00fcr das Feuerskink Terrarium findest du in diesem Video:<br \/>\n<iframe title=\"YouTube video player\" src=\"https:\/\/www.youtube-nocookie.com\/embed\/7mJsjDP7ynU\" width=\"560\" height=\"315\" frameborder=\"0\" allowfullscreen=\"allowfullscreen\"><\/iframe><\/p>\n<h3>Sozialverhalten\/Lebensweise:<\/h3>\n<p><strong>Sozialverhalten<\/strong>: Einzelhaltung, Paarhaltung, oder eine Gruppe ist m\u00f6glich, mehrere Weibchen ein M\u00e4nnchen.\u00a0 Das Verhalten der Tiere untereinander, sollte beobachtet werden. Manchmal kann das M\u00e4nnchen gegen\u00fcber dem Weibchen aggressiv werden, oder ein Weibchen die Weibchen unterdr\u00fccken. M\u00e4nnchen sind miteinander unvertr\u00e4glich.<br \/>\n<strong>Geschlechtsunterscheidung<\/strong>: Die M\u00e4nnchen werden st\u00e4rker und auch gr\u00f6\u00dfer als das Weibchen. Der Feuerskink wird <span style=\"font-size: 16px; font-style: normal; font-weight: 400;\">mit etwa zwei\u00a0 Jahren geschlechtsreif.\u00a0<\/span><br \/>\n<strong>Eiablage<\/strong>: Die Eier werden abwechselnd von den Eltern bewacht. Das Weibchen legt 6-10 St\u00fcck.\u00a0 Nach 60 Tagen, bei 28\u00b0C, schl\u00fcpfen die Eier. Die erste Zeit k\u00f6nnen die Jungtiere zusammen bleiben, sobald Streit aufkommt, vereinzeln.<\/p>\n<h3>Wichtig:<\/h3>\n<p>Riopa fernandi ist d\u00e4mmerungs-und nachtaktiv. Es sind neugierige Tiere die zutraulich werden k\u00f6nnen. Sie sind blitzschnell und k\u00f6nnen auch mal zuschnappen. Sehr wichtig ist ein hohes, feuchtes Substrat.<br \/>\n<strong>Winterruhe<\/strong>: ja (bzw. Trockenruhe) ab Dezember 6-8 Wochen 20-22\u00b0C, Beleuchtung 5-6 Stunden am Tag, keine extra W\u00e4rmequelle in der Zeit.<\/p>\n<p><strong>Empfehlung<\/strong>: Beregnungsanlage, Terrarienerde, Versteckm\u00f6glichkeiten z.B. Korkr\u00f6hre, Hygro-Thermometer, Terrarienpolizei (Asseln und Springschw\u00e4nze), Spot Strahler, UVB-Lampe, Wasserschale<\/p>\n","protected":false},"excerpt":{"rendered":"<p>Feuerskink\/ Prachtskink\/ Riopa fernandi<\/p>\n","protected":false},"featured_media":2203,"template":"","meta":{"site-sidebar-layout":"default","site-content-layout":"default","ast-global-header-display":"","ast-banner-title-visibility":"","ast-main-header-display":"","ast-hfb-above-header-display":"","ast-hfb-below-header-display":"","ast-hfb-mobile-header-display":"","site-post-title":"","ast-breadcrumbs-content":"","ast-featured-img":"","footer-sml-layout":"","theme-transparent-header-meta":"default","adv-header-id-meta":"","stick-header-meta":"","header-above-stick-meta":"","header-main-stick-meta":"","header-below-stick-meta":""},"product_cat":[101,64],"product_tag":[],"yoast_head":"<!-- This site is optimized with the Yoast SEO plugin v21.1 - https:\/\/yoast.com\/wordpress\/plugins\/seo\/ -->\n<title>Feuerskink-Riopa fernandi Haltung-Kauf:Terraristik Shop \u00d6sterreich<\/title>\n<meta name=\"description\" content=\"Riopa fernandi wird auch Feuerskink oder Prachtskink genannt. Es sind sehr neugierige Tiere, mit eigener Pers\u00f6nlichkeit. Bei uns erh\u00e4ltlich.\" \/>\n<meta name=\"robots\" content=\"index, follow, max-snippet:-1, max-image-preview:large, max-video-preview:-1\" \/>\n<link rel=\"canonical\" href=\"https:\/\/www.zooaustria.com\/zooaustria\/terraristik\/feuerskink-haltung-kauf\/\" \/>\n<meta property=\"og:locale\" content=\"de_DE\" \/>\n<meta property=\"og:type\" content=\"article\" \/>\n<meta property=\"og:title\" content=\"Feuerskink-Riopa fernandi Haltung-Kauf:Terraristik Shop \u00d6sterreich\" \/>\n<meta property=\"og:description\" content=\"Riopa fernandi wird auch Feuerskink oder Prachtskink genannt. Es sind sehr neugierige Tiere, mit eigener Pers\u00f6nlichkeit. Bei uns erh\u00e4ltlich.\" \/>\n<meta property=\"og:url\" content=\"https:\/\/www.zooaustria.com\/zooaustria\/terraristik\/feuerskink-haltung-kauf\/\" \/>\n<meta property=\"og:site_name\" content=\"Zoo Austria - Ihr Profi f\u00fcr Terraristik\" \/>\n<meta property=\"article:modified_time\" content=\"2024-02-14T21:15:38+00:00\" \/>\n<meta property=\"og:image\" content=\"https:\/\/www.zooaustria.com\/zooaustria\/wp-content\/uploads\/2022\/11\/IMG_9427.webp\" \/>\n\t<meta property=\"og:image:width\" content=\"743\" \/>\n\t<meta property=\"og:image:height\" content=\"494\" \/>\n\t<meta property=\"og:image:type\" content=\"image\/webp\" \/>\n<meta name=\"twitter:card\" content=\"summary_large_image\" \/>\n<meta name=\"twitter:label1\" content=\"Gesch\u00e4tzte Lesezeit\" \/>\n\t<meta name=\"twitter:data1\" content=\"3\u00a0Minuten\" \/>\n<script type=\"application\/ld+json\" class=\"yoast-schema-graph\">{\"@context\":\"https:\/\/schema.org\",\"@graph\":[{\"@type\":\"WebPage\",\"@id\":\"https:\/\/www.zooaustria.com\/zooaustria\/terraristik\/feuerskink-haltung-kauf\/\",\"url\":\"https:\/\/www.zooaustria.com\/zooaustria\/terraristik\/feuerskink-haltung-kauf\/\",\"name\":\"Feuerskink-Riopa fernandi Haltung-Kauf:Terraristik Shop \u00d6sterreich\",\"isPartOf\":{\"@id\":\"https:\/\/www.zooaustria.com\/zooaustria\/#website\"},\"datePublished\":\"2022-11-25T10:07:54+00:00\",\"dateModified\":\"2024-02-14T21:15:38+00:00\",\"description\":\"Riopa fernandi wird auch Feuerskink oder Prachtskink genannt. Es sind sehr neugierige Tiere, mit eigener Pers\u00f6nlichkeit. Bei uns erh\u00e4ltlich.\",\"breadcrumb\":{\"@id\":\"https:\/\/www.zooaustria.com\/zooaustria\/terraristik\/feuerskink-haltung-kauf\/#breadcrumb\"},\"inLanguage\":\"de\",\"potentialAction\":[{\"@type\":\"ReadAction\",\"target\":[\"https:\/\/www.zooaustria.com\/zooaustria\/terraristik\/feuerskink-haltung-kauf\/\"]}]},{\"@type\":\"BreadcrumbList\",\"@id\":\"https:\/\/www.zooaustria.com\/zooaustria\/terraristik\/feuerskink-haltung-kauf\/#breadcrumb\",\"itemListElement\":[{\"@type\":\"ListItem\",\"position\":1,\"name\":\"Startseite\",\"item\":\"https:\/\/www.zooaustria.com\/zooaustria\/\"},{\"@type\":\"ListItem\",\"position\":2,\"name\":\"Terraristik\",\"item\":\"https:\/\/www.zooaustria.com\/zooaustria\/terraristik-haltung-kauf\/\"},{\"@type\":\"ListItem\",\"position\":3,\"name\":\"Feuerskink-Riopa fernandi\"}]},{\"@type\":\"WebSite\",\"@id\":\"https:\/\/www.zooaustria.com\/zooaustria\/#website\",\"url\":\"https:\/\/www.zooaustria.com\/zooaustria\/\",\"name\":\"Zoo Austria - Ihr Profi f\u00fcr Terraristik\",\"description\":\"Terraristikshop\",\"publisher\":{\"@id\":\"https:\/\/www.zooaustria.com\/zooaustria\/#organization\"},\"potentialAction\":[{\"@type\":\"SearchAction\",\"target\":{\"@type\":\"EntryPoint\",\"urlTemplate\":\"https:\/\/www.zooaustria.com\/zooaustria\/?s={search_term_string}\"},\"query-input\":\"required name=search_term_string\"}],\"inLanguage\":\"de\"},{\"@type\":\"Organization\",\"@id\":\"https:\/\/www.zooaustria.com\/zooaustria\/#organization\",\"name\":\"Zoo Austria - Ihr Profi f\u00fcr Terraristik\",\"url\":\"https:\/\/www.zooaustria.com\/zooaustria\/\",\"logo\":{\"@type\":\"ImageObject\",\"inLanguage\":\"de\",\"@id\":\"https:\/\/www.zooaustria.com\/zooaustria\/#\/schema\/logo\/image\/\",\"url\":\"https:\/\/www.zooaustria.com\/zooaustria\/wp-content\/uploads\/2023\/11\/cropped-cropped-ZooAustria-Ihr_Profi_fuer_Terraristik-2-2.jpg\",\"contentUrl\":\"https:\/\/www.zooaustria.com\/zooaustria\/wp-content\/uploads\/2023\/11\/cropped-cropped-ZooAustria-Ihr_Profi_fuer_Terraristik-2-2.jpg\",\"width\":1846,\"height\":1796,\"caption\":\"Zoo Austria - Ihr Profi f\u00fcr Terraristik\"},\"image\":{\"@id\":\"https:\/\/www.zooaustria.com\/zooaustria\/#\/schema\/logo\/image\/\"}}]}<\/script>\n<!-- \/ Yoast SEO plugin. -->","yoast_head_json":{"title":"Feuerskink-Riopa fernandi Haltung-Kauf:Terraristik Shop \u00d6sterreich","description":"Riopa fernandi wird auch Feuerskink oder Prachtskink genannt. Es sind sehr neugierige Tiere, mit eigener Pers\u00f6nlichkeit. Bei uns erh\u00e4ltlich.","robots":{"index":"index","follow":"follow","max-snippet":"max-snippet:-1","max-image-preview":"max-image-preview:large","max-video-preview":"max-video-preview:-1"},"canonical":"https:\/\/www.zooaustria.com\/zooaustria\/terraristik\/feuerskink-haltung-kauf\/","og_locale":"de_DE","og_type":"article","og_title":"Feuerskink-Riopa fernandi Haltung-Kauf:Terraristik Shop \u00d6sterreich","og_description":"Riopa fernandi wird auch Feuerskink oder Prachtskink genannt. Es sind sehr neugierige Tiere, mit eigener Pers\u00f6nlichkeit. Bei uns erh\u00e4ltlich.","og_url":"https:\/\/www.zooaustria.com\/zooaustria\/terraristik\/feuerskink-haltung-kauf\/","og_site_name":"Zoo Austria - Ihr Profi f\u00fcr Terraristik","article_modified_time":"2024-02-14T21:15:38+00:00","og_image":[{"width":743,"height":494,"url":"https:\/\/www.zooaustria.com\/zooaustria\/wp-content\/uploads\/2022\/11\/IMG_9427.webp","type":"image\/webp"}],"twitter_card":"summary_large_image","twitter_misc":{"Gesch\u00e4tzte Lesezeit":"3\u00a0Minuten"},"schema":{"@context":"https:\/\/schema.org","@graph":[{"@type":"WebPage","@id":"https:\/\/www.zooaustria.com\/zooaustria\/terraristik\/feuerskink-haltung-kauf\/","url":"https:\/\/www.zooaustria.com\/zooaustria\/terraristik\/feuerskink-haltung-kauf\/","name":"Feuerskink-Riopa fernandi Haltung-Kauf:Terraristik Shop \u00d6sterreich","isPartOf":{"@id":"https:\/\/www.zooaustria.com\/zooaustria\/#website"},"datePublished":"2022-11-25T10:07:54+00:00","dateModified":"2024-02-14T21:15:38+00:00","description":"Riopa fernandi wird auch Feuerskink oder Prachtskink genannt. Es sind sehr neugierige Tiere, mit eigener Pers\u00f6nlichkeit. Bei uns erh\u00e4ltlich.","breadcrumb":{"@id":"https:\/\/www.zooaustria.com\/zooaustria\/terraristik\/feuerskink-haltung-kauf\/#breadcrumb"},"inLanguage":"de","potentialAction":[{"@type":"ReadAction","target":["https:\/\/www.zooaustria.com\/zooaustria\/terraristik\/feuerskink-haltung-kauf\/"]}]},{"@type":"BreadcrumbList","@id":"https:\/\/www.zooaustria.com\/zooaustria\/terraristik\/feuerskink-haltung-kauf\/#breadcrumb","itemListElement":[{"@type":"ListItem","position":1,"name":"Startseite","item":"https:\/\/www.zooaustria.com\/zooaustria\/"},{"@type":"ListItem","position":2,"name":"Terraristik","item":"https:\/\/www.zooaustria.com\/zooaustria\/terraristik-haltung-kauf\/"},{"@type":"ListItem","position":3,"name":"Feuerskink-Riopa fernandi"}]},{"@type":"WebSite","@id":"https:\/\/www.zooaustria.com\/zooaustria\/#website","url":"https:\/\/www.zooaustria.com\/zooaustria\/","name":"Zoo Austria - Ihr Profi f\u00fcr Terraristik","description":"Terraristikshop","publisher":{"@id":"https:\/\/www.zooaustria.com\/zooaustria\/#organization"},"potentialAction":[{"@type":"SearchAction","target":{"@type":"EntryPoint","urlTemplate":"https:\/\/www.zooaustria.com\/zooaustria\/?s={search_term_string}"},"query-input":"required name=search_term_string"}],"inLanguage":"de"},{"@type":"Organization","@id":"https:\/\/www.zooaustria.com\/zooaustria\/#organization","name":"Zoo Austria - Ihr Profi f\u00fcr Terraristik","url":"https:\/\/www.zooaustria.com\/zooaustria\/","logo":{"@type":"ImageObject","inLanguage":"de","@id":"https:\/\/www.zooaustria.com\/zooaustria\/#\/schema\/logo\/image\/","url":"https:\/\/www.zooaustria.com\/zooaustria\/wp-content\/uploads\/2023\/11\/cropped-cropped-ZooAustria-Ihr_Profi_fuer_Terraristik-2-2.jpg","contentUrl":"https:\/\/www.zooaustria.com\/zooaustria\/wp-content\/uploads\/2023\/11\/cropped-cropped-ZooAustria-Ihr_Profi_fuer_Terraristik-2-2.jpg","width":1846,"height":1796,"caption":"Zoo Austria - Ihr Profi f\u00fcr Terraristik"},"image":{"@id":"https:\/\/www.zooaustria.com\/zooaustria\/#\/schema\/logo\/image\/"}}]}},"_links":{"self":[{"href":"https:\/\/www.zooaustria.com\/zooaustria\/wp-json\/wp\/v2\/product\/1297"}],"collection":[{"href":"https:\/\/www.zooaustria.com\/zooaustria\/wp-json\/wp\/v2\/product"}],"about":[{"href":"https:\/\/www.zooaustria.com\/zooaustria\/wp-json\/wp\/v2\/types\/product"}],"wp:featuredmedia":[{"embeddable":true,"href":"https:\/\/www.zooaustria.com\/zooaustria\/wp-json\/wp\/v2\/media\/2203"}],"wp:attachment":[{"href":"https:\/\/www.zooaustria.com\/zooaustria\/wp-json\/wp\/v2\/media?parent=1297"}],"wp:term":[{"taxonomy":"product_cat","embeddable":true,"href":"https:\/\/www.zooaustria.com\/zooaustria\/wp-json\/wp\/v2\/product_cat?post=1297"},{"taxonomy":"product_tag","embeddable":true,"href":"https:\/\/www.zooaustria.com\/zooaustria\/wp-json\/wp\/v2\/product_tag?post=1297"}],"curies":[{"name":"wp","href":"https:\/\/api.w.org\/{rel}","templated":true}]}}