{"id":2084,"date":"2023-03-11T22:39:11","date_gmt":"2023-03-11T21:39:11","guid":{"rendered":"https:\/\/www.zooaustria.com\/zooaustria\/?post_type=product&#038;p=2084"},"modified":"2024-03-13T23:35:30","modified_gmt":"2024-03-13T22:35:30","slug":"kornnatter-kaufen-haltung","status":"publish","type":"product","link":"https:\/\/www.zooaustria.com\/zooaustria\/terraristik\/kornnatter-kaufen-haltung\/","title":{"rendered":"&#x1f40d;Kornnatter-Pantherophis guttatus"},"content":{"rendered":"<p><strong>Allgemeines:<\/strong> Die Kornnatter (Pantherophis guttatus) ist eine ungiftige W\u00fcrgeschlange.\u00a0 Aufgrund ihrer F\u00e4rbung und Musterung erfreut sie sich gro\u00dfer Beliebtheit in der Terraristik. Kornnatter sind f\u00fcr Beginner als auch erfahrene Schlangenhalter geeignet. Die Haltung ist unkompliziert.<br \/>\n<strong>Name:<\/strong> Pantherophis guttatus (Kornnatter). Der Name leitet sich von &#8220;corn&#8221; (engl. Mais) ab, da die Tiere gerne in\u00a0 Maisfeldern auf die Jagd gehen und ihre F\u00e4rbung dem &#8220;Indianermais&#8221; \u00e4hnelt.<\/p>\n<div class=\"ast-oembed-container\" style=\"height: 100%;\"><iframe title=\"Kornnatter Babys 2 #terraristikshopwien #cornsnakes #babysnakes\" width=\"500\" height=\"281\" src=\"https:\/\/www.youtube.com\/embed\/fHTV9s0DWKU?feature=oembed\" frameborder=\"0\" allow=\"accelerometer; autoplay; clipboard-write; encrypted-media; gyroscope; picture-in-picture; web-share\" allowfullscreen><\/iframe><\/div>\n<p><strong>Herkunft und Vorkommen:<\/strong> Nordamerika\u00a0 Sie bewohnt vor allem grasbewachsene Ebenen, W\u00e4lder und landwirtschaftliche Gebiete.<br \/>\n<strong>Gr\u00f6\u00dfe:<\/strong> 1,2 &#8211; 1,5m. M\u00e4nnchen werden normalerweise gr\u00f6\u00dfer als Weibchen.<br \/>\n<strong>Alter: <\/strong>bis zu 20 Jahre alt<br \/>\n<strong>Meldepflicht:<\/strong> ja (alle Reptilien in \u00d6sterreich)<\/p>\n<h3>Futter\/Nahrung:<\/h3>\n<p><strong>Jungtiere: <\/strong>ern\u00e4hren sich vorwiegend von Insekten wie Heimchen, Grillen und kleine Frostm\u00e4use f\u00fcttern. F\u00fctterung alle 5-7 T<span style=\"font-size: 16px; font-style: normal; font-weight: 400;\">\u00a0<\/span><span style=\"font-size: 16px;\">age<\/span><br \/>\n<strong>Semiadulte Tiere:<\/strong> alle 7-14 Tage<br \/>\n<strong>Adulter Tiere:<\/strong>\u00a0 alle 2-4 Wochen<br \/>\n<strong>F\u00fctterung:<\/strong> haupts\u00e4chlich Frostm\u00e4use, aber auch K\u00fccken, Hamster, Fische, Fr\u00f6sche, kleinere Echsen. Die Futtertiere sollten dabei etwa so gro\u00df wie der Durchmesser der Schlange sein.<br \/>\nDie\u00a0Kornnatter aus dem Terrarium nehmen,\u00a0 in eine kleine Schachtel geben, diese in den Schatten stellen und f\u00fcttern.<\/p>\n<h3>Haltung &amp; Terrarium Einrichtung:<\/h3>\n<p><strong>Terrarium Typ:<\/strong> Waldterrarium<br \/>\n<strong>Mindestgr\u00f6\u00dfe Terrarium: <\/strong>(gesetzl.) mindestens 150x 60 x 70cm, f\u00fcr ein bis zwei Kornnattern<br \/>\n<strong>Beleuchtung: <\/strong>Eine UVB-Lampe ist wichtig, um die Vitamin-D3-Synthese zu f\u00f6rdern.<br \/>\n<strong>Beleuchtungszeit: <\/strong>8-12 Stunden pro Tag, um einen nat\u00fcrlichen Tag-Nacht-Rhythmus zu simulieren.<br \/>\n<strong>Temperatur: <\/strong>tags\u00fcber 25-30\u00b0C, punktuell bis 35\u00b0C, nachts ca. 20 \u00b0C<br \/>\n<strong>Luftfeuchtigkeit:<\/strong> zwischen 40-60%<\/p>\n<h3>Einrichtung Terrarium:<\/h3>\n<p>Kornnattern halten sich meistens auf dem Boden auf, sind aber auch sehr gute Kletterer und Schwimmer. Wichtig sind gen\u00fcgend Versteckm\u00f6glichkeiten, die mit Korkr\u00f6hren, Wurzeln, Steine, \u00c4ste und Bepflanzung erm\u00f6glicht werden. Auch ben\u00f6tigen sie eine <strong>Wetbox mit leicht feuchten Substrat,<\/strong> damit die H\u00e4utung reibungslos funktioniert und Eier abgelegt werden k\u00f6nnen. Mehrere Ebenen hergestellt aus, Kork\u00e4sten, Lianen, Taue, als auch einer 3D-R\u00fcckwand erweitern das Territorium der Kornnatter. Pantherophis guttatus ben\u00f6tigt eine <strong>gr\u00f6\u00dfere Wasserschale<\/strong>, um zu trinken und ab und an zu baden. <strong>T\u00e4glicher Wasserwechsel.<\/strong><br \/>\n<strong>Bodengrund:<\/strong> Als Bodengrund eignet sich Kokoshumus, feiner Rindenmulch und spezielle Terrarienerde.<br \/>\n<strong>Pflanzen:<\/strong> bepflanzt werden kann das Terrarium it Efeutute, Philodendron, Purpurtute, Katzentgras, Tillandsien, Neoregelia (Bromelien), Callisia, Gr\u00fcnlilie, Monstera, Ficus Benjaminia (Birkenfeige), Ficus Pumila (Kletterfeige,), Dracaena (Drachenbaum) als auch Davallia (Hasenpfotenfarn) und Elefantenfu\u00df.<\/p>\n<h3>Sozialverhalten \/Lebensweise:<\/h3>\n<p>Pantherophis guttatus ist d\u00e4mmerungs-, und nachtaktiv.<br \/>\n<strong>Geschlechtsunterscheidung:<\/strong> Die Geschlechtsunterscheidung bei Kornnattern erfolgt anhand der Schwanzl\u00e4nge und -form. Weibchen haben in der Regel einen k\u00fcrzeren und dickeren Schwanz als M\u00e4nnchen.<br \/>\n<strong>Eiablage<\/strong><em>:<\/em> Weibliche Kornnattern legen ihre Eier in selbstgegrabenen Verstecken ab. Die Eiablage kann mehrmals im Jahr erfolgen.<\/p>\n<p><strong>Wichtig:<\/strong> Kornnattern sind Einzelg\u00e4nger und sollten nicht gemeinsam gehalten werden, um Stress und Verletzungen zu vermeiden.<br \/>\n<strong>Winterruhe:<\/strong> In menschlicher Obhut ist die Einleitung einer Winterruhe nicht zwingend notwendig, kann aber die Gesundheit der Tiere f\u00f6rdern. Die Temperatur sollte dabei auf etwa 10 Grad Celsius reduziert werden. Die Winterruhe dauert ungef\u00e4hr 2 1\/2 -3 Monate lang. In dieser Zeit erfolgt keine Nahrungsaufnahme, weiterhin aber frisches Wasser anbieten.<br \/>\n<strong>Vorsicht: <\/strong>Bei Jungtieren (unter einem Jahr alt) keine Winterruhe einleiten, da die Tiere noch zu klein und schwach sind.<br \/>\n<strong>Empfehlung: <\/strong>Wetbox, gro\u00dfe flache Wasserschale, UVB-Lampe, Lianen, Korkr\u00f6hre, Kork\u00e4ste<\/p>\n<div class=\"h-36 md:h-48 flex-shrink-0\"><\/div>\n<p><iframe title=\"YouTube video player\" src=\"https:\/\/www.youtube-nocookie.com\/embed\/SYv0JhXU-LQ\" width=\"560\" height=\"315\" frameborder=\"0\" allowfullscreen=\"allowfullscreen\"><\/iframe><\/p>\n","protected":false},"excerpt":{"rendered":"<p>Allgemeines: Die Kornnatter (Pantherophis guttatus) ist eine ungiftige W\u00fcrgeschlange.\u00a0 Aufgrund ihrer F\u00e4rbung und Musterung erfreut sie sich gro\u00dfer Beliebtheit in der Terraristik. Kornnatter sind f\u00fcr Beginner als auch erfahrene Schlangenhalter geeignet. Die Haltung ist unkompliziert. Name: Pantherophis guttatus (Kornnatter). Der Name leitet sich von &#8220;corn&#8221; (engl. Mais) ab, da die Tiere gerne in\u00a0 Maisfeldern auf &hellip;<\/p>\n<p class=\"read-more\"> <a class=\"\" href=\"https:\/\/www.zooaustria.com\/zooaustria\/terraristik\/kornnatter-kaufen-haltung\/\"> <span class=\"screen-reader-text\">&#x1f40d;Kornnatter-Pantherophis guttatus<\/span> Weiterlesen &raquo;<\/a><\/p>\n","protected":false},"featured_media":2543,"template":"","meta":{"site-sidebar-layout":"default","site-content-layout":"default","ast-global-header-display":"","ast-banner-title-visibility":"","ast-main-header-display":"","ast-hfb-above-header-display":"","ast-hfb-below-header-display":"","ast-hfb-mobile-header-display":"","site-post-title":"","ast-breadcrumbs-content":"","ast-featured-img":"","footer-sml-layout":"","theme-transparent-header-meta":"default","adv-header-id-meta":"","stick-header-meta":"","header-above-stick-meta":"","header-main-stick-meta":"","header-below-stick-meta":""},"product_cat":[101,118],"product_tag":[],"yoast_head":"<!-- This site is optimized with the Yoast SEO plugin v21.1 - https:\/\/yoast.com\/wordpress\/plugins\/seo\/ -->\n<title>Kornnatter Kaufen-Haltung: Terraristik Shop \u00d6sterreich - Wien<\/title>\n<meta name=\"description\" content=\"Bei uns erh\u00e4ltlich: Kornnattern in verschiedenen Farben und Zeichnung. Pantherophis guttatus ist f\u00fcr Anf\u00e4nger geeignet und pflegeleicht. Schau vorbei:)\" \/>\n<meta name=\"robots\" content=\"index, follow, max-snippet:-1, max-image-preview:large, max-video-preview:-1\" \/>\n<link rel=\"canonical\" href=\"https:\/\/www.zooaustria.com\/zooaustria\/terraristik\/kornnatter-kaufen-haltung\/\" \/>\n<meta property=\"og:locale\" content=\"de_DE\" \/>\n<meta property=\"og:type\" content=\"article\" \/>\n<meta property=\"og:title\" content=\"Kornnatter Kaufen-Haltung: Terraristik Shop \u00d6sterreich - Wien\" \/>\n<meta property=\"og:description\" content=\"Bei uns erh\u00e4ltlich: Kornnattern in verschiedenen Farben und Zeichnung. Pantherophis guttatus ist f\u00fcr Anf\u00e4nger geeignet und pflegeleicht. Schau vorbei:)\" \/>\n<meta property=\"og:url\" content=\"https:\/\/www.zooaustria.com\/zooaustria\/terraristik\/kornnatter-kaufen-haltung\/\" \/>\n<meta property=\"og:site_name\" content=\"Zoo Austria - Ihr Profi f\u00fcr Terraristik\" \/>\n<meta property=\"article:modified_time\" content=\"2024-03-13T22:35:30+00:00\" \/>\n<meta property=\"og:image\" content=\"https:\/\/www.zooaustria.com\/zooaustria\/wp-content\/uploads\/2022\/12\/verschiedene-Kornnattern-scaled.jpg\" \/>\n\t<meta property=\"og:image:width\" content=\"2560\" \/>\n\t<meta property=\"og:image:height\" content=\"1702\" \/>\n\t<meta property=\"og:image:type\" content=\"image\/jpeg\" \/>\n<meta name=\"twitter:card\" content=\"summary_large_image\" \/>\n<meta name=\"twitter:label1\" content=\"Gesch\u00e4tzte Lesezeit\" \/>\n\t<meta name=\"twitter:data1\" content=\"3\u00a0Minuten\" \/>\n<script type=\"application\/ld+json\" class=\"yoast-schema-graph\">{\"@context\":\"https:\/\/schema.org\",\"@graph\":[{\"@type\":\"WebPage\",\"@id\":\"https:\/\/www.zooaustria.com\/zooaustria\/terraristik\/kornnatter-kaufen-haltung\/\",\"url\":\"https:\/\/www.zooaustria.com\/zooaustria\/terraristik\/kornnatter-kaufen-haltung\/\",\"name\":\"Kornnatter Kaufen-Haltung: Terraristik Shop \u00d6sterreich - Wien\",\"isPartOf\":{\"@id\":\"https:\/\/www.zooaustria.com\/zooaustria\/#website\"},\"datePublished\":\"2023-03-11T21:39:11+00:00\",\"dateModified\":\"2024-03-13T22:35:30+00:00\",\"description\":\"Bei uns erh\u00e4ltlich: Kornnattern in verschiedenen Farben und Zeichnung. Pantherophis guttatus ist f\u00fcr Anf\u00e4nger geeignet und pflegeleicht. Schau vorbei:)\",\"breadcrumb\":{\"@id\":\"https:\/\/www.zooaustria.com\/zooaustria\/terraristik\/kornnatter-kaufen-haltung\/#breadcrumb\"},\"inLanguage\":\"de\",\"potentialAction\":[{\"@type\":\"ReadAction\",\"target\":[\"https:\/\/www.zooaustria.com\/zooaustria\/terraristik\/kornnatter-kaufen-haltung\/\"]}]},{\"@type\":\"BreadcrumbList\",\"@id\":\"https:\/\/www.zooaustria.com\/zooaustria\/terraristik\/kornnatter-kaufen-haltung\/#breadcrumb\",\"itemListElement\":[{\"@type\":\"ListItem\",\"position\":1,\"name\":\"Startseite\",\"item\":\"https:\/\/www.zooaustria.com\/zooaustria\/\"},{\"@type\":\"ListItem\",\"position\":2,\"name\":\"Terraristik\",\"item\":\"https:\/\/www.zooaustria.com\/zooaustria\/terraristik-haltung-kauf\/\"},{\"@type\":\"ListItem\",\"position\":3,\"name\":\"&#x1f40d;Kornnatter-Pantherophis guttatus\"}]},{\"@type\":\"WebSite\",\"@id\":\"https:\/\/www.zooaustria.com\/zooaustria\/#website\",\"url\":\"https:\/\/www.zooaustria.com\/zooaustria\/\",\"name\":\"Zoo Austria - Ihr Profi f\u00fcr Terraristik\",\"description\":\"Terraristikshop\",\"publisher\":{\"@id\":\"https:\/\/www.zooaustria.com\/zooaustria\/#organization\"},\"potentialAction\":[{\"@type\":\"SearchAction\",\"target\":{\"@type\":\"EntryPoint\",\"urlTemplate\":\"https:\/\/www.zooaustria.com\/zooaustria\/?s={search_term_string}\"},\"query-input\":\"required name=search_term_string\"}],\"inLanguage\":\"de\"},{\"@type\":\"Organization\",\"@id\":\"https:\/\/www.zooaustria.com\/zooaustria\/#organization\",\"name\":\"Zoo Austria - Ihr Profi f\u00fcr Terraristik\",\"url\":\"https:\/\/www.zooaustria.com\/zooaustria\/\",\"logo\":{\"@type\":\"ImageObject\",\"inLanguage\":\"de\",\"@id\":\"https:\/\/www.zooaustria.com\/zooaustria\/#\/schema\/logo\/image\/\",\"url\":\"https:\/\/www.zooaustria.com\/zooaustria\/wp-content\/uploads\/2023\/11\/cropped-cropped-ZooAustria-Ihr_Profi_fuer_Terraristik-2-2.jpg\",\"contentUrl\":\"https:\/\/www.zooaustria.com\/zooaustria\/wp-content\/uploads\/2023\/11\/cropped-cropped-ZooAustria-Ihr_Profi_fuer_Terraristik-2-2.jpg\",\"width\":1846,\"height\":1796,\"caption\":\"Zoo Austria - Ihr Profi f\u00fcr Terraristik\"},\"image\":{\"@id\":\"https:\/\/www.zooaustria.com\/zooaustria\/#\/schema\/logo\/image\/\"}}]}<\/script>\n<!-- \/ Yoast SEO plugin. -->","yoast_head_json":{"title":"Kornnatter Kaufen-Haltung: Terraristik Shop \u00d6sterreich - Wien","description":"Bei uns erh\u00e4ltlich: Kornnattern in verschiedenen Farben und Zeichnung. Pantherophis guttatus ist f\u00fcr Anf\u00e4nger geeignet und pflegeleicht. Schau vorbei:)","robots":{"index":"index","follow":"follow","max-snippet":"max-snippet:-1","max-image-preview":"max-image-preview:large","max-video-preview":"max-video-preview:-1"},"canonical":"https:\/\/www.zooaustria.com\/zooaustria\/terraristik\/kornnatter-kaufen-haltung\/","og_locale":"de_DE","og_type":"article","og_title":"Kornnatter Kaufen-Haltung: Terraristik Shop \u00d6sterreich - Wien","og_description":"Bei uns erh\u00e4ltlich: Kornnattern in verschiedenen Farben und Zeichnung. Pantherophis guttatus ist f\u00fcr Anf\u00e4nger geeignet und pflegeleicht. Schau vorbei:)","og_url":"https:\/\/www.zooaustria.com\/zooaustria\/terraristik\/kornnatter-kaufen-haltung\/","og_site_name":"Zoo Austria - Ihr Profi f\u00fcr Terraristik","article_modified_time":"2024-03-13T22:35:30+00:00","og_image":[{"width":2560,"height":1702,"url":"https:\/\/www.zooaustria.com\/zooaustria\/wp-content\/uploads\/2022\/12\/verschiedene-Kornnattern-scaled.jpg","type":"image\/jpeg"}],"twitter_card":"summary_large_image","twitter_misc":{"Gesch\u00e4tzte Lesezeit":"3\u00a0Minuten"},"schema":{"@context":"https:\/\/schema.org","@graph":[{"@type":"WebPage","@id":"https:\/\/www.zooaustria.com\/zooaustria\/terraristik\/kornnatter-kaufen-haltung\/","url":"https:\/\/www.zooaustria.com\/zooaustria\/terraristik\/kornnatter-kaufen-haltung\/","name":"Kornnatter Kaufen-Haltung: Terraristik Shop \u00d6sterreich - Wien","isPartOf":{"@id":"https:\/\/www.zooaustria.com\/zooaustria\/#website"},"datePublished":"2023-03-11T21:39:11+00:00","dateModified":"2024-03-13T22:35:30+00:00","description":"Bei uns erh\u00e4ltlich: Kornnattern in verschiedenen Farben und Zeichnung. Pantherophis guttatus ist f\u00fcr Anf\u00e4nger geeignet und pflegeleicht. Schau vorbei:)","breadcrumb":{"@id":"https:\/\/www.zooaustria.com\/zooaustria\/terraristik\/kornnatter-kaufen-haltung\/#breadcrumb"},"inLanguage":"de","potentialAction":[{"@type":"ReadAction","target":["https:\/\/www.zooaustria.com\/zooaustria\/terraristik\/kornnatter-kaufen-haltung\/"]}]},{"@type":"BreadcrumbList","@id":"https:\/\/www.zooaustria.com\/zooaustria\/terraristik\/kornnatter-kaufen-haltung\/#breadcrumb","itemListElement":[{"@type":"ListItem","position":1,"name":"Startseite","item":"https:\/\/www.zooaustria.com\/zooaustria\/"},{"@type":"ListItem","position":2,"name":"Terraristik","item":"https:\/\/www.zooaustria.com\/zooaustria\/terraristik-haltung-kauf\/"},{"@type":"ListItem","position":3,"name":"&#x1f40d;Kornnatter-Pantherophis guttatus"}]},{"@type":"WebSite","@id":"https:\/\/www.zooaustria.com\/zooaustria\/#website","url":"https:\/\/www.zooaustria.com\/zooaustria\/","name":"Zoo Austria - Ihr Profi f\u00fcr Terraristik","description":"Terraristikshop","publisher":{"@id":"https:\/\/www.zooaustria.com\/zooaustria\/#organization"},"potentialAction":[{"@type":"SearchAction","target":{"@type":"EntryPoint","urlTemplate":"https:\/\/www.zooaustria.com\/zooaustria\/?s={search_term_string}"},"query-input":"required name=search_term_string"}],"inLanguage":"de"},{"@type":"Organization","@id":"https:\/\/www.zooaustria.com\/zooaustria\/#organization","name":"Zoo Austria - Ihr Profi f\u00fcr Terraristik","url":"https:\/\/www.zooaustria.com\/zooaustria\/","logo":{"@type":"ImageObject","inLanguage":"de","@id":"https:\/\/www.zooaustria.com\/zooaustria\/#\/schema\/logo\/image\/","url":"https:\/\/www.zooaustria.com\/zooaustria\/wp-content\/uploads\/2023\/11\/cropped-cropped-ZooAustria-Ihr_Profi_fuer_Terraristik-2-2.jpg","contentUrl":"https:\/\/www.zooaustria.com\/zooaustria\/wp-content\/uploads\/2023\/11\/cropped-cropped-ZooAustria-Ihr_Profi_fuer_Terraristik-2-2.jpg","width":1846,"height":1796,"caption":"Zoo Austria - Ihr Profi f\u00fcr Terraristik"},"image":{"@id":"https:\/\/www.zooaustria.com\/zooaustria\/#\/schema\/logo\/image\/"}}]}},"_links":{"self":[{"href":"https:\/\/www.zooaustria.com\/zooaustria\/wp-json\/wp\/v2\/product\/2084"}],"collection":[{"href":"https:\/\/www.zooaustria.com\/zooaustria\/wp-json\/wp\/v2\/product"}],"about":[{"href":"https:\/\/www.zooaustria.com\/zooaustria\/wp-json\/wp\/v2\/types\/product"}],"wp:featuredmedia":[{"embeddable":true,"href":"https:\/\/www.zooaustria.com\/zooaustria\/wp-json\/wp\/v2\/media\/2543"}],"wp:attachment":[{"href":"https:\/\/www.zooaustria.com\/zooaustria\/wp-json\/wp\/v2\/media?parent=2084"}],"wp:term":[{"taxonomy":"product_cat","embeddable":true,"href":"https:\/\/www.zooaustria.com\/zooaustria\/wp-json\/wp\/v2\/product_cat?post=2084"},{"taxonomy":"product_tag","embeddable":true,"href":"https:\/\/www.zooaustria.com\/zooaustria\/wp-json\/wp\/v2\/product_tag?post=2084"}],"curies":[{"name":"wp","href":"https:\/\/api.w.org\/{rel}","templated":true}]}}