{"id":2306,"date":"2022-12-30T15:45:21","date_gmt":"2022-12-30T14:45:21","guid":{"rendered":"https:\/\/www.zooaustria.com\/zooaustria\/?post_type=product&#038;p=2306"},"modified":"2024-03-20T22:09:10","modified_gmt":"2024-03-20T21:09:10","slug":"blauer-pfeilgiftfrosch-dendrobates-azureus-haltung-kauf","status":"publish","type":"product","link":"https:\/\/www.zooaustria.com\/zooaustria\/terraristik\/blauer-pfeilgiftfrosch-dendrobates-azureus-haltung-kauf\/","title":{"rendered":"&#x1f438;Dendrobates azureus &#8211; Blauer Pfeilgiftfrosch"},"content":{"rendered":"<h2>Haltung blauer Pfeilgiftfrosch:<\/h2>\n<p><strong>Allgemeines<\/strong>: Der blaue Pfeilgiftfrosch (Dendrobates azureus)\u00a0 f\u00e4llt durch seine intensive azurblaue F\u00e4rbung mit schwarzen Flecken auf. Jedes Tier ist einzigartig und hat eine andere Zeichnung.<\/p>\n<p><strong>Infos Gift Pfeilgiftfrosch:<\/strong> Der Name klingt gef\u00e4hrlich, aber die Nachzuchten der tropischen Fr\u00f6sche produzieren sehr wenig Gift und <span style=\"color: #008000;\"><strong>sind f\u00fcr den Menschen ungef\u00e4hrlich, es sei denn, das Gift gelangt direkt in die Blutbahn<\/strong>.<\/span><\/p>\n<p>Dendrobaten stellen das Gift aus der Nahrung her, wie Ameisen, K\u00e4fer, Termiten, Tausendf\u00fc\u00dfer uvm., die es in ihrer nat\u00fcrlichen Umgebung gibt. In der Terraristik werden gez\u00fcchtete Insekten verf\u00fcttert, so sinkt der Gifthaushalt auf ein absolutes Minimum. F\u00fcr die Fr\u00f6sche ist das Gift ein Schutz gegen bestimmte Krankheitserreger, wie Bakterien und Pilze. Die intensiv blaue F\u00e4rbung soll dagegen Fressfeinde abhalten. <span style=\"color: #008000;\"><strong>Dendrobates azureus sind f\u00fcr Terraristik Einsteiger geeignet.<\/strong><\/span><\/p>\n<p><strong>Name<\/strong>: Dendrobates tinctorius azureus, Dendrobates azureus, Okopipi, F\u00e4rberfrosch, blauer Baumsteiger<br \/>\n<strong>Herkunft und Vorkommen:<\/strong> L\u00e4nderdreieck Surinam, Franz\u00f6sisch-Guayana und Grenze zu Brasilien. Er lebt im Regenwald entlang von B\u00e4chen und Fl\u00fcssen in der Laubschicht.<br \/>\n<strong>Gr\u00f6\u00dfe<\/strong>: 4-6cm<br \/>\n<strong>Alter<\/strong>: 15-20 Jahre<br \/>\n<strong>Meldepflicht<\/strong>: ja (alle Amphibien in \u00d6sterreich)<br \/>\n<strong>Herkunftsnachweis:<\/strong> ja<\/p>\n<h2>Futter\/Nahrung:<\/h2>\n<p><strong>Insektenfresser<\/strong>: Drosophila (Fruchtfliegen), Erbsenblattl\u00e4use, Mikroheimchen, Ofenfische, Springschw\u00e4nze, tropische wei\u00dfe Asseln, kleine Grillen, Bohnenk\u00e4fer, Wachsmaden, Die Futterinsekten 1-2x die Woche mit einem Vitamin-Mineralpr\u00e4parat best\u00e4uben.<br \/>\n<strong>Jungtiere<\/strong>: F\u00fctterung t\u00e4glich<br \/>\n<strong>Adulte Tiere:<\/strong> F\u00fctterung alle 2-3 Tage<\/p>\n<h2>Haltung &amp; Terrarium Einrichtung:<\/h2>\n<p><strong>Terrarium Typ:<\/strong> Regenwalterrarium, Paludarium (Aquarium\/Terrarium)<br \/>\n<strong>Mindestgr\u00f6\u00dfe Terrarium:<\/strong> 50x50x50cm (paarweise)<br \/>\n<strong>Beleuchtung:<\/strong> UVB-Leuchte, Grundbeleuchtung LED-Spot, Heizkabel, verschiedene Klimazonen einrichten.<br \/>\n<strong>Beleuchtungszeit:<\/strong> 12-14 Stunden<br \/>\n<strong>Temperatur:<\/strong> tags\u00fcber 24-28C\u00b0, nachts 20-22 C\u00b0<br \/>\n<strong>Luftfeuchtigkeit:<\/strong> tags\u00fcber 70-90%, nachts 100%<\/p>\n<h3>Einrichtung Terrarium<\/h3>\n<p>Der blaue Pfeilgiftfrosch ist ein Bodenbewohner, der gerne klettert. Die Fr\u00f6sche ben\u00f6tigen viele R\u00fcckzugs-und Versteckm\u00f6glichkeiten. Die Seitenw\u00e4nde sollten sich nicht reflektieren bzw. verdeckt werden. Wurzeln, Pflanzen, Steine und H\u00f6hlen, wie Kokosnussschalen, Tont\u00f6pfe, Korkr\u00f6hren, Korkst\u00fccke uvm. Ein Wasseranteil ist unbedingt notwendig, ob mit Wasserschale oder Paludarium (kleiner Bach, Wasserfall mit Wassergraben).<br \/>\n<strong>Bodengrund:<\/strong> unterste Schicht Bl\u00e4hton als Drainageschicht, Flies, Terrarienerde, Laub und Moos (sterilisiert). Der Bodengrund sollte nicht zu nass sein.<br \/>\n<strong>Pflanzen:<\/strong> Bromelien (Vriesea, Guzmania) Tillandsien, Orchideen, Erdbromelien (Cryptanthus), Fittonia, Farne, Rankenpflanzen, Karnivoren (Vorsicht bei Jungtieren), Philodendron, Monstera uvm.<\/p>\n<h2>Sozialverhalten \/Lebensweise<\/h2>\n<p>Dendrobates azureus zeigt sich gerne tags\u00fcber und l\u00e4sst sich gut beobachten. Er sollte paarweise oder in einer\u00a0 Kleingruppe, ein M\u00e4nnchen mehrere Weibchen, gehalten werden. Die m\u00e4nnlichen Pfeilgiftfr\u00f6sche sind territorial und es kann zu Revierk\u00e4mpfen kommen. Aber auch Weibchen k\u00f6nnen miteinander in Konflikt geraten. Daher ist eine paarweise Haltung die beste Option, oder ein entsprechend gro\u00dfes Terrarium.<\/p>\n<p><strong>Geschlechtsunterscheidung:<\/strong> Weibchen (bis 6cm) werden gr\u00f6\u00dfer als M\u00e4nnchen (bis 4cm), die Weibchen wirken etwas runder. W\u00e4hrend der Balzzeit singen die M\u00e4nnchen und die Zehenspitzen sind bei den m\u00e4nnlichen Fr\u00f6schen breiter als bei den weiblichen Tieren.<br \/>\n<iframe title=\"YouTube video player\" src=\"https:\/\/www.youtube-nocookie.com\/embed\/eVR5oywXRik?start=11\" width=\"560\" height=\"315\" frameborder=\"0\" allowfullscreen=\"allowfullscreen\"><\/iframe><br \/>\n<strong>Eiablage:<\/strong> Im Alter von 11-12 Monaten wird Dendrobates azureus geschlechtsreif. F\u00fcr die Eiablage eignen sich Filmdosen, Legeh\u00e4user, oder eine habe Kokosnussschale mit einer Petrischale darin. Die Fr\u00f6sche haben eine sehr ausgepr\u00e4gte Brutpflege. Sind die Eier geschl\u00fcpft, nimmt das M\u00e4nnchen die einzelnen Quappen auf den R\u00fccken, und bringt sie zum Wasser. Die Weibchen werden vom M\u00e4nnchen animiert, N\u00e4hreier zu legen. Die Quappen werden so mit Nahrung versorgt. Am besten ist es die Quappen zu vereinzeln, da sie kannibalisch veranlagt sind.<br \/>\nDa es zu Kreuzungen kommen kann, ist es besser verschiedene Dendrobatesarten nicht zu vergesellschaften.<\/p>\n<h2>Wichtig:<\/h2>\n<p>Wegen der hohenLuftfeuchtigkeit ist eine gute Bel\u00fcftung und Sauberkeit sehr wichtig. Futterreste und Kot t\u00e4glich entfernen. Vorsicht bei Wiesenplankton (frei gefangen Insekten) da dieses die Giftwirkung der Tiere erh\u00f6hen kann und oft pestizidbelastet sind. Der Wasseranteil muss regelm\u00e4\u00dfig erneut werden und mindestesn 2-3 mal am Tag spr\u00fchen, damit eine hohe Luftfeuchtigkeit gew\u00e4hrleistet ist.<br \/>\n<strong>Empfehlung:<\/strong> Wasserschale, Beregnungsanlage, H\u00f6hlen, Moos, Bromelien<\/p>\n","protected":false},"excerpt":{"rendered":"<p>Haltung blauer Pfeilgiftfrosch: Allgemeines: Der blaue Pfeilgiftfrosch (Dendrobates azureus)\u00a0 f\u00e4llt durch seine intensive azurblaue F\u00e4rbung mit schwarzen Flecken auf. Jedes Tier ist einzigartig und hat eine andere Zeichnung. Infos Gift Pfeilgiftfrosch: Der Name klingt gef\u00e4hrlich, aber die Nachzuchten der tropischen Fr\u00f6sche produzieren sehr wenig Gift und sind f\u00fcr den Menschen ungef\u00e4hrlich, es sei denn, das &hellip;<\/p>\n<p class=\"read-more\"> <a class=\"\" href=\"https:\/\/www.zooaustria.com\/zooaustria\/terraristik\/blauer-pfeilgiftfrosch-dendrobates-azureus-haltung-kauf\/\"> <span class=\"screen-reader-text\">&#x1f438;Dendrobates azureus &#8211; Blauer Pfeilgiftfrosch<\/span> Weiterlesen &raquo;<\/a><\/p>\n","protected":false},"featured_media":2398,"template":"","meta":{"site-sidebar-layout":"default","site-content-layout":"default","ast-global-header-display":"","ast-banner-title-visibility":"","ast-main-header-display":"","ast-hfb-above-header-display":"","ast-hfb-below-header-display":"","ast-hfb-mobile-header-display":"","site-post-title":"","ast-breadcrumbs-content":"","ast-featured-img":"","footer-sml-layout":"","theme-transparent-header-meta":"default","adv-header-id-meta":"","stick-header-meta":"","header-above-stick-meta":"","header-main-stick-meta":"","header-below-stick-meta":""},"product_cat":[102,66],"product_tag":[],"yoast_head":"<!-- This site is optimized with the Yoast SEO plugin v21.1 - https:\/\/yoast.com\/wordpress\/plugins\/seo\/ -->\n<title>&#x1f438;Dendrobates azureus - Blauer Pfeilgiftfrosch - Terraristik Shop<\/title>\n<meta name=\"description\" content=\"Der blaue Pfleilgiftfrosch ist tagatkiv und sehr gut f\u00fcr Terraristik Einsteiger geeignet. Verschiedene Pfeilgiftfr\u00f6sche sind bei Zoo Austria erh\u00e4ltlich.\" \/>\n<meta name=\"robots\" content=\"index, follow, max-snippet:-1, max-image-preview:large, max-video-preview:-1\" \/>\n<link rel=\"canonical\" href=\"https:\/\/www.zooaustria.com\/zooaustria\/terraristik\/blauer-pfeilgiftfrosch-dendrobates-azureus-haltung-kauf\/\" \/>\n<meta property=\"og:locale\" content=\"de_DE\" \/>\n<meta property=\"og:type\" content=\"article\" \/>\n<meta property=\"og:title\" content=\"&#x1f438;Dendrobates azureus - Blauer Pfeilgiftfrosch - Terraristik Shop\" \/>\n<meta property=\"og:description\" content=\"Der blaue Pfleilgiftfrosch ist tagatkiv und sehr gut f\u00fcr Terraristik Einsteiger geeignet. Verschiedene Pfeilgiftfr\u00f6sche sind bei Zoo Austria erh\u00e4ltlich.\" \/>\n<meta property=\"og:url\" content=\"https:\/\/www.zooaustria.com\/zooaustria\/terraristik\/blauer-pfeilgiftfrosch-dendrobates-azureus-haltung-kauf\/\" \/>\n<meta property=\"og:site_name\" content=\"Zoo Austria - Ihr Profi f\u00fcr Terraristik\" \/>\n<meta property=\"article:modified_time\" content=\"2024-03-20T21:09:10+00:00\" \/>\n<meta property=\"og:image\" content=\"https:\/\/www.zooaustria.com\/zooaustria\/wp-content\/uploads\/2022\/12\/Baumsteiger.webp\" \/>\n\t<meta property=\"og:image:width\" content=\"743\" \/>\n\t<meta property=\"og:image:height\" content=\"494\" \/>\n\t<meta property=\"og:image:type\" content=\"image\/webp\" \/>\n<meta name=\"twitter:card\" content=\"summary_large_image\" \/>\n<meta name=\"twitter:label1\" content=\"Gesch\u00e4tzte Lesezeit\" \/>\n\t<meta name=\"twitter:data1\" content=\"4\u00a0Minuten\" \/>\n<script type=\"application\/ld+json\" class=\"yoast-schema-graph\">{\"@context\":\"https:\/\/schema.org\",\"@graph\":[{\"@type\":\"WebPage\",\"@id\":\"https:\/\/www.zooaustria.com\/zooaustria\/terraristik\/blauer-pfeilgiftfrosch-dendrobates-azureus-haltung-kauf\/\",\"url\":\"https:\/\/www.zooaustria.com\/zooaustria\/terraristik\/blauer-pfeilgiftfrosch-dendrobates-azureus-haltung-kauf\/\",\"name\":\"&#x1f438;Dendrobates azureus - Blauer Pfeilgiftfrosch - Terraristik Shop\",\"isPartOf\":{\"@id\":\"https:\/\/www.zooaustria.com\/zooaustria\/#website\"},\"datePublished\":\"2022-12-30T14:45:21+00:00\",\"dateModified\":\"2024-03-20T21:09:10+00:00\",\"description\":\"Der blaue Pfleilgiftfrosch ist tagatkiv und sehr gut f\u00fcr Terraristik Einsteiger geeignet. Verschiedene Pfeilgiftfr\u00f6sche sind bei Zoo Austria erh\u00e4ltlich.\",\"breadcrumb\":{\"@id\":\"https:\/\/www.zooaustria.com\/zooaustria\/terraristik\/blauer-pfeilgiftfrosch-dendrobates-azureus-haltung-kauf\/#breadcrumb\"},\"inLanguage\":\"de\",\"potentialAction\":[{\"@type\":\"ReadAction\",\"target\":[\"https:\/\/www.zooaustria.com\/zooaustria\/terraristik\/blauer-pfeilgiftfrosch-dendrobates-azureus-haltung-kauf\/\"]}]},{\"@type\":\"BreadcrumbList\",\"@id\":\"https:\/\/www.zooaustria.com\/zooaustria\/terraristik\/blauer-pfeilgiftfrosch-dendrobates-azureus-haltung-kauf\/#breadcrumb\",\"itemListElement\":[{\"@type\":\"ListItem\",\"position\":1,\"name\":\"Startseite\",\"item\":\"https:\/\/www.zooaustria.com\/zooaustria\/\"},{\"@type\":\"ListItem\",\"position\":2,\"name\":\"Terraristik\",\"item\":\"https:\/\/www.zooaustria.com\/zooaustria\/terraristik-haltung-kauf\/\"},{\"@type\":\"ListItem\",\"position\":3,\"name\":\"&#x1f438;Dendrobates azureus &#8211; Blauer Pfeilgiftfrosch\"}]},{\"@type\":\"WebSite\",\"@id\":\"https:\/\/www.zooaustria.com\/zooaustria\/#website\",\"url\":\"https:\/\/www.zooaustria.com\/zooaustria\/\",\"name\":\"Zoo Austria - Ihr Profi f\u00fcr Terraristik\",\"description\":\"Terraristikshop\",\"publisher\":{\"@id\":\"https:\/\/www.zooaustria.com\/zooaustria\/#organization\"},\"potentialAction\":[{\"@type\":\"SearchAction\",\"target\":{\"@type\":\"EntryPoint\",\"urlTemplate\":\"https:\/\/www.zooaustria.com\/zooaustria\/?s={search_term_string}\"},\"query-input\":\"required name=search_term_string\"}],\"inLanguage\":\"de\"},{\"@type\":\"Organization\",\"@id\":\"https:\/\/www.zooaustria.com\/zooaustria\/#organization\",\"name\":\"Zoo Austria - Ihr Profi f\u00fcr Terraristik\",\"url\":\"https:\/\/www.zooaustria.com\/zooaustria\/\",\"logo\":{\"@type\":\"ImageObject\",\"inLanguage\":\"de\",\"@id\":\"https:\/\/www.zooaustria.com\/zooaustria\/#\/schema\/logo\/image\/\",\"url\":\"https:\/\/www.zooaustria.com\/zooaustria\/wp-content\/uploads\/2023\/11\/cropped-cropped-ZooAustria-Ihr_Profi_fuer_Terraristik-2-2.jpg\",\"contentUrl\":\"https:\/\/www.zooaustria.com\/zooaustria\/wp-content\/uploads\/2023\/11\/cropped-cropped-ZooAustria-Ihr_Profi_fuer_Terraristik-2-2.jpg\",\"width\":1846,\"height\":1796,\"caption\":\"Zoo Austria - Ihr Profi f\u00fcr Terraristik\"},\"image\":{\"@id\":\"https:\/\/www.zooaustria.com\/zooaustria\/#\/schema\/logo\/image\/\"}}]}<\/script>\n<!-- \/ Yoast SEO plugin. -->","yoast_head_json":{"title":"&#x1f438;Dendrobates azureus - Blauer Pfeilgiftfrosch - Terraristik Shop","description":"Der blaue Pfleilgiftfrosch ist tagatkiv und sehr gut f\u00fcr Terraristik Einsteiger geeignet. Verschiedene Pfeilgiftfr\u00f6sche sind bei Zoo Austria erh\u00e4ltlich.","robots":{"index":"index","follow":"follow","max-snippet":"max-snippet:-1","max-image-preview":"max-image-preview:large","max-video-preview":"max-video-preview:-1"},"canonical":"https:\/\/www.zooaustria.com\/zooaustria\/terraristik\/blauer-pfeilgiftfrosch-dendrobates-azureus-haltung-kauf\/","og_locale":"de_DE","og_type":"article","og_title":"&#x1f438;Dendrobates azureus - Blauer Pfeilgiftfrosch - Terraristik Shop","og_description":"Der blaue Pfleilgiftfrosch ist tagatkiv und sehr gut f\u00fcr Terraristik Einsteiger geeignet. Verschiedene Pfeilgiftfr\u00f6sche sind bei Zoo Austria erh\u00e4ltlich.","og_url":"https:\/\/www.zooaustria.com\/zooaustria\/terraristik\/blauer-pfeilgiftfrosch-dendrobates-azureus-haltung-kauf\/","og_site_name":"Zoo Austria - Ihr Profi f\u00fcr Terraristik","article_modified_time":"2024-03-20T21:09:10+00:00","og_image":[{"width":743,"height":494,"url":"https:\/\/www.zooaustria.com\/zooaustria\/wp-content\/uploads\/2022\/12\/Baumsteiger.webp","type":"image\/webp"}],"twitter_card":"summary_large_image","twitter_misc":{"Gesch\u00e4tzte Lesezeit":"4\u00a0Minuten"},"schema":{"@context":"https:\/\/schema.org","@graph":[{"@type":"WebPage","@id":"https:\/\/www.zooaustria.com\/zooaustria\/terraristik\/blauer-pfeilgiftfrosch-dendrobates-azureus-haltung-kauf\/","url":"https:\/\/www.zooaustria.com\/zooaustria\/terraristik\/blauer-pfeilgiftfrosch-dendrobates-azureus-haltung-kauf\/","name":"&#x1f438;Dendrobates azureus - Blauer Pfeilgiftfrosch - Terraristik Shop","isPartOf":{"@id":"https:\/\/www.zooaustria.com\/zooaustria\/#website"},"datePublished":"2022-12-30T14:45:21+00:00","dateModified":"2024-03-20T21:09:10+00:00","description":"Der blaue Pfleilgiftfrosch ist tagatkiv und sehr gut f\u00fcr Terraristik Einsteiger geeignet. Verschiedene Pfeilgiftfr\u00f6sche sind bei Zoo Austria erh\u00e4ltlich.","breadcrumb":{"@id":"https:\/\/www.zooaustria.com\/zooaustria\/terraristik\/blauer-pfeilgiftfrosch-dendrobates-azureus-haltung-kauf\/#breadcrumb"},"inLanguage":"de","potentialAction":[{"@type":"ReadAction","target":["https:\/\/www.zooaustria.com\/zooaustria\/terraristik\/blauer-pfeilgiftfrosch-dendrobates-azureus-haltung-kauf\/"]}]},{"@type":"BreadcrumbList","@id":"https:\/\/www.zooaustria.com\/zooaustria\/terraristik\/blauer-pfeilgiftfrosch-dendrobates-azureus-haltung-kauf\/#breadcrumb","itemListElement":[{"@type":"ListItem","position":1,"name":"Startseite","item":"https:\/\/www.zooaustria.com\/zooaustria\/"},{"@type":"ListItem","position":2,"name":"Terraristik","item":"https:\/\/www.zooaustria.com\/zooaustria\/terraristik-haltung-kauf\/"},{"@type":"ListItem","position":3,"name":"&#x1f438;Dendrobates azureus &#8211; Blauer Pfeilgiftfrosch"}]},{"@type":"WebSite","@id":"https:\/\/www.zooaustria.com\/zooaustria\/#website","url":"https:\/\/www.zooaustria.com\/zooaustria\/","name":"Zoo Austria - Ihr Profi f\u00fcr Terraristik","description":"Terraristikshop","publisher":{"@id":"https:\/\/www.zooaustria.com\/zooaustria\/#organization"},"potentialAction":[{"@type":"SearchAction","target":{"@type":"EntryPoint","urlTemplate":"https:\/\/www.zooaustria.com\/zooaustria\/?s={search_term_string}"},"query-input":"required name=search_term_string"}],"inLanguage":"de"},{"@type":"Organization","@id":"https:\/\/www.zooaustria.com\/zooaustria\/#organization","name":"Zoo Austria - Ihr Profi f\u00fcr Terraristik","url":"https:\/\/www.zooaustria.com\/zooaustria\/","logo":{"@type":"ImageObject","inLanguage":"de","@id":"https:\/\/www.zooaustria.com\/zooaustria\/#\/schema\/logo\/image\/","url":"https:\/\/www.zooaustria.com\/zooaustria\/wp-content\/uploads\/2023\/11\/cropped-cropped-ZooAustria-Ihr_Profi_fuer_Terraristik-2-2.jpg","contentUrl":"https:\/\/www.zooaustria.com\/zooaustria\/wp-content\/uploads\/2023\/11\/cropped-cropped-ZooAustria-Ihr_Profi_fuer_Terraristik-2-2.jpg","width":1846,"height":1796,"caption":"Zoo Austria - Ihr Profi f\u00fcr Terraristik"},"image":{"@id":"https:\/\/www.zooaustria.com\/zooaustria\/#\/schema\/logo\/image\/"}}]}},"_links":{"self":[{"href":"https:\/\/www.zooaustria.com\/zooaustria\/wp-json\/wp\/v2\/product\/2306"}],"collection":[{"href":"https:\/\/www.zooaustria.com\/zooaustria\/wp-json\/wp\/v2\/product"}],"about":[{"href":"https:\/\/www.zooaustria.com\/zooaustria\/wp-json\/wp\/v2\/types\/product"}],"wp:featuredmedia":[{"embeddable":true,"href":"https:\/\/www.zooaustria.com\/zooaustria\/wp-json\/wp\/v2\/media\/2398"}],"wp:attachment":[{"href":"https:\/\/www.zooaustria.com\/zooaustria\/wp-json\/wp\/v2\/media?parent=2306"}],"wp:term":[{"taxonomy":"product_cat","embeddable":true,"href":"https:\/\/www.zooaustria.com\/zooaustria\/wp-json\/wp\/v2\/product_cat?post=2306"},{"taxonomy":"product_tag","embeddable":true,"href":"https:\/\/www.zooaustria.com\/zooaustria\/wp-json\/wp\/v2\/product_tag?post=2306"}],"curies":[{"name":"wp","href":"https:\/\/api.w.org\/{rel}","templated":true}]}}