{"id":2333,"date":"2023-06-09T01:00:22","date_gmt":"2023-06-08T23:00:22","guid":{"rendered":"https:\/\/www.zooaustria.com\/zooaustria\/?post_type=product&#038;p=2333"},"modified":"2024-02-04T23:51:18","modified_gmt":"2024-02-04T22:51:18","slug":"zwergwuestengecko-stenodactylus-sthenodactylus-haltung-kaufen","status":"publish","type":"product","link":"https:\/\/www.zooaustria.com\/zooaustria\/terraristik\/zwergwuestengecko-stenodactylus-sthenodactylus-haltung-kaufen\/","title":{"rendered":"D\u00fcnnfingergecko-Stenodactylus Sthenodactylus"},"content":{"rendered":"<p>Name: Lichtensteins D\u00fcnnfingergecko<\/p>\n<p>Haltungsbericht folgt demn\u00e4chst<br \/>\n<iframe title=\"YouTube video player\" src=\"https:\/\/www.youtube-nocookie.com\/embed\/xM-2d_vESVQ\" width=\"560\" height=\"315\" frameborder=\"0\" allowfullscreen=\"allowfullscreen\"><\/iframe><\/p>\n","protected":false},"excerpt":{"rendered":"<p>Name: Lichtensteins D\u00fcnnfingergecko Haltungsbericht folgt demn\u00e4chst<\/p>\n","protected":false},"featured_media":2336,"template":"","meta":{"site-sidebar-layout":"default","site-content-layout":"default","ast-global-header-display":"","ast-banner-title-visibility":"","ast-main-header-display":"","ast-hfb-above-header-display":"","ast-hfb-below-header-display":"","ast-hfb-mobile-header-display":"","site-post-title":"","ast-breadcrumbs-content":"","ast-featured-img":"","footer-sml-layout":"","theme-transparent-header-meta":"default","adv-header-id-meta":"","stick-header-meta":"","header-above-stick-meta":"","header-main-stick-meta":"","header-below-stick-meta":""},"product_cat":[59,101],"product_tag":[],"yoast_head":"<!-- This site is optimized with the Yoast SEO plugin v21.1 - https:\/\/yoast.com\/wordpress\/plugins\/seo\/ -->\n<title>Zwergw\u00fcstengecko Stenodactylus Sthenodactylus Haltung-kaufen<\/title>\n<meta name=\"description\" content=\"Diese Zwergw\u00fcstengeckos werden maximal 10 cm gro\u00df uns sind einfach zu haltende Pfleglinge. Bei uns sind Nachzuchten erh\u00e4ltlich. Terraristikshop Wien\" \/>\n<meta name=\"robots\" content=\"index, follow, max-snippet:-1, max-image-preview:large, max-video-preview:-1\" \/>\n<link rel=\"canonical\" href=\"https:\/\/www.zooaustria.com\/zooaustria\/terraristik\/zwergwuestengecko-stenodactylus-sthenodactylus-haltung-kaufen\/\" \/>\n<meta property=\"og:locale\" content=\"de_DE\" \/>\n<meta property=\"og:type\" content=\"article\" \/>\n<meta property=\"og:title\" content=\"Zwergw\u00fcstengecko Stenodactylus Sthenodactylus Haltung-kaufen\" \/>\n<meta property=\"og:description\" content=\"Diese Zwergw\u00fcstengeckos werden maximal 10 cm gro\u00df uns sind einfach zu haltende Pfleglinge. Bei uns sind Nachzuchten erh\u00e4ltlich. Terraristikshop Wien\" \/>\n<meta property=\"og:url\" content=\"https:\/\/www.zooaustria.com\/zooaustria\/terraristik\/zwergwuestengecko-stenodactylus-sthenodactylus-haltung-kaufen\/\" \/>\n<meta property=\"og:site_name\" content=\"Zoo Austria - Ihr Profi f\u00fcr Terraristik\" \/>\n<meta property=\"article:modified_time\" content=\"2024-02-04T22:51:18+00:00\" \/>\n<meta property=\"og:image\" content=\"https:\/\/www.zooaustria.com\/zooaustria\/wp-content\/uploads\/2022\/12\/Stenodactylus_Gecko.webp\" \/>\n\t<meta property=\"og:image:width\" content=\"743\" \/>\n\t<meta property=\"og:image:height\" content=\"494\" \/>\n\t<meta property=\"og:image:type\" content=\"image\/webp\" \/>\n<meta name=\"twitter:card\" content=\"summary_large_image\" \/>\n<meta name=\"twitter:label1\" content=\"Gesch\u00e4tzte Lesezeit\" \/>\n\t<meta name=\"twitter:data1\" content=\"1\u00a0Minute\" \/>\n<script type=\"application\/ld+json\" class=\"yoast-schema-graph\">{\"@context\":\"https:\/\/schema.org\",\"@graph\":[{\"@type\":\"WebPage\",\"@id\":\"https:\/\/www.zooaustria.com\/zooaustria\/terraristik\/zwergwuestengecko-stenodactylus-sthenodactylus-haltung-kaufen\/\",\"url\":\"https:\/\/www.zooaustria.com\/zooaustria\/terraristik\/zwergwuestengecko-stenodactylus-sthenodactylus-haltung-kaufen\/\",\"name\":\"Zwergw\u00fcstengecko Stenodactylus Sthenodactylus Haltung-kaufen\",\"isPartOf\":{\"@id\":\"https:\/\/www.zooaustria.com\/zooaustria\/#website\"},\"datePublished\":\"2023-06-08T23:00:22+00:00\",\"dateModified\":\"2024-02-04T22:51:18+00:00\",\"description\":\"Diese Zwergw\u00fcstengeckos werden maximal 10 cm gro\u00df uns sind einfach zu haltende Pfleglinge. Bei uns sind Nachzuchten erh\u00e4ltlich. Terraristikshop Wien\",\"breadcrumb\":{\"@id\":\"https:\/\/www.zooaustria.com\/zooaustria\/terraristik\/zwergwuestengecko-stenodactylus-sthenodactylus-haltung-kaufen\/#breadcrumb\"},\"inLanguage\":\"de\",\"potentialAction\":[{\"@type\":\"ReadAction\",\"target\":[\"https:\/\/www.zooaustria.com\/zooaustria\/terraristik\/zwergwuestengecko-stenodactylus-sthenodactylus-haltung-kaufen\/\"]}]},{\"@type\":\"BreadcrumbList\",\"@id\":\"https:\/\/www.zooaustria.com\/zooaustria\/terraristik\/zwergwuestengecko-stenodactylus-sthenodactylus-haltung-kaufen\/#breadcrumb\",\"itemListElement\":[{\"@type\":\"ListItem\",\"position\":1,\"name\":\"Startseite\",\"item\":\"https:\/\/www.zooaustria.com\/zooaustria\/\"},{\"@type\":\"ListItem\",\"position\":2,\"name\":\"Terraristik\",\"item\":\"https:\/\/www.zooaustria.com\/zooaustria\/terraristik-haltung-kauf\/\"},{\"@type\":\"ListItem\",\"position\":3,\"name\":\"D\u00fcnnfingergecko-Stenodactylus Sthenodactylus\"}]},{\"@type\":\"WebSite\",\"@id\":\"https:\/\/www.zooaustria.com\/zooaustria\/#website\",\"url\":\"https:\/\/www.zooaustria.com\/zooaustria\/\",\"name\":\"Zoo Austria - Ihr Profi f\u00fcr Terraristik\",\"description\":\"Terraristikshop\",\"publisher\":{\"@id\":\"https:\/\/www.zooaustria.com\/zooaustria\/#organization\"},\"potentialAction\":[{\"@type\":\"SearchAction\",\"target\":{\"@type\":\"EntryPoint\",\"urlTemplate\":\"https:\/\/www.zooaustria.com\/zooaustria\/?s={search_term_string}\"},\"query-input\":\"required name=search_term_string\"}],\"inLanguage\":\"de\"},{\"@type\":\"Organization\",\"@id\":\"https:\/\/www.zooaustria.com\/zooaustria\/#organization\",\"name\":\"Zoo Austria - Ihr Profi f\u00fcr Terraristik\",\"url\":\"https:\/\/www.zooaustria.com\/zooaustria\/\",\"logo\":{\"@type\":\"ImageObject\",\"inLanguage\":\"de\",\"@id\":\"https:\/\/www.zooaustria.com\/zooaustria\/#\/schema\/logo\/image\/\",\"url\":\"https:\/\/www.zooaustria.com\/zooaustria\/wp-content\/uploads\/2023\/11\/cropped-cropped-ZooAustria-Ihr_Profi_fuer_Terraristik-2-2.jpg\",\"contentUrl\":\"https:\/\/www.zooaustria.com\/zooaustria\/wp-content\/uploads\/2023\/11\/cropped-cropped-ZooAustria-Ihr_Profi_fuer_Terraristik-2-2.jpg\",\"width\":1846,\"height\":1796,\"caption\":\"Zoo Austria - Ihr Profi f\u00fcr Terraristik\"},\"image\":{\"@id\":\"https:\/\/www.zooaustria.com\/zooaustria\/#\/schema\/logo\/image\/\"}}]}<\/script>\n<!-- \/ Yoast SEO plugin. -->","yoast_head_json":{"title":"Zwergw\u00fcstengecko Stenodactylus Sthenodactylus Haltung-kaufen","description":"Diese Zwergw\u00fcstengeckos werden maximal 10 cm gro\u00df uns sind einfach zu haltende Pfleglinge. Bei uns sind Nachzuchten erh\u00e4ltlich. Terraristikshop Wien","robots":{"index":"index","follow":"follow","max-snippet":"max-snippet:-1","max-image-preview":"max-image-preview:large","max-video-preview":"max-video-preview:-1"},"canonical":"https:\/\/www.zooaustria.com\/zooaustria\/terraristik\/zwergwuestengecko-stenodactylus-sthenodactylus-haltung-kaufen\/","og_locale":"de_DE","og_type":"article","og_title":"Zwergw\u00fcstengecko Stenodactylus Sthenodactylus Haltung-kaufen","og_description":"Diese Zwergw\u00fcstengeckos werden maximal 10 cm gro\u00df uns sind einfach zu haltende Pfleglinge. Bei uns sind Nachzuchten erh\u00e4ltlich. Terraristikshop Wien","og_url":"https:\/\/www.zooaustria.com\/zooaustria\/terraristik\/zwergwuestengecko-stenodactylus-sthenodactylus-haltung-kaufen\/","og_site_name":"Zoo Austria - Ihr Profi f\u00fcr Terraristik","article_modified_time":"2024-02-04T22:51:18+00:00","og_image":[{"width":743,"height":494,"url":"https:\/\/www.zooaustria.com\/zooaustria\/wp-content\/uploads\/2022\/12\/Stenodactylus_Gecko.webp","type":"image\/webp"}],"twitter_card":"summary_large_image","twitter_misc":{"Gesch\u00e4tzte Lesezeit":"1\u00a0Minute"},"schema":{"@context":"https:\/\/schema.org","@graph":[{"@type":"WebPage","@id":"https:\/\/www.zooaustria.com\/zooaustria\/terraristik\/zwergwuestengecko-stenodactylus-sthenodactylus-haltung-kaufen\/","url":"https:\/\/www.zooaustria.com\/zooaustria\/terraristik\/zwergwuestengecko-stenodactylus-sthenodactylus-haltung-kaufen\/","name":"Zwergw\u00fcstengecko Stenodactylus Sthenodactylus Haltung-kaufen","isPartOf":{"@id":"https:\/\/www.zooaustria.com\/zooaustria\/#website"},"datePublished":"2023-06-08T23:00:22+00:00","dateModified":"2024-02-04T22:51:18+00:00","description":"Diese Zwergw\u00fcstengeckos werden maximal 10 cm gro\u00df uns sind einfach zu haltende Pfleglinge. Bei uns sind Nachzuchten erh\u00e4ltlich. Terraristikshop Wien","breadcrumb":{"@id":"https:\/\/www.zooaustria.com\/zooaustria\/terraristik\/zwergwuestengecko-stenodactylus-sthenodactylus-haltung-kaufen\/#breadcrumb"},"inLanguage":"de","potentialAction":[{"@type":"ReadAction","target":["https:\/\/www.zooaustria.com\/zooaustria\/terraristik\/zwergwuestengecko-stenodactylus-sthenodactylus-haltung-kaufen\/"]}]},{"@type":"BreadcrumbList","@id":"https:\/\/www.zooaustria.com\/zooaustria\/terraristik\/zwergwuestengecko-stenodactylus-sthenodactylus-haltung-kaufen\/#breadcrumb","itemListElement":[{"@type":"ListItem","position":1,"name":"Startseite","item":"https:\/\/www.zooaustria.com\/zooaustria\/"},{"@type":"ListItem","position":2,"name":"Terraristik","item":"https:\/\/www.zooaustria.com\/zooaustria\/terraristik-haltung-kauf\/"},{"@type":"ListItem","position":3,"name":"D\u00fcnnfingergecko-Stenodactylus Sthenodactylus"}]},{"@type":"WebSite","@id":"https:\/\/www.zooaustria.com\/zooaustria\/#website","url":"https:\/\/www.zooaustria.com\/zooaustria\/","name":"Zoo Austria - Ihr Profi f\u00fcr Terraristik","description":"Terraristikshop","publisher":{"@id":"https:\/\/www.zooaustria.com\/zooaustria\/#organization"},"potentialAction":[{"@type":"SearchAction","target":{"@type":"EntryPoint","urlTemplate":"https:\/\/www.zooaustria.com\/zooaustria\/?s={search_term_string}"},"query-input":"required name=search_term_string"}],"inLanguage":"de"},{"@type":"Organization","@id":"https:\/\/www.zooaustria.com\/zooaustria\/#organization","name":"Zoo Austria - Ihr Profi f\u00fcr Terraristik","url":"https:\/\/www.zooaustria.com\/zooaustria\/","logo":{"@type":"ImageObject","inLanguage":"de","@id":"https:\/\/www.zooaustria.com\/zooaustria\/#\/schema\/logo\/image\/","url":"https:\/\/www.zooaustria.com\/zooaustria\/wp-content\/uploads\/2023\/11\/cropped-cropped-ZooAustria-Ihr_Profi_fuer_Terraristik-2-2.jpg","contentUrl":"https:\/\/www.zooaustria.com\/zooaustria\/wp-content\/uploads\/2023\/11\/cropped-cropped-ZooAustria-Ihr_Profi_fuer_Terraristik-2-2.jpg","width":1846,"height":1796,"caption":"Zoo Austria - Ihr Profi f\u00fcr Terraristik"},"image":{"@id":"https:\/\/www.zooaustria.com\/zooaustria\/#\/schema\/logo\/image\/"}}]}},"_links":{"self":[{"href":"https:\/\/www.zooaustria.com\/zooaustria\/wp-json\/wp\/v2\/product\/2333"}],"collection":[{"href":"https:\/\/www.zooaustria.com\/zooaustria\/wp-json\/wp\/v2\/product"}],"about":[{"href":"https:\/\/www.zooaustria.com\/zooaustria\/wp-json\/wp\/v2\/types\/product"}],"wp:featuredmedia":[{"embeddable":true,"href":"https:\/\/www.zooaustria.com\/zooaustria\/wp-json\/wp\/v2\/media\/2336"}],"wp:attachment":[{"href":"https:\/\/www.zooaustria.com\/zooaustria\/wp-json\/wp\/v2\/media?parent=2333"}],"wp:term":[{"taxonomy":"product_cat","embeddable":true,"href":"https:\/\/www.zooaustria.com\/zooaustria\/wp-json\/wp\/v2\/product_cat?post=2333"},{"taxonomy":"product_tag","embeddable":true,"href":"https:\/\/www.zooaustria.com\/zooaustria\/wp-json\/wp\/v2\/product_tag?post=2333"}],"curies":[{"name":"wp","href":"https:\/\/api.w.org\/{rel}","templated":true}]}}