{"id":2547,"date":"2023-03-23T21:59:10","date_gmt":"2023-03-23T20:59:10","guid":{"rendered":"https:\/\/www.zooaustria.com\/zooaustria\/?post_type=product&#038;p=2547"},"modified":"2024-02-04T23:52:20","modified_gmt":"2024-02-04T22:52:20","slug":"porcellio-laevis-panda-asseln-kaufen-haltung","status":"publish","type":"product","link":"https:\/\/www.zooaustria.com\/zooaustria\/terraristik\/porcellio-laevis-panda-asseln-kaufen-haltung\/","title":{"rendered":"Panda Asseln-Porcellio laevis"},"content":{"rendered":"<h2>Haltung :<\/h2>\n<p style=\"font-size: 16px; font-style: normal; font-weight: 400;\"><strong>Allgemeines:<\/strong> Panda Asseln Porcellio laevis sind sehr gut f\u00fcr Einsteiger in der Asselhaltung geeignet. Die tagaktiven Asseln lassen sich gut beobachten und einfach halten. Sie eignen sich als:<\/p>\n<ul>\n<li style=\"list-style-type: none;\">\n<ul style=\"font-size: 16px;\">\n<li style=\"font-size: 16px;\">Bodenpolizei f\u00fcr das Terrarium<\/li>\n<li style=\"font-size: 16px;\">Kaliziumquelle und F\u00f6rderung des Jagdinstinkts f\u00fcr Reptilien und Amphibien<\/li>\n<li style=\"font-size: 16px;\">Haustiere f\u00fcr Kinder als auch Erwachsene<\/li>\n<\/ul>\n<\/li>\n<\/ul>\n<p><iframe title=\"YouTube video player\" src=\"https:\/\/www.youtube-nocookie.com\/embed\/2GCPvts9SsM\" width=\"560\" height=\"315\" frameborder=\"0\" allowfullscreen=\"allowfullscreen\"><\/iframe><\/p>\n<p>Als Putztrupp im Terrarium leisten sie ganze Arbeit.\u00a0 Sie vermehren sich einfach und eignen sich als zus\u00e4tzliches Futtertier f\u00fcr verschiedene Terrarientiere, wie bspw. Leopardgeckos, Axolotl, Fr\u00f6sche, Schildkr\u00f6ten und Spinnen.<\/p>\n<p><span style=\"color: #008000;\"><strong>Bei uns bekommst du Zuchtans\u00e4tze mit je 25 Tieren in einer Box.<\/strong><\/span><\/p>\n<p><strong>Name<\/strong>: Porcellio laevis, Panda Asseln, Dalmatiner Assel, Glatt-Assel, diary cow isopods<br \/>\n<strong>Herkunft und Vorkommen: <\/strong>Mittel-, S\u00fcd-, und Westeuropa, inzwischen weltweit<br \/>\n<strong>Gr\u00f6\u00dfe<\/strong>: 2-2,5cm<br \/>\n<strong>Alter<\/strong>: ca.2 Jahre<\/p>\n<h2>Futter\/Nahrung:<\/h2>\n<p><strong>Laub<\/strong> (bspw. Buche, Haselnuss, Eiche, Erle, Birke), <strong>wei\u00dffaules Holz<\/strong>, Laubwaldhumus (als Zelluloseersatz geht auch Eierkarton)<br \/>\n<strong>Gem\u00fcse<\/strong>: Zucchini, K\u00fcrbis, Karotte, Paprika, S\u00fc\u00dfkartoffel, Gurke etc.<\/p>\n<p>Werden die Asseln an Reptilien, Amphibien oder Spinnen verf\u00fcttert, sollte auf Bio-Qualit\u00e4t der Lebensmittel geachtet werden bzw. unbedingt das Gem\u00fcse vorher gr\u00fcndlich waschen.<br \/>\nZus\u00e4tzlich fressen\u00a0 Panda Asseln sehr gerne Haferflocken, Erbsenflocken, verschiedene Gr\u00e4ser und Bl\u00fcten bspw. Brennnessel, L\u00f6wenzahn, Ringelblume, Kamille uvm. (auch getrocknet).<br \/>\n<strong>Als Kalzium und Proteine <\/strong>sind m\u00f6glich: Sepiaschale, zerkleinerte Eierschalen, Algenkalk. Gammarus, getrocknete Insekten, Fischflockenfutter, getrocknete Shrimps<\/p>\n<h2>Haltung &amp; Terrarium Einrichtung:<\/h2>\n<p><strong>Terrarium Typ:<\/strong> Wald-, und Tropenterrarium<br \/>\n<strong>Mindestgr\u00f6\u00dfe Terrarium:<\/strong> 30x20cm (25 -100Tiere) wird dem Bestand angepasst, kommen mit sehr wenig Platz aus.<br \/>\n<strong>Beleuchtung: <\/strong>nicht n\u00f6tig<br \/>\n<strong>Temperatur: <\/strong>18-26\u00b0C (Haltung bei Zimmertemperatur)<br \/>\n<strong>Luftfeuchtigkeit: <\/strong>50-85%. Sie sind in vielen Terrarienarten einsetzbar. In einem Trockenterrarium ben\u00f6tigen die Pandasseln eine Schale mit feuchten Substrat, wo sie sich zur\u00fcck ziehen k\u00f6nnen.<\/p>\n<h3>Einrichtung Terrarium<\/h3>\n<p>Kork-und Rindenst\u00fccke, Eierkarton, halbe Kokosnuss als Verstecke anbieten.<br \/>\n<strong>Bodengrund:<\/strong> Terrarienerde, Waldlaubhumus (mind. 2cm)<br \/>\n<strong>Pflanzen: <\/strong>Spaghnum Moos, Waldmoos, man kann verschiedene Sprossensamen wie Alfalfa, Kresse, oder Sonnenblumenkerne pflanzen<\/p>\n<h2>Sozialverhalten \/Lebensweise<\/h2>\n<p><span style=\"font-size: 16px; font-style: normal; font-weight: 400;\">Die Krebstiere sind tagaktiv und untereinander sehr gesellig. Sie lassen sich gut mit allen Terrarienbewohnern vergesellschaften, auch Schnecken, Mantiden, K\u00e4fer und Tausendf\u00fc\u00dfer.\u00a0<\/span><br \/>\n<strong>Vermehrung: <\/strong>Panda Asseln sind nach 7-8 Monaten ausgewachsen. Sie k\u00f6nnen bereits vorher Nachwuchs zeugen. Nach der Paarung bildet das Weibchen einen Brutbeutel, indem bis zu 70 Eier gebildet werden. Nach 40-60 Tagen kommt es zum Schlupf.<\/p>\n<h3>Wichtig:<\/h3>\n<p>Bei Porcellio Laevis ist auf ausreichend Luftfeuchtigkeit und eine Kalziumquelle zu achten. Asseln h\u00e4uten sich regelm\u00e4\u00dfig, daher ist eine feuchte Ecke im Terrarium f\u00fcr alle Arten unbedingt notwendig.<br \/>\nFalls Asseln aus der Box oder Terrarium ausbrechen, kann es zu keiner unkontrollierten Vermehrung kommen, da sie einfach vertrocknen.<br \/>\n<strong>Empfehlung:<\/strong><br \/>\nZuchtansatz Springschw\u00e4nze, Sphagnum-, Waldmoos, Sepiaschale<\/p>\n","protected":false},"excerpt":{"rendered":"<p>Haltung : Allgemeines: Panda Asseln Porcellio laevis sind sehr gut f\u00fcr Einsteiger in der Asselhaltung geeignet. Die tagaktiven Asseln lassen sich gut beobachten und einfach halten. Sie eignen sich als: Bodenpolizei f\u00fcr das Terrarium Kaliziumquelle und F\u00f6rderung des Jagdinstinkts f\u00fcr Reptilien und Amphibien Haustiere f\u00fcr Kinder als auch Erwachsene Als Putztrupp im Terrarium leisten sie &hellip;<\/p>\n<p class=\"read-more\"> <a class=\"\" href=\"https:\/\/www.zooaustria.com\/zooaustria\/terraristik\/porcellio-laevis-panda-asseln-kaufen-haltung\/\"> <span class=\"screen-reader-text\">Panda Asseln-Porcellio laevis<\/span> Weiterlesen &raquo;<\/a><\/p>\n","protected":false},"featured_media":2553,"template":"","meta":{"site-sidebar-layout":"default","site-content-layout":"default","ast-global-header-display":"","ast-banner-title-visibility":"","ast-main-header-display":"","ast-hfb-above-header-display":"","ast-hfb-below-header-display":"","ast-hfb-mobile-header-display":"","site-post-title":"","ast-breadcrumbs-content":"","ast-featured-img":"","footer-sml-layout":"","theme-transparent-header-meta":"default","adv-header-id-meta":"","stick-header-meta":"","header-above-stick-meta":"","header-main-stick-meta":"","header-below-stick-meta":""},"product_cat":[121,106,103],"product_tag":[],"yoast_head":"<!-- This site is optimized with the Yoast SEO plugin v21.1 - https:\/\/yoast.com\/wordpress\/plugins\/seo\/ -->\n<title>Panda Asseln Kaufen-Haltung: Zoo Austria - Ihr Profi f\u00fcr Terraristik Terraristik Shop Wien<\/title>\n<meta name=\"description\" content=\"Porcellion laevis sind eine sehr gute Bodenpolizei und Kalziumquelle f\u00fcr Reptilien und Amphibien. Sie eignen sich auch als Haustiere;) Bei uns erh\u00e4ltlich!\" \/>\n<meta name=\"robots\" content=\"index, follow, max-snippet:-1, max-image-preview:large, max-video-preview:-1\" \/>\n<link rel=\"canonical\" href=\"https:\/\/www.zooaustria.com\/zooaustria\/terraristik\/porcellio-laevis-panda-asseln-kaufen-haltung\/\" \/>\n<meta property=\"og:locale\" content=\"de_DE\" \/>\n<meta property=\"og:type\" content=\"article\" \/>\n<meta property=\"og:title\" content=\"Panda Asseln Kaufen-Haltung: Zoo Austria - Ihr Profi f\u00fcr Terraristik Terraristik Shop Wien\" \/>\n<meta property=\"og:description\" content=\"Porcellion laevis sind eine sehr gute Bodenpolizei und Kalziumquelle f\u00fcr Reptilien und Amphibien. Sie eignen sich auch als Haustiere;) Bei uns erh\u00e4ltlich!\" \/>\n<meta property=\"og:url\" content=\"https:\/\/www.zooaustria.com\/zooaustria\/terraristik\/porcellio-laevis-panda-asseln-kaufen-haltung\/\" \/>\n<meta property=\"og:site_name\" content=\"Zoo Austria - Ihr Profi f\u00fcr Terraristik\" \/>\n<meta property=\"article:modified_time\" content=\"2024-02-04T22:52:20+00:00\" \/>\n<meta property=\"og:image\" content=\"https:\/\/www.zooaustria.com\/zooaustria\/wp-content\/uploads\/2023\/03\/01_Panda_Asseln.jpg\" \/>\n\t<meta property=\"og:image:width\" content=\"743\" \/>\n\t<meta property=\"og:image:height\" content=\"494\" \/>\n\t<meta property=\"og:image:type\" content=\"image\/jpeg\" \/>\n<meta name=\"twitter:card\" content=\"summary_large_image\" \/>\n<meta name=\"twitter:label1\" content=\"Gesch\u00e4tzte Lesezeit\" \/>\n\t<meta name=\"twitter:data1\" content=\"3\u00a0Minuten\" \/>\n<script type=\"application\/ld+json\" class=\"yoast-schema-graph\">{\"@context\":\"https:\/\/schema.org\",\"@graph\":[{\"@type\":\"WebPage\",\"@id\":\"https:\/\/www.zooaustria.com\/zooaustria\/terraristik\/porcellio-laevis-panda-asseln-kaufen-haltung\/\",\"url\":\"https:\/\/www.zooaustria.com\/zooaustria\/terraristik\/porcellio-laevis-panda-asseln-kaufen-haltung\/\",\"name\":\"Panda Asseln Kaufen-Haltung: Zoo Austria - Ihr Profi f\u00fcr Terraristik Terraristik Shop Wien\",\"isPartOf\":{\"@id\":\"https:\/\/www.zooaustria.com\/zooaustria\/#website\"},\"datePublished\":\"2023-03-23T20:59:10+00:00\",\"dateModified\":\"2024-02-04T22:52:20+00:00\",\"description\":\"Porcellion laevis sind eine sehr gute Bodenpolizei und Kalziumquelle f\u00fcr Reptilien und Amphibien. Sie eignen sich auch als Haustiere;) Bei uns erh\u00e4ltlich!\",\"breadcrumb\":{\"@id\":\"https:\/\/www.zooaustria.com\/zooaustria\/terraristik\/porcellio-laevis-panda-asseln-kaufen-haltung\/#breadcrumb\"},\"inLanguage\":\"de\",\"potentialAction\":[{\"@type\":\"ReadAction\",\"target\":[\"https:\/\/www.zooaustria.com\/zooaustria\/terraristik\/porcellio-laevis-panda-asseln-kaufen-haltung\/\"]}]},{\"@type\":\"BreadcrumbList\",\"@id\":\"https:\/\/www.zooaustria.com\/zooaustria\/terraristik\/porcellio-laevis-panda-asseln-kaufen-haltung\/#breadcrumb\",\"itemListElement\":[{\"@type\":\"ListItem\",\"position\":1,\"name\":\"Startseite\",\"item\":\"https:\/\/www.zooaustria.com\/zooaustria\/\"},{\"@type\":\"ListItem\",\"position\":2,\"name\":\"Terraristik\",\"item\":\"https:\/\/www.zooaustria.com\/zooaustria\/terraristik-haltung-kauf\/\"},{\"@type\":\"ListItem\",\"position\":3,\"name\":\"Panda Asseln-Porcellio laevis\"}]},{\"@type\":\"WebSite\",\"@id\":\"https:\/\/www.zooaustria.com\/zooaustria\/#website\",\"url\":\"https:\/\/www.zooaustria.com\/zooaustria\/\",\"name\":\"Zoo Austria - Ihr Profi f\u00fcr Terraristik\",\"description\":\"Terraristikshop\",\"publisher\":{\"@id\":\"https:\/\/www.zooaustria.com\/zooaustria\/#organization\"},\"potentialAction\":[{\"@type\":\"SearchAction\",\"target\":{\"@type\":\"EntryPoint\",\"urlTemplate\":\"https:\/\/www.zooaustria.com\/zooaustria\/?s={search_term_string}\"},\"query-input\":\"required name=search_term_string\"}],\"inLanguage\":\"de\"},{\"@type\":\"Organization\",\"@id\":\"https:\/\/www.zooaustria.com\/zooaustria\/#organization\",\"name\":\"Zoo Austria - Ihr Profi f\u00fcr Terraristik\",\"url\":\"https:\/\/www.zooaustria.com\/zooaustria\/\",\"logo\":{\"@type\":\"ImageObject\",\"inLanguage\":\"de\",\"@id\":\"https:\/\/www.zooaustria.com\/zooaustria\/#\/schema\/logo\/image\/\",\"url\":\"https:\/\/www.zooaustria.com\/zooaustria\/wp-content\/uploads\/2023\/11\/cropped-cropped-ZooAustria-Ihr_Profi_fuer_Terraristik-2-2.jpg\",\"contentUrl\":\"https:\/\/www.zooaustria.com\/zooaustria\/wp-content\/uploads\/2023\/11\/cropped-cropped-ZooAustria-Ihr_Profi_fuer_Terraristik-2-2.jpg\",\"width\":1846,\"height\":1796,\"caption\":\"Zoo Austria - Ihr Profi f\u00fcr Terraristik\"},\"image\":{\"@id\":\"https:\/\/www.zooaustria.com\/zooaustria\/#\/schema\/logo\/image\/\"}}]}<\/script>\n<!-- \/ Yoast SEO plugin. -->","yoast_head_json":{"title":"Panda Asseln Kaufen-Haltung: Zoo Austria - Ihr Profi f\u00fcr Terraristik Terraristik Shop Wien","description":"Porcellion laevis sind eine sehr gute Bodenpolizei und Kalziumquelle f\u00fcr Reptilien und Amphibien. Sie eignen sich auch als Haustiere;) Bei uns erh\u00e4ltlich!","robots":{"index":"index","follow":"follow","max-snippet":"max-snippet:-1","max-image-preview":"max-image-preview:large","max-video-preview":"max-video-preview:-1"},"canonical":"https:\/\/www.zooaustria.com\/zooaustria\/terraristik\/porcellio-laevis-panda-asseln-kaufen-haltung\/","og_locale":"de_DE","og_type":"article","og_title":"Panda Asseln Kaufen-Haltung: Zoo Austria - Ihr Profi f\u00fcr Terraristik Terraristik Shop Wien","og_description":"Porcellion laevis sind eine sehr gute Bodenpolizei und Kalziumquelle f\u00fcr Reptilien und Amphibien. Sie eignen sich auch als Haustiere;) Bei uns erh\u00e4ltlich!","og_url":"https:\/\/www.zooaustria.com\/zooaustria\/terraristik\/porcellio-laevis-panda-asseln-kaufen-haltung\/","og_site_name":"Zoo Austria - Ihr Profi f\u00fcr Terraristik","article_modified_time":"2024-02-04T22:52:20+00:00","og_image":[{"width":743,"height":494,"url":"https:\/\/www.zooaustria.com\/zooaustria\/wp-content\/uploads\/2023\/03\/01_Panda_Asseln.jpg","type":"image\/jpeg"}],"twitter_card":"summary_large_image","twitter_misc":{"Gesch\u00e4tzte Lesezeit":"3\u00a0Minuten"},"schema":{"@context":"https:\/\/schema.org","@graph":[{"@type":"WebPage","@id":"https:\/\/www.zooaustria.com\/zooaustria\/terraristik\/porcellio-laevis-panda-asseln-kaufen-haltung\/","url":"https:\/\/www.zooaustria.com\/zooaustria\/terraristik\/porcellio-laevis-panda-asseln-kaufen-haltung\/","name":"Panda Asseln Kaufen-Haltung: Zoo Austria - Ihr Profi f\u00fcr Terraristik Terraristik Shop Wien","isPartOf":{"@id":"https:\/\/www.zooaustria.com\/zooaustria\/#website"},"datePublished":"2023-03-23T20:59:10+00:00","dateModified":"2024-02-04T22:52:20+00:00","description":"Porcellion laevis sind eine sehr gute Bodenpolizei und Kalziumquelle f\u00fcr Reptilien und Amphibien. Sie eignen sich auch als Haustiere;) Bei uns erh\u00e4ltlich!","breadcrumb":{"@id":"https:\/\/www.zooaustria.com\/zooaustria\/terraristik\/porcellio-laevis-panda-asseln-kaufen-haltung\/#breadcrumb"},"inLanguage":"de","potentialAction":[{"@type":"ReadAction","target":["https:\/\/www.zooaustria.com\/zooaustria\/terraristik\/porcellio-laevis-panda-asseln-kaufen-haltung\/"]}]},{"@type":"BreadcrumbList","@id":"https:\/\/www.zooaustria.com\/zooaustria\/terraristik\/porcellio-laevis-panda-asseln-kaufen-haltung\/#breadcrumb","itemListElement":[{"@type":"ListItem","position":1,"name":"Startseite","item":"https:\/\/www.zooaustria.com\/zooaustria\/"},{"@type":"ListItem","position":2,"name":"Terraristik","item":"https:\/\/www.zooaustria.com\/zooaustria\/terraristik-haltung-kauf\/"},{"@type":"ListItem","position":3,"name":"Panda Asseln-Porcellio laevis"}]},{"@type":"WebSite","@id":"https:\/\/www.zooaustria.com\/zooaustria\/#website","url":"https:\/\/www.zooaustria.com\/zooaustria\/","name":"Zoo Austria - Ihr Profi f\u00fcr Terraristik","description":"Terraristikshop","publisher":{"@id":"https:\/\/www.zooaustria.com\/zooaustria\/#organization"},"potentialAction":[{"@type":"SearchAction","target":{"@type":"EntryPoint","urlTemplate":"https:\/\/www.zooaustria.com\/zooaustria\/?s={search_term_string}"},"query-input":"required name=search_term_string"}],"inLanguage":"de"},{"@type":"Organization","@id":"https:\/\/www.zooaustria.com\/zooaustria\/#organization","name":"Zoo Austria - Ihr Profi f\u00fcr Terraristik","url":"https:\/\/www.zooaustria.com\/zooaustria\/","logo":{"@type":"ImageObject","inLanguage":"de","@id":"https:\/\/www.zooaustria.com\/zooaustria\/#\/schema\/logo\/image\/","url":"https:\/\/www.zooaustria.com\/zooaustria\/wp-content\/uploads\/2023\/11\/cropped-cropped-ZooAustria-Ihr_Profi_fuer_Terraristik-2-2.jpg","contentUrl":"https:\/\/www.zooaustria.com\/zooaustria\/wp-content\/uploads\/2023\/11\/cropped-cropped-ZooAustria-Ihr_Profi_fuer_Terraristik-2-2.jpg","width":1846,"height":1796,"caption":"Zoo Austria - Ihr Profi f\u00fcr Terraristik"},"image":{"@id":"https:\/\/www.zooaustria.com\/zooaustria\/#\/schema\/logo\/image\/"}}]}},"_links":{"self":[{"href":"https:\/\/www.zooaustria.com\/zooaustria\/wp-json\/wp\/v2\/product\/2547"}],"collection":[{"href":"https:\/\/www.zooaustria.com\/zooaustria\/wp-json\/wp\/v2\/product"}],"about":[{"href":"https:\/\/www.zooaustria.com\/zooaustria\/wp-json\/wp\/v2\/types\/product"}],"wp:featuredmedia":[{"embeddable":true,"href":"https:\/\/www.zooaustria.com\/zooaustria\/wp-json\/wp\/v2\/media\/2553"}],"wp:attachment":[{"href":"https:\/\/www.zooaustria.com\/zooaustria\/wp-json\/wp\/v2\/media?parent=2547"}],"wp:term":[{"taxonomy":"product_cat","embeddable":true,"href":"https:\/\/www.zooaustria.com\/zooaustria\/wp-json\/wp\/v2\/product_cat?post=2547"},{"taxonomy":"product_tag","embeddable":true,"href":"https:\/\/www.zooaustria.com\/zooaustria\/wp-json\/wp\/v2\/product_tag?post=2547"}],"curies":[{"name":"wp","href":"https:\/\/api.w.org\/{rel}","templated":true}]}}