{"id":275,"date":"2017-03-22T18:23:36","date_gmt":"2017-03-22T17:23:36","guid":{"rendered":"http:\/\/www.derseelenhund.at\/zooaustria\/?post_type=product&#038;p=275"},"modified":"2022-12-10T19:53:34","modified_gmt":"2022-12-10T18:53:34","slug":"zwergguertelschweif-kaufen","status":"publish","type":"product","link":"https:\/\/www.zooaustria.com\/zooaustria\/terraristik\/zwergguertelschweif-kaufen\/","title":{"rendered":"Zwergg\u00fcrtelschweif"},"content":{"rendered":"<h2>Haltung Zwergg\u00fcrtelschweif:<\/h2>\n<p><strong>Name<\/strong>: Cordylus tropidosternum<br \/>\n<strong>Herkunft und Vorkommen<\/strong>: S\u00fcd-Ost-Afrika, Kenia, Demokratische Republik Kongo, Tansania, Malawi, Mosambik, Sambia, Simbabwe, in trockenen Busch- und Hochlandsavannen sowie K\u00fcstengebieten<br \/>\n<strong>Gr\u00f6\u00dfe<\/strong>: ca. 17-18cm (K\u00f6rperl\u00e4nge um 10cm)<br \/>\n<strong>Alter<\/strong>:\u00a0ca. 15-20 Jahre<br \/>\n<strong>Meldepflichtig<\/strong>: ja (alle Reptilien in \u00d6sterreich)<br \/>\n<strong>Artbestand<\/strong>: gesch\u00fctzt (Herkunftsnachweis)<\/p>\n<h3>Futter\/Nahrung:<\/h3>\n<p>Insekten wie W\u00fcsten- und Wanderheuschrecken, Heimchen, Mittelmeergrillen, Steppengrillen, Mehlw\u00fcrmer (auch die K\u00e4ferlarven), Fliegen,Wachsmaden. Vitamin- Mineralienpr\u00e4parat.<\/p>\n<h3>Haltung und Terrarium Einrichtung:<\/h3>\n<p><strong>Terrariumtyp<\/strong>: Trockenterrarium<br \/>\n<strong>Mindestgr\u00f6\u00dfe<\/strong> des Terrariums:\u00a0100x50x50cm<br \/>\n<strong>Beleuchtung<\/strong>: W\u00e4rmestrahler &amp; UV-B-Lampen, als Savannenbewohner ben\u00f6tigen die Tiere viel Licht um sich wohl zu f\u00fchlen, ideal eignen sich Bright Sun-Lampen<br \/>\n<strong>Temperatur<\/strong>:\u00a0tags\u00fcber\u00a025-35\u00b0C, punktuell bis zu 45\u00b0C, nachts\u00fcber 20-22\u00b0C<br \/>\n<strong>Luftfeuchtigkeit<\/strong>: tags\u00fcber 50-60%, nachts\u00fcber 60-70%<\/p>\n<h3>Einrichtung:<\/h3>\n<p>viele \u00c4ste und Steine\u00a0als Kletterm\u00f6glichkeit und Struktur,\u00a0Versteckm\u00f6glichkeit aus Korkr\u00f6hren, ideal ist auch eine R\u00fcckwand (Kork- oder 3D-Felsr\u00fcckwand),\u00a0eine\u00a0gro\u00dfe Wasserschale<br \/>\n<strong>Bodengrund<\/strong>: Terrariensand, Lehmsand<br \/>\n<strong>Pflanzen<\/strong>: ungiftige Lebendpflanzen (z.B. W\u00fcstengras, Sukkulenten, Agaven, Tillandsien)<\/p>\n<h3>Sozialverhalten\/Lebensweise:<\/h3>\n<p><strong>Sozialverhalten<\/strong>: Zwergg\u00fcrtelschweife sind tagaktiv. Die Tiere sind sehr sozial und sollten in Kleingruppen von 3, aber besser mehreren Tieren gehalten werden. Die M\u00e4nnchen sind untereinander vertr\u00e4glich.<br \/>\n<strong>Geschlechtsunterscheidung<\/strong>: die M\u00e4nnchen haben st\u00e4rker ausgepr\u00e4gte Femoralporen<\/p>\n<h3>Wichtig:<\/h3>\n<p><strong>Winterruhe<\/strong>:\u00a0 Zwerg-G\u00fcrtelschweife ben\u00f6tigen eine 4-5 monatige Winterruhe\u00a0bei ca. 20-24\u00b0C tags\u00fcber, 16-18\u00b0C nachts\u00fcber und einer Luftfeuchtigkeit von ca. 40-50%.<br \/>\nDie Tiere sind daf\u00fcr bekannt dass sie vor der H\u00e4utung gerne baden.<\/p>\n","protected":false},"excerpt":{"rendered":"<p>Zwergg\u00fcrtelschweif \/ Cordylus tropidosternum<\/p>\n","protected":false},"featured_media":57,"template":"","meta":{"site-sidebar-layout":"default","site-content-layout":"default","ast-global-header-display":"","ast-banner-title-visibility":"","ast-main-header-display":"","ast-hfb-above-header-display":"","ast-hfb-below-header-display":"","ast-hfb-mobile-header-display":"","site-post-title":"","ast-breadcrumbs-content":"","ast-featured-img":"","footer-sml-layout":"","theme-transparent-header-meta":"default","adv-header-id-meta":"","stick-header-meta":"","header-above-stick-meta":"","header-main-stick-meta":"","header-below-stick-meta":""},"product_cat":[113,101],"product_tag":[],"yoast_head":"<!-- This site is optimized with the Yoast SEO plugin v21.1 - https:\/\/yoast.com\/wordpress\/plugins\/seo\/ -->\n<title>Zwergg\u00fcrtelschweif kaufen - Zoo Austria - Ihr Profi f\u00fcr Terraristik Terraristik Shop<\/title>\n<meta name=\"description\" content=\"Cordylus tropidosternum k\u00f6nnen sehr gut in kleinen Gruppen gehalten werden, da die M\u00e4nnchen untereinander vertr\u00e4glich sind.\" \/>\n<meta name=\"robots\" content=\"index, follow, max-snippet:-1, max-image-preview:large, max-video-preview:-1\" \/>\n<link rel=\"canonical\" href=\"https:\/\/www.zooaustria.com\/zooaustria\/terraristik\/zwergguertelschweif-kaufen\/\" \/>\n<meta property=\"og:locale\" content=\"de_DE\" \/>\n<meta property=\"og:type\" content=\"article\" \/>\n<meta property=\"og:title\" content=\"Zwergg\u00fcrtelschweif kaufen - Zoo Austria - Ihr Profi f\u00fcr Terraristik Terraristik Shop\" \/>\n<meta property=\"og:description\" content=\"Cordylus tropidosternum k\u00f6nnen sehr gut in kleinen Gruppen gehalten werden, da die M\u00e4nnchen untereinander vertr\u00e4glich sind.\" \/>\n<meta property=\"og:url\" content=\"https:\/\/www.zooaustria.com\/zooaustria\/terraristik\/zwergguertelschweif-kaufen\/\" \/>\n<meta property=\"og:site_name\" content=\"Zoo Austria - Ihr Profi f\u00fcr Terraristik\" \/>\n<meta property=\"article:modified_time\" content=\"2022-12-10T18:53:34+00:00\" \/>\n<meta property=\"og:image\" content=\"https:\/\/www.zooaustria.com\/zooaustria\/wp-content\/uploads\/2016\/11\/cordylus-tropidosternum-zwerggrtelschweif-dsc_2093.jpg\" \/>\n\t<meta property=\"og:image:width\" content=\"743\" \/>\n\t<meta property=\"og:image:height\" content=\"494\" \/>\n\t<meta property=\"og:image:type\" content=\"image\/jpeg\" \/>\n<meta name=\"twitter:card\" content=\"summary_large_image\" \/>\n<meta name=\"twitter:label1\" content=\"Gesch\u00e4tzte Lesezeit\" \/>\n\t<meta name=\"twitter:data1\" content=\"2\u00a0Minuten\" \/>\n<script type=\"application\/ld+json\" class=\"yoast-schema-graph\">{\"@context\":\"https:\/\/schema.org\",\"@graph\":[{\"@type\":\"WebPage\",\"@id\":\"https:\/\/www.zooaustria.com\/zooaustria\/terraristik\/zwergguertelschweif-kaufen\/\",\"url\":\"https:\/\/www.zooaustria.com\/zooaustria\/terraristik\/zwergguertelschweif-kaufen\/\",\"name\":\"Zwergg\u00fcrtelschweif kaufen - Zoo Austria - Ihr Profi f\u00fcr Terraristik Terraristik Shop\",\"isPartOf\":{\"@id\":\"https:\/\/www.zooaustria.com\/zooaustria\/#website\"},\"datePublished\":\"2017-03-22T17:23:36+00:00\",\"dateModified\":\"2022-12-10T18:53:34+00:00\",\"description\":\"Cordylus tropidosternum k\u00f6nnen sehr gut in kleinen Gruppen gehalten werden, da die M\u00e4nnchen untereinander vertr\u00e4glich sind.\",\"breadcrumb\":{\"@id\":\"https:\/\/www.zooaustria.com\/zooaustria\/terraristik\/zwergguertelschweif-kaufen\/#breadcrumb\"},\"inLanguage\":\"de\",\"potentialAction\":[{\"@type\":\"ReadAction\",\"target\":[\"https:\/\/www.zooaustria.com\/zooaustria\/terraristik\/zwergguertelschweif-kaufen\/\"]}]},{\"@type\":\"BreadcrumbList\",\"@id\":\"https:\/\/www.zooaustria.com\/zooaustria\/terraristik\/zwergguertelschweif-kaufen\/#breadcrumb\",\"itemListElement\":[{\"@type\":\"ListItem\",\"position\":1,\"name\":\"Startseite\",\"item\":\"https:\/\/www.zooaustria.com\/zooaustria\/\"},{\"@type\":\"ListItem\",\"position\":2,\"name\":\"Terraristik\",\"item\":\"https:\/\/www.zooaustria.com\/zooaustria\/terraristik-haltung-kauf\/\"},{\"@type\":\"ListItem\",\"position\":3,\"name\":\"Zwergg\u00fcrtelschweif\"}]},{\"@type\":\"WebSite\",\"@id\":\"https:\/\/www.zooaustria.com\/zooaustria\/#website\",\"url\":\"https:\/\/www.zooaustria.com\/zooaustria\/\",\"name\":\"Zoo Austria - Ihr Profi f\u00fcr Terraristik\",\"description\":\"Terraristikshop\",\"publisher\":{\"@id\":\"https:\/\/www.zooaustria.com\/zooaustria\/#organization\"},\"potentialAction\":[{\"@type\":\"SearchAction\",\"target\":{\"@type\":\"EntryPoint\",\"urlTemplate\":\"https:\/\/www.zooaustria.com\/zooaustria\/?s={search_term_string}\"},\"query-input\":\"required name=search_term_string\"}],\"inLanguage\":\"de\"},{\"@type\":\"Organization\",\"@id\":\"https:\/\/www.zooaustria.com\/zooaustria\/#organization\",\"name\":\"Zoo Austria - Ihr Profi f\u00fcr Terraristik\",\"url\":\"https:\/\/www.zooaustria.com\/zooaustria\/\",\"logo\":{\"@type\":\"ImageObject\",\"inLanguage\":\"de\",\"@id\":\"https:\/\/www.zooaustria.com\/zooaustria\/#\/schema\/logo\/image\/\",\"url\":\"https:\/\/www.zooaustria.com\/zooaustria\/wp-content\/uploads\/2023\/11\/cropped-cropped-ZooAustria-Ihr_Profi_fuer_Terraristik-2-2.jpg\",\"contentUrl\":\"https:\/\/www.zooaustria.com\/zooaustria\/wp-content\/uploads\/2023\/11\/cropped-cropped-ZooAustria-Ihr_Profi_fuer_Terraristik-2-2.jpg\",\"width\":1846,\"height\":1796,\"caption\":\"Zoo Austria - Ihr Profi f\u00fcr Terraristik\"},\"image\":{\"@id\":\"https:\/\/www.zooaustria.com\/zooaustria\/#\/schema\/logo\/image\/\"}}]}<\/script>\n<!-- \/ Yoast SEO plugin. -->","yoast_head_json":{"title":"Zwergg\u00fcrtelschweif kaufen - Zoo Austria - Ihr Profi f\u00fcr Terraristik Terraristik Shop","description":"Cordylus tropidosternum k\u00f6nnen sehr gut in kleinen Gruppen gehalten werden, da die M\u00e4nnchen untereinander vertr\u00e4glich sind.","robots":{"index":"index","follow":"follow","max-snippet":"max-snippet:-1","max-image-preview":"max-image-preview:large","max-video-preview":"max-video-preview:-1"},"canonical":"https:\/\/www.zooaustria.com\/zooaustria\/terraristik\/zwergguertelschweif-kaufen\/","og_locale":"de_DE","og_type":"article","og_title":"Zwergg\u00fcrtelschweif kaufen - Zoo Austria - Ihr Profi f\u00fcr Terraristik Terraristik Shop","og_description":"Cordylus tropidosternum k\u00f6nnen sehr gut in kleinen Gruppen gehalten werden, da die M\u00e4nnchen untereinander vertr\u00e4glich sind.","og_url":"https:\/\/www.zooaustria.com\/zooaustria\/terraristik\/zwergguertelschweif-kaufen\/","og_site_name":"Zoo Austria - Ihr Profi f\u00fcr Terraristik","article_modified_time":"2022-12-10T18:53:34+00:00","og_image":[{"width":743,"height":494,"url":"https:\/\/www.zooaustria.com\/zooaustria\/wp-content\/uploads\/2016\/11\/cordylus-tropidosternum-zwerggrtelschweif-dsc_2093.jpg","type":"image\/jpeg"}],"twitter_card":"summary_large_image","twitter_misc":{"Gesch\u00e4tzte Lesezeit":"2\u00a0Minuten"},"schema":{"@context":"https:\/\/schema.org","@graph":[{"@type":"WebPage","@id":"https:\/\/www.zooaustria.com\/zooaustria\/terraristik\/zwergguertelschweif-kaufen\/","url":"https:\/\/www.zooaustria.com\/zooaustria\/terraristik\/zwergguertelschweif-kaufen\/","name":"Zwergg\u00fcrtelschweif kaufen - Zoo Austria - Ihr Profi f\u00fcr Terraristik Terraristik Shop","isPartOf":{"@id":"https:\/\/www.zooaustria.com\/zooaustria\/#website"},"datePublished":"2017-03-22T17:23:36+00:00","dateModified":"2022-12-10T18:53:34+00:00","description":"Cordylus tropidosternum k\u00f6nnen sehr gut in kleinen Gruppen gehalten werden, da die M\u00e4nnchen untereinander vertr\u00e4glich sind.","breadcrumb":{"@id":"https:\/\/www.zooaustria.com\/zooaustria\/terraristik\/zwergguertelschweif-kaufen\/#breadcrumb"},"inLanguage":"de","potentialAction":[{"@type":"ReadAction","target":["https:\/\/www.zooaustria.com\/zooaustria\/terraristik\/zwergguertelschweif-kaufen\/"]}]},{"@type":"BreadcrumbList","@id":"https:\/\/www.zooaustria.com\/zooaustria\/terraristik\/zwergguertelschweif-kaufen\/#breadcrumb","itemListElement":[{"@type":"ListItem","position":1,"name":"Startseite","item":"https:\/\/www.zooaustria.com\/zooaustria\/"},{"@type":"ListItem","position":2,"name":"Terraristik","item":"https:\/\/www.zooaustria.com\/zooaustria\/terraristik-haltung-kauf\/"},{"@type":"ListItem","position":3,"name":"Zwergg\u00fcrtelschweif"}]},{"@type":"WebSite","@id":"https:\/\/www.zooaustria.com\/zooaustria\/#website","url":"https:\/\/www.zooaustria.com\/zooaustria\/","name":"Zoo Austria - Ihr Profi f\u00fcr Terraristik","description":"Terraristikshop","publisher":{"@id":"https:\/\/www.zooaustria.com\/zooaustria\/#organization"},"potentialAction":[{"@type":"SearchAction","target":{"@type":"EntryPoint","urlTemplate":"https:\/\/www.zooaustria.com\/zooaustria\/?s={search_term_string}"},"query-input":"required name=search_term_string"}],"inLanguage":"de"},{"@type":"Organization","@id":"https:\/\/www.zooaustria.com\/zooaustria\/#organization","name":"Zoo Austria - Ihr Profi f\u00fcr Terraristik","url":"https:\/\/www.zooaustria.com\/zooaustria\/","logo":{"@type":"ImageObject","inLanguage":"de","@id":"https:\/\/www.zooaustria.com\/zooaustria\/#\/schema\/logo\/image\/","url":"https:\/\/www.zooaustria.com\/zooaustria\/wp-content\/uploads\/2023\/11\/cropped-cropped-ZooAustria-Ihr_Profi_fuer_Terraristik-2-2.jpg","contentUrl":"https:\/\/www.zooaustria.com\/zooaustria\/wp-content\/uploads\/2023\/11\/cropped-cropped-ZooAustria-Ihr_Profi_fuer_Terraristik-2-2.jpg","width":1846,"height":1796,"caption":"Zoo Austria - Ihr Profi f\u00fcr Terraristik"},"image":{"@id":"https:\/\/www.zooaustria.com\/zooaustria\/#\/schema\/logo\/image\/"}}]}},"_links":{"self":[{"href":"https:\/\/www.zooaustria.com\/zooaustria\/wp-json\/wp\/v2\/product\/275"}],"collection":[{"href":"https:\/\/www.zooaustria.com\/zooaustria\/wp-json\/wp\/v2\/product"}],"about":[{"href":"https:\/\/www.zooaustria.com\/zooaustria\/wp-json\/wp\/v2\/types\/product"}],"wp:featuredmedia":[{"embeddable":true,"href":"https:\/\/www.zooaustria.com\/zooaustria\/wp-json\/wp\/v2\/media\/57"}],"wp:attachment":[{"href":"https:\/\/www.zooaustria.com\/zooaustria\/wp-json\/wp\/v2\/media?parent=275"}],"wp:term":[{"taxonomy":"product_cat","embeddable":true,"href":"https:\/\/www.zooaustria.com\/zooaustria\/wp-json\/wp\/v2\/product_cat?post=275"},{"taxonomy":"product_tag","embeddable":true,"href":"https:\/\/www.zooaustria.com\/zooaustria\/wp-json\/wp\/v2\/product_tag?post=275"}],"curies":[{"name":"wp","href":"https:\/\/api.w.org\/{rel}","templated":true}]}}