{"id":281,"date":"2017-03-22T18:28:08","date_gmt":"2017-03-22T17:28:08","guid":{"rendered":"http:\/\/www.derseelenhund.at\/zooaustria\/?post_type=product&#038;p=281"},"modified":"2022-12-10T20:07:41","modified_gmt":"2022-12-10T19:07:41","slug":"dornschwanzagame-kaufen","status":"publish","type":"product","link":"https:\/\/www.zooaustria.com\/zooaustria\/terraristik\/dornschwanzagame-kaufen\/","title":{"rendered":"Nordafrikanische Dornschwanzagame"},"content":{"rendered":"<h2>Haltung nordafrikanische Dornschwanzagame:<\/h2>\n<p><strong>Name<\/strong>: Uromastyx acanthinura<br \/>\n<strong>Herkunft und Vorkommen:\u00a0<\/strong>aus Nordwestafrika, Algerien, Marokko, Tunesien, Lybien<br \/>\n<strong>Gr\u00f6\u00dfe<\/strong>: 45 cm gesamt<br \/>\n<strong>Alter<\/strong>: \u00fcber 20 Jahre<br \/>\n<strong>Meldepflicht<\/strong>: ja (alle Reptilien in \u00d6sterreich)<\/p>\n<h3>Futter\/ Nahrung:<\/h3>\n<p><strong>Jungtiere:<\/strong> fressen zu 75% Insekten, wie Schaben, W\u00fcsten- und Wanderheuschrecken, Heimchen, Grillen, Zophobas uvm. der Rest ist pflanzlich<br \/>\n<strong>Adulte Tiere:<\/strong> ern\u00e4hren sich rein pflanzlich, G\u00e4nsebl\u00fcmchen, L\u00f6wenzahn, Vogelmiere, K\u00fcchenkr\u00e4uter, Golliwoog und Bl\u00fcten. Gem\u00fcse, wie Karotten, Zucchini, Gurke. Wein- und Wegerichbl\u00e4tter. S\u00e4mereien wie Sonnenblumenkerne, Getreidek\u00f6rner, Mais, Reis, Hirse.\u00a0 Erwachsene Tiere bekommen nur selten Insekten, da sie sonst zu \u00dcbergewicht neigen. Vorsicht bei Oxals\u00e4ure die in Pflanzen wie Kohl, Spinat aber auch in Klee und Kopfsalat, Eisbergsalat uvm. vorhanden ist. Oxals\u00e4ure mindert die Kalziumaufnahme und ist daher f\u00fcr die meisten Reptilien und gro\u00dfen Mengen sch\u00e4dlich. Wichtig ist auch auf Biolebensmittel zu achten, da die Tiere sehr empfindlich auf Pestizide reagieren. Vitamin- und Mineralienpr\u00e4parat.<\/p>\n<h3>Haltung &amp; Terrarium Einrichtung:<\/h3>\n<p><strong>Terrariumtyp<\/strong>: Trockenterrarium, Savannenterrarium<br \/>\n<strong>Mindestgr\u00f6\u00dfe Terrarium<\/strong>: 120 x 100 x 75 cm (f\u00fcr paarweise Haltung- ausgewachsen)<br \/>\n<strong>Beleuchtung<\/strong>: mit sehr hoher Lichtintensit\u00e4t bis zu 14 Stunden. UV- Bestrahlung erforderlich<br \/>\n<strong>Temperatur<\/strong>: 28-30\u00b0C, nachts 16-20\u00b0C, Sonneninseln 45\u00b0C<br \/>\n<strong>Luftfeuchtigkeit<\/strong>: 40-60%<\/p>\n<h3>Einrichtung<\/h3>\n<p><span style=\"font-size: 16px; font-style: normal; font-weight: 400;\">In ihrer Heimat lebt die Dornschwanzagame in Stein-und Ger\u00f6llw\u00fcsten und sind extreme Temperaturen gewohnt. Sie suchen sich gerne einen sonnigen Platz und graben gerne.\u00a0 Daher sollte das Terrarium mit vielen Steinen und Versteckm\u00f6glichkeiten ausgestattet sein. Ein paar dicke \u00c4ste, aus Kork und Korkst\u00fccke, dazu eine Wasserschale die t\u00e4glich gereinigt wird, geh\u00f6ren zur Grundausstattung.\u00a0<\/span><br \/>\n<strong>Bodengrund<\/strong>: Sand-Lehm-Mischung, mit 15-30 cm H\u00f6he<br \/>\n<strong>Pflanzen<\/strong>: Tillandsien, W\u00fcstengras, Katzengras, Lithops uvm.<\/p>\n<h3>Sozialverhalten\/Lebensweise:<\/h3>\n<p><span style=\"font-size: 16px; font-style: normal; font-weight: 400;\">Um die K\u00f6rpertemperatur zu regulieren, k\u00f6nnen die Agamen ihre Farbe \u00e4ndern. <\/span>Paarweise Haltung der Nordafrikanischen Dornschwanzagame wird empfohlen. Hohe Temperaturen sind f\u00fcr die Verdauung wichtig. Im Terrarium 2-3-mal pro Woche spr\u00fchen.<\/p>\n<h3>Wichtig:<\/h3>\n<p><strong>Winterruhe<\/strong>: ja, Ende November- Anfang Oktober wird langsam das Licht \u00fcber drei Monate reduziert, bis die Beleuchtung noch 5 Stunden am Tag betr\u00e4gt. <span style=\"font-size: 16px; font-style: normal; font-weight: 400;\">4 Monate Winterruhe bei 12-18\u00b0C.<\/span><\/p>\n<p><strong>Empfohlen<\/strong>: 3D- Gesteinsr\u00fcckwand, UV-Strahler, Golliwoog<\/p>\n","protected":false},"excerpt":{"rendered":"<p>Nordafrikanische Dornschwanzagame \/ Uromastyx acanthinura<\/p>\n","protected":false},"featured_media":79,"template":"","meta":{"site-sidebar-layout":"default","site-content-layout":"default","ast-global-header-display":"","ast-banner-title-visibility":"","ast-main-header-display":"","ast-hfb-above-header-display":"","ast-hfb-below-header-display":"","ast-hfb-mobile-header-display":"","site-post-title":"","ast-breadcrumbs-content":"","ast-featured-img":"","footer-sml-layout":"","theme-transparent-header-meta":"default","adv-header-id-meta":"","stick-header-meta":"","header-above-stick-meta":"","header-main-stick-meta":"","header-below-stick-meta":""},"product_cat":[56,101],"product_tag":[],"yoast_head":"<!-- This site is optimized with the Yoast SEO plugin v21.1 - https:\/\/yoast.com\/wordpress\/plugins\/seo\/ -->\n<title>Nordafrikanische Dornschwanzagame - Zoo Austria - Ihr Profi f\u00fcr Terraristik Terraristikshop<\/title>\n<meta name=\"description\" content=\"Uromastyx acanthinura ist ein faszinierender W\u00fcstenbewohner, der seine Farbe \u00e4ndern kann um seine K\u00f6rpertemperatur zu regeln.\" \/>\n<meta name=\"robots\" content=\"index, follow, max-snippet:-1, max-image-preview:large, max-video-preview:-1\" \/>\n<link rel=\"canonical\" href=\"https:\/\/www.zooaustria.com\/zooaustria\/terraristik\/dornschwanzagame-kaufen\/\" \/>\n<meta property=\"og:locale\" content=\"de_DE\" \/>\n<meta property=\"og:type\" content=\"article\" \/>\n<meta property=\"og:title\" content=\"Nordafrikanische Dornschwanzagame - Zoo Austria - Ihr Profi f\u00fcr Terraristik Terraristikshop\" \/>\n<meta property=\"og:description\" content=\"Uromastyx acanthinura ist ein faszinierender W\u00fcstenbewohner, der seine Farbe \u00e4ndern kann um seine K\u00f6rpertemperatur zu regeln.\" \/>\n<meta property=\"og:url\" content=\"https:\/\/www.zooaustria.com\/zooaustria\/terraristik\/dornschwanzagame-kaufen\/\" \/>\n<meta property=\"og:site_name\" content=\"Zoo Austria - Ihr Profi f\u00fcr Terraristik\" \/>\n<meta property=\"article:modified_time\" content=\"2022-12-10T19:07:41+00:00\" \/>\n<meta property=\"og:image\" content=\"https:\/\/www.zooaustria.com\/zooaustria\/wp-content\/uploads\/2017\/01\/uromastyx-geyri-geyrs-dornschwanzagame-dsc_2940.jpg\" \/>\n\t<meta property=\"og:image:width\" content=\"743\" \/>\n\t<meta property=\"og:image:height\" content=\"494\" \/>\n\t<meta property=\"og:image:type\" content=\"image\/jpeg\" \/>\n<meta name=\"twitter:card\" content=\"summary_large_image\" \/>\n<meta name=\"twitter:label1\" content=\"Gesch\u00e4tzte Lesezeit\" \/>\n\t<meta name=\"twitter:data1\" content=\"2\u00a0Minuten\" \/>\n<script type=\"application\/ld+json\" class=\"yoast-schema-graph\">{\"@context\":\"https:\/\/schema.org\",\"@graph\":[{\"@type\":\"WebPage\",\"@id\":\"https:\/\/www.zooaustria.com\/zooaustria\/terraristik\/dornschwanzagame-kaufen\/\",\"url\":\"https:\/\/www.zooaustria.com\/zooaustria\/terraristik\/dornschwanzagame-kaufen\/\",\"name\":\"Nordafrikanische Dornschwanzagame - Zoo Austria - Ihr Profi f\u00fcr Terraristik Terraristikshop\",\"isPartOf\":{\"@id\":\"https:\/\/www.zooaustria.com\/zooaustria\/#website\"},\"datePublished\":\"2017-03-22T17:28:08+00:00\",\"dateModified\":\"2022-12-10T19:07:41+00:00\",\"description\":\"Uromastyx acanthinura ist ein faszinierender W\u00fcstenbewohner, der seine Farbe \u00e4ndern kann um seine K\u00f6rpertemperatur zu regeln.\",\"breadcrumb\":{\"@id\":\"https:\/\/www.zooaustria.com\/zooaustria\/terraristik\/dornschwanzagame-kaufen\/#breadcrumb\"},\"inLanguage\":\"de\",\"potentialAction\":[{\"@type\":\"ReadAction\",\"target\":[\"https:\/\/www.zooaustria.com\/zooaustria\/terraristik\/dornschwanzagame-kaufen\/\"]}]},{\"@type\":\"BreadcrumbList\",\"@id\":\"https:\/\/www.zooaustria.com\/zooaustria\/terraristik\/dornschwanzagame-kaufen\/#breadcrumb\",\"itemListElement\":[{\"@type\":\"ListItem\",\"position\":1,\"name\":\"Startseite\",\"item\":\"https:\/\/www.zooaustria.com\/zooaustria\/\"},{\"@type\":\"ListItem\",\"position\":2,\"name\":\"Terraristik\",\"item\":\"https:\/\/www.zooaustria.com\/zooaustria\/terraristik-haltung-kauf\/\"},{\"@type\":\"ListItem\",\"position\":3,\"name\":\"Nordafrikanische Dornschwanzagame\"}]},{\"@type\":\"WebSite\",\"@id\":\"https:\/\/www.zooaustria.com\/zooaustria\/#website\",\"url\":\"https:\/\/www.zooaustria.com\/zooaustria\/\",\"name\":\"Zoo Austria - Ihr Profi f\u00fcr Terraristik\",\"description\":\"Terraristikshop\",\"publisher\":{\"@id\":\"https:\/\/www.zooaustria.com\/zooaustria\/#organization\"},\"potentialAction\":[{\"@type\":\"SearchAction\",\"target\":{\"@type\":\"EntryPoint\",\"urlTemplate\":\"https:\/\/www.zooaustria.com\/zooaustria\/?s={search_term_string}\"},\"query-input\":\"required name=search_term_string\"}],\"inLanguage\":\"de\"},{\"@type\":\"Organization\",\"@id\":\"https:\/\/www.zooaustria.com\/zooaustria\/#organization\",\"name\":\"Zoo Austria - Ihr Profi f\u00fcr Terraristik\",\"url\":\"https:\/\/www.zooaustria.com\/zooaustria\/\",\"logo\":{\"@type\":\"ImageObject\",\"inLanguage\":\"de\",\"@id\":\"https:\/\/www.zooaustria.com\/zooaustria\/#\/schema\/logo\/image\/\",\"url\":\"https:\/\/www.zooaustria.com\/zooaustria\/wp-content\/uploads\/2023\/11\/cropped-cropped-ZooAustria-Ihr_Profi_fuer_Terraristik-2-2.jpg\",\"contentUrl\":\"https:\/\/www.zooaustria.com\/zooaustria\/wp-content\/uploads\/2023\/11\/cropped-cropped-ZooAustria-Ihr_Profi_fuer_Terraristik-2-2.jpg\",\"width\":1846,\"height\":1796,\"caption\":\"Zoo Austria - Ihr Profi f\u00fcr Terraristik\"},\"image\":{\"@id\":\"https:\/\/www.zooaustria.com\/zooaustria\/#\/schema\/logo\/image\/\"}}]}<\/script>\n<!-- \/ Yoast SEO plugin. -->","yoast_head_json":{"title":"Nordafrikanische Dornschwanzagame - Zoo Austria - Ihr Profi f\u00fcr Terraristik Terraristikshop","description":"Uromastyx acanthinura ist ein faszinierender W\u00fcstenbewohner, der seine Farbe \u00e4ndern kann um seine K\u00f6rpertemperatur zu regeln.","robots":{"index":"index","follow":"follow","max-snippet":"max-snippet:-1","max-image-preview":"max-image-preview:large","max-video-preview":"max-video-preview:-1"},"canonical":"https:\/\/www.zooaustria.com\/zooaustria\/terraristik\/dornschwanzagame-kaufen\/","og_locale":"de_DE","og_type":"article","og_title":"Nordafrikanische Dornschwanzagame - Zoo Austria - Ihr Profi f\u00fcr Terraristik Terraristikshop","og_description":"Uromastyx acanthinura ist ein faszinierender W\u00fcstenbewohner, der seine Farbe \u00e4ndern kann um seine K\u00f6rpertemperatur zu regeln.","og_url":"https:\/\/www.zooaustria.com\/zooaustria\/terraristik\/dornschwanzagame-kaufen\/","og_site_name":"Zoo Austria - Ihr Profi f\u00fcr Terraristik","article_modified_time":"2022-12-10T19:07:41+00:00","og_image":[{"width":743,"height":494,"url":"https:\/\/www.zooaustria.com\/zooaustria\/wp-content\/uploads\/2017\/01\/uromastyx-geyri-geyrs-dornschwanzagame-dsc_2940.jpg","type":"image\/jpeg"}],"twitter_card":"summary_large_image","twitter_misc":{"Gesch\u00e4tzte Lesezeit":"2\u00a0Minuten"},"schema":{"@context":"https:\/\/schema.org","@graph":[{"@type":"WebPage","@id":"https:\/\/www.zooaustria.com\/zooaustria\/terraristik\/dornschwanzagame-kaufen\/","url":"https:\/\/www.zooaustria.com\/zooaustria\/terraristik\/dornschwanzagame-kaufen\/","name":"Nordafrikanische Dornschwanzagame - Zoo Austria - Ihr Profi f\u00fcr Terraristik Terraristikshop","isPartOf":{"@id":"https:\/\/www.zooaustria.com\/zooaustria\/#website"},"datePublished":"2017-03-22T17:28:08+00:00","dateModified":"2022-12-10T19:07:41+00:00","description":"Uromastyx acanthinura ist ein faszinierender W\u00fcstenbewohner, der seine Farbe \u00e4ndern kann um seine K\u00f6rpertemperatur zu regeln.","breadcrumb":{"@id":"https:\/\/www.zooaustria.com\/zooaustria\/terraristik\/dornschwanzagame-kaufen\/#breadcrumb"},"inLanguage":"de","potentialAction":[{"@type":"ReadAction","target":["https:\/\/www.zooaustria.com\/zooaustria\/terraristik\/dornschwanzagame-kaufen\/"]}]},{"@type":"BreadcrumbList","@id":"https:\/\/www.zooaustria.com\/zooaustria\/terraristik\/dornschwanzagame-kaufen\/#breadcrumb","itemListElement":[{"@type":"ListItem","position":1,"name":"Startseite","item":"https:\/\/www.zooaustria.com\/zooaustria\/"},{"@type":"ListItem","position":2,"name":"Terraristik","item":"https:\/\/www.zooaustria.com\/zooaustria\/terraristik-haltung-kauf\/"},{"@type":"ListItem","position":3,"name":"Nordafrikanische Dornschwanzagame"}]},{"@type":"WebSite","@id":"https:\/\/www.zooaustria.com\/zooaustria\/#website","url":"https:\/\/www.zooaustria.com\/zooaustria\/","name":"Zoo Austria - Ihr Profi f\u00fcr Terraristik","description":"Terraristikshop","publisher":{"@id":"https:\/\/www.zooaustria.com\/zooaustria\/#organization"},"potentialAction":[{"@type":"SearchAction","target":{"@type":"EntryPoint","urlTemplate":"https:\/\/www.zooaustria.com\/zooaustria\/?s={search_term_string}"},"query-input":"required name=search_term_string"}],"inLanguage":"de"},{"@type":"Organization","@id":"https:\/\/www.zooaustria.com\/zooaustria\/#organization","name":"Zoo Austria - Ihr Profi f\u00fcr Terraristik","url":"https:\/\/www.zooaustria.com\/zooaustria\/","logo":{"@type":"ImageObject","inLanguage":"de","@id":"https:\/\/www.zooaustria.com\/zooaustria\/#\/schema\/logo\/image\/","url":"https:\/\/www.zooaustria.com\/zooaustria\/wp-content\/uploads\/2023\/11\/cropped-cropped-ZooAustria-Ihr_Profi_fuer_Terraristik-2-2.jpg","contentUrl":"https:\/\/www.zooaustria.com\/zooaustria\/wp-content\/uploads\/2023\/11\/cropped-cropped-ZooAustria-Ihr_Profi_fuer_Terraristik-2-2.jpg","width":1846,"height":1796,"caption":"Zoo Austria - Ihr Profi f\u00fcr Terraristik"},"image":{"@id":"https:\/\/www.zooaustria.com\/zooaustria\/#\/schema\/logo\/image\/"}}]}},"_links":{"self":[{"href":"https:\/\/www.zooaustria.com\/zooaustria\/wp-json\/wp\/v2\/product\/281"}],"collection":[{"href":"https:\/\/www.zooaustria.com\/zooaustria\/wp-json\/wp\/v2\/product"}],"about":[{"href":"https:\/\/www.zooaustria.com\/zooaustria\/wp-json\/wp\/v2\/types\/product"}],"wp:featuredmedia":[{"embeddable":true,"href":"https:\/\/www.zooaustria.com\/zooaustria\/wp-json\/wp\/v2\/media\/79"}],"wp:attachment":[{"href":"https:\/\/www.zooaustria.com\/zooaustria\/wp-json\/wp\/v2\/media?parent=281"}],"wp:term":[{"taxonomy":"product_cat","embeddable":true,"href":"https:\/\/www.zooaustria.com\/zooaustria\/wp-json\/wp\/v2\/product_cat?post=281"},{"taxonomy":"product_tag","embeddable":true,"href":"https:\/\/www.zooaustria.com\/zooaustria\/wp-json\/wp\/v2\/product_tag?post=281"}],"curies":[{"name":"wp","href":"https:\/\/api.w.org\/{rel}","templated":true}]}}