{"id":282,"date":"2017-03-22T18:29:00","date_gmt":"2017-03-22T17:29:00","guid":{"rendered":"http:\/\/www.derseelenhund.at\/zooaustria\/?post_type=product&#038;p=282"},"modified":"2022-12-10T20:11:48","modified_gmt":"2022-12-10T19:11:48","slug":"geschmueckte-dornschwanzagame-kaufen","status":"publish","type":"product","link":"https:\/\/www.zooaustria.com\/zooaustria\/terraristik\/geschmueckte-dornschwanzagame-kaufen\/","title":{"rendered":"Geschm\u00fcckte Dornschwanzagame"},"content":{"rendered":"<h2>Haltung geschm\u00fcckte Dornschwanzagame:<\/h2>\n<p><strong>Name<\/strong>:Uromastyx ocellata<br \/>\n<strong>Herkunft und Vorkommen: <\/strong>Somalia, Djibuti, Eritrea, \u00c4gypten, Sudan<br \/>\n<strong>Gr\u00f6\u00dfe<\/strong>: 22-32cm<br \/>\n<strong>Alter<\/strong>:\u00a0 15-20 Jahre (auch \u00e4lter)<br \/>\n<strong>Meldepflicht<\/strong>: ja (alle Reptilien in \u00d6sterreich)<\/p>\n<h3>Futter\/ Nahrung:<\/h3>\n<p><strong>Jungtiere<\/strong>: 50% Futterinsekten, wie Heimchen, W\u00fcsten- und Wanderheuschrecken, Steppengrillen, verschiedene Schaben, Wachsmaden uvm. 50% Gr\u00fcnfutter und S\u00e4mereien. (siehe adulte Tiere)<br \/>\n<strong>adulte Tiere:<\/strong> haupts\u00e4chlich Gr\u00fcnfutter, wie G\u00e4nsebl\u00fcmchen, L\u00f6wenzahn, Vogelmiere, K\u00fcchenkr\u00e4uter, Golliwoog und Bl\u00fcten. Gem\u00fcse, wie Karotten, Zucchini, Gurke. Bl\u00e4tter, wie Wein- und Wegerichbl\u00e4tter. S\u00e4mereien wie Sonnenblumenkerne, Getreidek\u00f6rner, Mais, Reis, Linsen, Reis, Mungbohnen, Haferflocken, Sesam, Hirse uvm.\u00a0 Erwachsene Tiere bekommen nur selten Insekten, da sie sonst zu \u00dcbergewicht neigen. Vorsicht bei Oxals\u00e4ure die in Pflanzen wie Kohl, Spinat aber auch in Klee und Kopfsalat, Eisbergsalat uvm. vorhanden ist. Oxals\u00e4ure mindert die Kalziumaufnahme und ist daher f\u00fcr die meisten Reptilien und gro\u00dfen Mengen sch\u00e4dlich. Wichtig ist auch auf Biolebensmittel zu achten, da die Tiere sehr empfindlich auf Pestizide reagieren. Vitamin- und Mineralienpr\u00e4parat.<\/p>\n<h3>Haltung &amp; Terrarium Einrichtung:<\/h3>\n<p><strong>Terrariumtyp<\/strong>: Trockenterrarium, Savannenterrarium<br \/>\n<strong>Mindestgr\u00f6\u00dfe Terrarium<\/strong>: 100 x 70x 50 cm (f\u00fcr paarweise Haltung- ausgewachsen)<br \/>\n<strong>Beleuchtung<\/strong>: mit sehr hoher Lichtintensit\u00e4t bis zu 14 Stunden. UV- Bestrahlung erforderlich<br \/>\n<strong>Temperatur<\/strong>: 28-30\u00b0C, nachts 16-20\u00b0C, Sonneninseln 40-55\u00b0C<br \/>\n<strong>Luftfeuchtigkeit<\/strong>: 50-60%<br \/>\n<strong>Einrichtung: <\/strong><br \/>\nDie Dornschwanzagame lebt Stein-und Ger\u00f6llw\u00fcsten und ist extreme Temperaturen gewohnt. Sie sucht sich gerne einen sonnigen Platz klettert und gr\u00e4bt gerne. Daher sollte das Terrarium mit stabilen Steinaufbauten und Versteckm\u00f6glichkeiten ausgestattet sein. Ein paar dicke \u00c4ste, aus Kork und Korkst\u00fccke und H\u00f6hlen. Wasser nimmt sie zwar Gro\u00dfteils \u00fcber die Nahrung auf, trotzdem sollte immer eine Schale mit frischem Wasser im Terrarium stehen.<br \/>\n<strong>Bodengrund<\/strong>: Sand-Lehm-Mischung, grabf\u00e4higes Substrat, mit 15-30 cm H\u00f6he<br \/>\n<strong>Pflanzen<\/strong>: Tillandsien, W\u00fcstengras, Katzengras, Lithops uvm.<\/p>\n<h3>Sozialverhalten\/Lebensweise:<\/h3>\n<p>Die Tiere sind tagaktiv. Einzelhaltung ist m\u00f6glich, besser ist aber eine paarweise Haltung der geschm\u00fcckten Dornschwanzagame. Punktuell hohe Temperaturen sind f\u00fcr die Verdauung der Agame lebensnotwendig. Der Dornschwanz dient der Verteidigung. Wie alle Uromastyx- Arten kommt diese Art mit sehr wenig Wasser aus, die \u00fcberfl\u00fcssigen Salze werden \u00fcber die Nasendr\u00fcsen ausgeschieden. Daher bildet sich um die Nasenl\u00f6cher \u00f6fters eine Salzkruste.<br \/>\n<strong>Geschlechtsunterscheidung<\/strong>: die M\u00e4nnchen sind etwas farbenpr\u00e4chtiger als die Weibchen und weisen deutliche Femoralporen (befinden sich auf der Innenseite der Oberschenkel) auf.\u00a0 Je nach Lichteinstrahlung und W\u00e4rme kann sich die F\u00e4rbung der Tiere \u00e4ndern. Der Bauch der weiblichen Tiere ist meist wei\u00df oder gelb,<\/p>\n<h3>Wichtig:<\/h3>\n<p><strong>Winterruhe<\/strong>, ja, \u00a0bis zu 3 Monate Winterruhe bei 10-16\u00b0C.<\/p>\n<p>&nbsp;<\/p>\n","protected":false},"excerpt":{"rendered":"<p>Geschm\u00fcckte Dornschwanzagame \/ Uromastyx ocellata<\/p>\n","protected":false},"featured_media":82,"template":"","meta":{"site-sidebar-layout":"default","site-content-layout":"default","ast-global-header-display":"","ast-banner-title-visibility":"","ast-main-header-display":"","ast-hfb-above-header-display":"","ast-hfb-below-header-display":"","ast-hfb-mobile-header-display":"","site-post-title":"","ast-breadcrumbs-content":"","ast-featured-img":"","footer-sml-layout":"","theme-transparent-header-meta":"default","adv-header-id-meta":"","stick-header-meta":"","header-above-stick-meta":"","header-main-stick-meta":"","header-below-stick-meta":""},"product_cat":[56,101],"product_tag":[],"yoast_head":"<!-- This site is optimized with the Yoast SEO plugin v21.1 - https:\/\/yoast.com\/wordpress\/plugins\/seo\/ -->\n<title>Geschm\u00fcckte Dornschwanzagame - Zoo Austria - Ihr Profi f\u00fcr Terraristik Terraristikshop<\/title>\n<meta name=\"description\" content=\"Sie geh\u00f6ren zu den kleineren Arten der Uromastyx ocellata. Erwachsene Tiere ern\u00e4hren sich haupts\u00e4chlich pflanzlich. Sie klettern und graben sehr gerne\" \/>\n<meta name=\"robots\" content=\"index, follow, max-snippet:-1, max-image-preview:large, max-video-preview:-1\" \/>\n<link rel=\"canonical\" href=\"https:\/\/www.zooaustria.com\/zooaustria\/terraristik\/geschmueckte-dornschwanzagame-kaufen\/\" \/>\n<meta property=\"og:locale\" content=\"de_DE\" \/>\n<meta property=\"og:type\" content=\"article\" \/>\n<meta property=\"og:title\" content=\"Geschm\u00fcckte Dornschwanzagame - Zoo Austria - Ihr Profi f\u00fcr Terraristik Terraristikshop\" \/>\n<meta property=\"og:description\" content=\"Sie geh\u00f6ren zu den kleineren Arten der Uromastyx ocellata. Erwachsene Tiere ern\u00e4hren sich haupts\u00e4chlich pflanzlich. Sie klettern und graben sehr gerne\" \/>\n<meta property=\"og:url\" content=\"https:\/\/www.zooaustria.com\/zooaustria\/terraristik\/geschmueckte-dornschwanzagame-kaufen\/\" \/>\n<meta property=\"og:site_name\" content=\"Zoo Austria - Ihr Profi f\u00fcr Terraristik\" \/>\n<meta property=\"article:modified_time\" content=\"2022-12-10T19:11:48+00:00\" \/>\n<meta property=\"og:image\" content=\"https:\/\/www.zooaustria.com\/zooaustria\/wp-content\/uploads\/2017\/01\/uromastyx-ocellata-geschmckte-dornschwanzagame-3597926794_6d39c81792_o.jpg\" \/>\n\t<meta property=\"og:image:width\" content=\"743\" \/>\n\t<meta property=\"og:image:height\" content=\"494\" \/>\n\t<meta property=\"og:image:type\" content=\"image\/jpeg\" \/>\n<meta name=\"twitter:card\" content=\"summary_large_image\" \/>\n<meta name=\"twitter:label1\" content=\"Gesch\u00e4tzte Lesezeit\" \/>\n\t<meta name=\"twitter:data1\" content=\"3\u00a0Minuten\" \/>\n<script type=\"application\/ld+json\" class=\"yoast-schema-graph\">{\"@context\":\"https:\/\/schema.org\",\"@graph\":[{\"@type\":\"WebPage\",\"@id\":\"https:\/\/www.zooaustria.com\/zooaustria\/terraristik\/geschmueckte-dornschwanzagame-kaufen\/\",\"url\":\"https:\/\/www.zooaustria.com\/zooaustria\/terraristik\/geschmueckte-dornschwanzagame-kaufen\/\",\"name\":\"Geschm\u00fcckte Dornschwanzagame - Zoo Austria - Ihr Profi f\u00fcr Terraristik Terraristikshop\",\"isPartOf\":{\"@id\":\"https:\/\/www.zooaustria.com\/zooaustria\/#website\"},\"datePublished\":\"2017-03-22T17:29:00+00:00\",\"dateModified\":\"2022-12-10T19:11:48+00:00\",\"description\":\"Sie geh\u00f6ren zu den kleineren Arten der Uromastyx ocellata. Erwachsene Tiere ern\u00e4hren sich haupts\u00e4chlich pflanzlich. Sie klettern und graben sehr gerne\",\"breadcrumb\":{\"@id\":\"https:\/\/www.zooaustria.com\/zooaustria\/terraristik\/geschmueckte-dornschwanzagame-kaufen\/#breadcrumb\"},\"inLanguage\":\"de\",\"potentialAction\":[{\"@type\":\"ReadAction\",\"target\":[\"https:\/\/www.zooaustria.com\/zooaustria\/terraristik\/geschmueckte-dornschwanzagame-kaufen\/\"]}]},{\"@type\":\"BreadcrumbList\",\"@id\":\"https:\/\/www.zooaustria.com\/zooaustria\/terraristik\/geschmueckte-dornschwanzagame-kaufen\/#breadcrumb\",\"itemListElement\":[{\"@type\":\"ListItem\",\"position\":1,\"name\":\"Startseite\",\"item\":\"https:\/\/www.zooaustria.com\/zooaustria\/\"},{\"@type\":\"ListItem\",\"position\":2,\"name\":\"Terraristik\",\"item\":\"https:\/\/www.zooaustria.com\/zooaustria\/terraristik-haltung-kauf\/\"},{\"@type\":\"ListItem\",\"position\":3,\"name\":\"Geschm\u00fcckte Dornschwanzagame\"}]},{\"@type\":\"WebSite\",\"@id\":\"https:\/\/www.zooaustria.com\/zooaustria\/#website\",\"url\":\"https:\/\/www.zooaustria.com\/zooaustria\/\",\"name\":\"Zoo Austria - Ihr Profi f\u00fcr Terraristik\",\"description\":\"Terraristikshop\",\"publisher\":{\"@id\":\"https:\/\/www.zooaustria.com\/zooaustria\/#organization\"},\"potentialAction\":[{\"@type\":\"SearchAction\",\"target\":{\"@type\":\"EntryPoint\",\"urlTemplate\":\"https:\/\/www.zooaustria.com\/zooaustria\/?s={search_term_string}\"},\"query-input\":\"required name=search_term_string\"}],\"inLanguage\":\"de\"},{\"@type\":\"Organization\",\"@id\":\"https:\/\/www.zooaustria.com\/zooaustria\/#organization\",\"name\":\"Zoo Austria - Ihr Profi f\u00fcr Terraristik\",\"url\":\"https:\/\/www.zooaustria.com\/zooaustria\/\",\"logo\":{\"@type\":\"ImageObject\",\"inLanguage\":\"de\",\"@id\":\"https:\/\/www.zooaustria.com\/zooaustria\/#\/schema\/logo\/image\/\",\"url\":\"https:\/\/www.zooaustria.com\/zooaustria\/wp-content\/uploads\/2023\/11\/cropped-cropped-ZooAustria-Ihr_Profi_fuer_Terraristik-2-2.jpg\",\"contentUrl\":\"https:\/\/www.zooaustria.com\/zooaustria\/wp-content\/uploads\/2023\/11\/cropped-cropped-ZooAustria-Ihr_Profi_fuer_Terraristik-2-2.jpg\",\"width\":1846,\"height\":1796,\"caption\":\"Zoo Austria - Ihr Profi f\u00fcr Terraristik\"},\"image\":{\"@id\":\"https:\/\/www.zooaustria.com\/zooaustria\/#\/schema\/logo\/image\/\"}}]}<\/script>\n<!-- \/ Yoast SEO plugin. -->","yoast_head_json":{"title":"Geschm\u00fcckte Dornschwanzagame - Zoo Austria - Ihr Profi f\u00fcr Terraristik Terraristikshop","description":"Sie geh\u00f6ren zu den kleineren Arten der Uromastyx ocellata. Erwachsene Tiere ern\u00e4hren sich haupts\u00e4chlich pflanzlich. Sie klettern und graben sehr gerne","robots":{"index":"index","follow":"follow","max-snippet":"max-snippet:-1","max-image-preview":"max-image-preview:large","max-video-preview":"max-video-preview:-1"},"canonical":"https:\/\/www.zooaustria.com\/zooaustria\/terraristik\/geschmueckte-dornschwanzagame-kaufen\/","og_locale":"de_DE","og_type":"article","og_title":"Geschm\u00fcckte Dornschwanzagame - Zoo Austria - Ihr Profi f\u00fcr Terraristik Terraristikshop","og_description":"Sie geh\u00f6ren zu den kleineren Arten der Uromastyx ocellata. Erwachsene Tiere ern\u00e4hren sich haupts\u00e4chlich pflanzlich. Sie klettern und graben sehr gerne","og_url":"https:\/\/www.zooaustria.com\/zooaustria\/terraristik\/geschmueckte-dornschwanzagame-kaufen\/","og_site_name":"Zoo Austria - Ihr Profi f\u00fcr Terraristik","article_modified_time":"2022-12-10T19:11:48+00:00","og_image":[{"width":743,"height":494,"url":"https:\/\/www.zooaustria.com\/zooaustria\/wp-content\/uploads\/2017\/01\/uromastyx-ocellata-geschmckte-dornschwanzagame-3597926794_6d39c81792_o.jpg","type":"image\/jpeg"}],"twitter_card":"summary_large_image","twitter_misc":{"Gesch\u00e4tzte Lesezeit":"3\u00a0Minuten"},"schema":{"@context":"https:\/\/schema.org","@graph":[{"@type":"WebPage","@id":"https:\/\/www.zooaustria.com\/zooaustria\/terraristik\/geschmueckte-dornschwanzagame-kaufen\/","url":"https:\/\/www.zooaustria.com\/zooaustria\/terraristik\/geschmueckte-dornschwanzagame-kaufen\/","name":"Geschm\u00fcckte Dornschwanzagame - Zoo Austria - Ihr Profi f\u00fcr Terraristik Terraristikshop","isPartOf":{"@id":"https:\/\/www.zooaustria.com\/zooaustria\/#website"},"datePublished":"2017-03-22T17:29:00+00:00","dateModified":"2022-12-10T19:11:48+00:00","description":"Sie geh\u00f6ren zu den kleineren Arten der Uromastyx ocellata. Erwachsene Tiere ern\u00e4hren sich haupts\u00e4chlich pflanzlich. Sie klettern und graben sehr gerne","breadcrumb":{"@id":"https:\/\/www.zooaustria.com\/zooaustria\/terraristik\/geschmueckte-dornschwanzagame-kaufen\/#breadcrumb"},"inLanguage":"de","potentialAction":[{"@type":"ReadAction","target":["https:\/\/www.zooaustria.com\/zooaustria\/terraristik\/geschmueckte-dornschwanzagame-kaufen\/"]}]},{"@type":"BreadcrumbList","@id":"https:\/\/www.zooaustria.com\/zooaustria\/terraristik\/geschmueckte-dornschwanzagame-kaufen\/#breadcrumb","itemListElement":[{"@type":"ListItem","position":1,"name":"Startseite","item":"https:\/\/www.zooaustria.com\/zooaustria\/"},{"@type":"ListItem","position":2,"name":"Terraristik","item":"https:\/\/www.zooaustria.com\/zooaustria\/terraristik-haltung-kauf\/"},{"@type":"ListItem","position":3,"name":"Geschm\u00fcckte Dornschwanzagame"}]},{"@type":"WebSite","@id":"https:\/\/www.zooaustria.com\/zooaustria\/#website","url":"https:\/\/www.zooaustria.com\/zooaustria\/","name":"Zoo Austria - Ihr Profi f\u00fcr Terraristik","description":"Terraristikshop","publisher":{"@id":"https:\/\/www.zooaustria.com\/zooaustria\/#organization"},"potentialAction":[{"@type":"SearchAction","target":{"@type":"EntryPoint","urlTemplate":"https:\/\/www.zooaustria.com\/zooaustria\/?s={search_term_string}"},"query-input":"required name=search_term_string"}],"inLanguage":"de"},{"@type":"Organization","@id":"https:\/\/www.zooaustria.com\/zooaustria\/#organization","name":"Zoo Austria - Ihr Profi f\u00fcr Terraristik","url":"https:\/\/www.zooaustria.com\/zooaustria\/","logo":{"@type":"ImageObject","inLanguage":"de","@id":"https:\/\/www.zooaustria.com\/zooaustria\/#\/schema\/logo\/image\/","url":"https:\/\/www.zooaustria.com\/zooaustria\/wp-content\/uploads\/2023\/11\/cropped-cropped-ZooAustria-Ihr_Profi_fuer_Terraristik-2-2.jpg","contentUrl":"https:\/\/www.zooaustria.com\/zooaustria\/wp-content\/uploads\/2023\/11\/cropped-cropped-ZooAustria-Ihr_Profi_fuer_Terraristik-2-2.jpg","width":1846,"height":1796,"caption":"Zoo Austria - Ihr Profi f\u00fcr Terraristik"},"image":{"@id":"https:\/\/www.zooaustria.com\/zooaustria\/#\/schema\/logo\/image\/"}}]}},"_links":{"self":[{"href":"https:\/\/www.zooaustria.com\/zooaustria\/wp-json\/wp\/v2\/product\/282"}],"collection":[{"href":"https:\/\/www.zooaustria.com\/zooaustria\/wp-json\/wp\/v2\/product"}],"about":[{"href":"https:\/\/www.zooaustria.com\/zooaustria\/wp-json\/wp\/v2\/types\/product"}],"wp:featuredmedia":[{"embeddable":true,"href":"https:\/\/www.zooaustria.com\/zooaustria\/wp-json\/wp\/v2\/media\/82"}],"wp:attachment":[{"href":"https:\/\/www.zooaustria.com\/zooaustria\/wp-json\/wp\/v2\/media?parent=282"}],"wp:term":[{"taxonomy":"product_cat","embeddable":true,"href":"https:\/\/www.zooaustria.com\/zooaustria\/wp-json\/wp\/v2\/product_cat?post=282"},{"taxonomy":"product_tag","embeddable":true,"href":"https:\/\/www.zooaustria.com\/zooaustria\/wp-json\/wp\/v2\/product_tag?post=282"}],"curies":[{"name":"wp","href":"https:\/\/api.w.org\/{rel}","templated":true}]}}