{"id":2821,"date":"2023-08-06T00:22:28","date_gmt":"2023-08-05T22:22:28","guid":{"rendered":"https:\/\/www.zooaustria.com\/zooaustria\/?post_type=product&#038;p=2821"},"modified":"2024-04-05T01:13:05","modified_gmt":"2024-04-04T23:13:05","slug":"asseln-armadillidium-klugii-clownasseln","status":"publish","type":"product","link":"https:\/\/www.zooaustria.com\/zooaustria\/terraristik\/asseln-armadillidium-klugii-clownasseln\/","title":{"rendered":"Asseln Armadillidium klugii &#8211; Clownasseln"},"content":{"rendered":"<h2>Haltung :<\/h2>\n<p><strong>Allgemeines:<\/strong> Die Clownasseln sind eine farbenfrohe und faszinierende Art von Asseln, die sich perfekt f\u00fcr die Terrarienhaltung eignen. Ihr einzigartiges Aussehen und interessantes Verhalten machen sie zu einer Bereicherung f\u00fcr jedes Terrarium.<\/p>\n<p><strong>Name<\/strong>: Armadillidium klugii<br \/>\n<strong>Herkunft und Vorkommen:\u00a0 <\/strong> Die Zierasseln sind\u00a0 urspr\u00fcnglich in den Gebieten rund um das westliche Mittelmeer beheimatet. Ihr nat\u00fcrlicher Lebensraum erstreckt sich von Nordafrika \u00fcber S\u00fcdeuropa bis zum Balkan. Diese Asseln sind an feuchte Umgebungen angepasst und werden oft in der N\u00e4he von W\u00e4ldern, unter Steinen, in Laubstreu oder in anderen feuchten Verstecken gefunden.<br \/>\n<strong>Gr\u00f6\u00dfe<\/strong>: 1-1,5cm<br \/>\n<strong>Alter<\/strong>:2-3 Jahre<\/p>\n<h2>Futter\/Nahrung:<\/h2>\n<p><strong>Laub<\/strong>\u00a0(bspw. Buche, Haselnuss, Eiche, Erle, Birke),\u00a0<strong>wei\u00dffaules Holz<\/strong>, Laubwaldhumus (als Zelluloseersatz geht auch Eierkarton)<br \/>\n<strong>Gem\u00fcse<\/strong>: Zucchini, K\u00fcrbis, Karotte, Paprika, S\u00fc\u00dfkartoffel, Gurke etc.Zus\u00e4tzlich fressen\u00a0 Panda Asseln sehr gerne Haferflocken, Erbsenflocken, verschiedene Gr\u00e4ser und Bl\u00fcten bspw. Brennnessel, L\u00f6wenzahn, Ringelblume, Kamille uvm. (auch getrocknet).<br \/>\n<strong>Als Kalzium und Proteine\u00a0<\/strong>sind m\u00f6glich: Sepiaschale, zerkleinerte Eierschalen, Algenkalk. Gammarus, getrocknete Insekten, Fischflockenfutter, getrocknete Shrimps<\/p>\n<p>Eine ausgewogene Ern\u00e4hrung f\u00f6rdert die Gesundheit und Aktivit\u00e4t der Asseln. Frisches Gem\u00fcse und Laub sollten regelm\u00e4\u00dfig im Terrarium angeboten werden.<span style=\"font-size: 16px; font-style: normal; font-weight: 400;\">Werden die Asseln an Reptilien, Amphibien oder Spinnen verf\u00fcttert, sollte auf Bio-Qualit\u00e4t der Lebensmittel geachtet werden bzw. unbedingt das Gem\u00fcse vorher gr\u00fcndlich waschen.<\/span><\/p>\n<h2>Haltung &amp; Terrarium Einrichtung:<\/h2>\n<p><strong>Terrarium Typ:<\/strong>\u00a0Wald-, und Tropenterrarium<br \/>\n<strong>Mindestgr\u00f6\u00dfe Terrarium:<\/strong>\u00a030x20cm (25 -100Tiere) wird dem Bestand angepasst, kommen mit sehr wenig Platz aus.<br \/>\n<strong>Beleuchtung:\u00a0<\/strong>nicht n\u00f6tig<br \/>\n<strong>Temperatur:\u00a0<\/strong>18-24\u00b0C (Haltung bei Zimmertemperatur)<br \/>\n<strong>Luftfeuchtigkeit:\u00a0<\/strong>70-80%. Sie sind in vielen Terrarienarten einsetzbar. Regelm\u00e4\u00dfig bespr\u00fchen.<\/p>\n<h3>Einrichtung Terrarium<\/h3>\n<p>Clownasseln sind Bodenbewohner und bevorzugen eine feuchte Umgebung. Darauf achten, dass das Substrat stets leicht feucht, aber nicht durchn\u00e4sst ist. Kork-und Rindenst\u00fccke, Eierkarton, halbe Kokosnuss als Verstecke anbieten. Da sie gerne klettern, k\u00f6nnen auch vertikale Strukturen wie Korkr\u00f6hren oder \u00c4ste im Terrarium platziert werden.<br \/>\n<strong>Bodengrund:<\/strong> Terrarienerde, Waldlaubhumus (dicke Schicht 5-10cm)<br \/>\n<strong>Pflanzen:\u00a0<\/strong>Spaghnum Moos, Waldmoos, man kann verschiedene Sprossensamen wie Alfalfa, Kresse, oder Sonnenblumenkerne pflanzen<\/p>\n<h2>Sozialverhalten \/Lebensweise<\/h2>\n<p>Diese Asseln sind nachtaktiv und verbringen den Tag meist in Verstecken oder unter dem Substrat. Sie sind gesellig und f\u00fchlen sich in Gruppen am wohlsten. Sie lassen sich gut mit allen Terrarienbewohnern vergesellschaften, auch Schnecken, Mantiden, K\u00e4fer und Tausendf\u00fc\u00dfer.<br \/>\n<strong>Vermehrung:\u00a0<\/strong>Clownasseln sind ovovivipar, was bedeutet, dass die Weibchen lebende Jungtiere geb\u00e4ren. Die Fortpflanzung erfolgt relativ langsam, aber unter optimalen Bedingungen k\u00f6nnen sich die Best\u00e4nde gut vermehren.<\/p>\n<h3>Wichtig:<\/h3>\n<p>Bei Armadillidium klugii ist auf ausreichend Luftfeuchtigkeit und eine Kalziumquelle zu achten.<\/p>\n<p><strong>Empfehlung:<\/strong><br \/>\nZuchtansatz Springschw\u00e4nze, Sphagnum-, Waldmoos, Sepiaschale, Zerst\u00e4uber (Atomizzer)<\/p>\n","protected":false},"excerpt":{"rendered":"<p>Haltung : Allgemeines: Die Clownasseln sind eine farbenfrohe und faszinierende Art von Asseln, die sich perfekt f\u00fcr die Terrarienhaltung eignen. Ihr einzigartiges Aussehen und interessantes Verhalten machen sie zu einer Bereicherung f\u00fcr jedes Terrarium. Name: Armadillidium klugii Herkunft und Vorkommen:\u00a0 Die Zierasseln sind\u00a0 urspr\u00fcnglich in den Gebieten rund um das westliche Mittelmeer beheimatet. Ihr nat\u00fcrlicher &hellip;<\/p>\n<p class=\"read-more\"> <a class=\"\" href=\"https:\/\/www.zooaustria.com\/zooaustria\/terraristik\/asseln-armadillidium-klugii-clownasseln\/\"> <span class=\"screen-reader-text\">Asseln Armadillidium klugii &#8211; Clownasseln<\/span> Weiterlesen &raquo;<\/a><\/p>\n","protected":false},"featured_media":2818,"template":"","meta":{"site-sidebar-layout":"default","site-content-layout":"default","ast-global-header-display":"","ast-banner-title-visibility":"","ast-main-header-display":"","ast-hfb-above-header-display":"","ast-hfb-below-header-display":"","ast-hfb-mobile-header-display":"","site-post-title":"","ast-breadcrumbs-content":"","ast-featured-img":"","footer-sml-layout":"","theme-transparent-header-meta":"default","adv-header-id-meta":"","stick-header-meta":"","header-above-stick-meta":"","header-main-stick-meta":"","header-below-stick-meta":""},"product_cat":[121,103],"product_tag":[],"yoast_head":"<!-- This site is optimized with the Yoast SEO plugin v21.1 - https:\/\/yoast.com\/wordpress\/plugins\/seo\/ -->\n<title>Clownasseln Haltung-kaufen: Zoo Austria - Ihr Profi f\u00fcr Terraristik \u00d6sterreich, Wien<\/title>\n<meta name=\"description\" content=\"Armadillidium klugii werden auch Clownasseln genannt und f\u00fcr Anf\u00e4nger in die Terraristik gut geeignet. Die kleinen Krebstiere sind bei uns erh\u00e4ltlich.\" \/>\n<meta name=\"robots\" content=\"index, follow, max-snippet:-1, max-image-preview:large, max-video-preview:-1\" \/>\n<link rel=\"canonical\" href=\"https:\/\/www.zooaustria.com\/zooaustria\/terraristik\/asseln-armadillidium-klugii-clownasseln\/\" \/>\n<meta property=\"og:locale\" content=\"de_DE\" \/>\n<meta property=\"og:type\" content=\"article\" \/>\n<meta property=\"og:title\" content=\"Clownasseln Haltung-kaufen: Zoo Austria - Ihr Profi f\u00fcr Terraristik \u00d6sterreich, Wien\" \/>\n<meta property=\"og:description\" content=\"Armadillidium klugii werden auch Clownasseln genannt und f\u00fcr Anf\u00e4nger in die Terraristik gut geeignet. Die kleinen Krebstiere sind bei uns erh\u00e4ltlich.\" \/>\n<meta property=\"og:url\" content=\"https:\/\/www.zooaustria.com\/zooaustria\/terraristik\/asseln-armadillidium-klugii-clownasseln\/\" \/>\n<meta property=\"og:site_name\" content=\"Zoo Austria - Ihr Profi f\u00fcr Terraristik\" \/>\n<meta property=\"article:modified_time\" content=\"2024-04-04T23:13:05+00:00\" \/>\n<meta property=\"og:image\" content=\"https:\/\/www.zooaustria.com\/zooaustria\/wp-content\/uploads\/2023\/08\/Asseln_Armadillidium_Kuglii.jpg\" \/>\n\t<meta property=\"og:image:width\" content=\"1458\" \/>\n\t<meta property=\"og:image:height\" content=\"969\" \/>\n\t<meta property=\"og:image:type\" content=\"image\/jpeg\" \/>\n<meta name=\"twitter:card\" content=\"summary_large_image\" \/>\n<meta name=\"twitter:label1\" content=\"Gesch\u00e4tzte Lesezeit\" \/>\n\t<meta name=\"twitter:data1\" content=\"3\u00a0Minuten\" \/>\n<script type=\"application\/ld+json\" class=\"yoast-schema-graph\">{\"@context\":\"https:\/\/schema.org\",\"@graph\":[{\"@type\":\"WebPage\",\"@id\":\"https:\/\/www.zooaustria.com\/zooaustria\/terraristik\/asseln-armadillidium-klugii-clownasseln\/\",\"url\":\"https:\/\/www.zooaustria.com\/zooaustria\/terraristik\/asseln-armadillidium-klugii-clownasseln\/\",\"name\":\"Clownasseln Haltung-kaufen: Zoo Austria - Ihr Profi f\u00fcr Terraristik \u00d6sterreich, Wien\",\"isPartOf\":{\"@id\":\"https:\/\/www.zooaustria.com\/zooaustria\/#website\"},\"datePublished\":\"2023-08-05T22:22:28+00:00\",\"dateModified\":\"2024-04-04T23:13:05+00:00\",\"description\":\"Armadillidium klugii werden auch Clownasseln genannt und f\u00fcr Anf\u00e4nger in die Terraristik gut geeignet. Die kleinen Krebstiere sind bei uns erh\u00e4ltlich.\",\"breadcrumb\":{\"@id\":\"https:\/\/www.zooaustria.com\/zooaustria\/terraristik\/asseln-armadillidium-klugii-clownasseln\/#breadcrumb\"},\"inLanguage\":\"de\",\"potentialAction\":[{\"@type\":\"ReadAction\",\"target\":[\"https:\/\/www.zooaustria.com\/zooaustria\/terraristik\/asseln-armadillidium-klugii-clownasseln\/\"]}]},{\"@type\":\"BreadcrumbList\",\"@id\":\"https:\/\/www.zooaustria.com\/zooaustria\/terraristik\/asseln-armadillidium-klugii-clownasseln\/#breadcrumb\",\"itemListElement\":[{\"@type\":\"ListItem\",\"position\":1,\"name\":\"Startseite\",\"item\":\"https:\/\/www.zooaustria.com\/zooaustria\/\"},{\"@type\":\"ListItem\",\"position\":2,\"name\":\"Terraristik\",\"item\":\"https:\/\/www.zooaustria.com\/zooaustria\/terraristik-haltung-kauf\/\"},{\"@type\":\"ListItem\",\"position\":3,\"name\":\"Asseln Armadillidium klugii &#8211; Clownasseln\"}]},{\"@type\":\"WebSite\",\"@id\":\"https:\/\/www.zooaustria.com\/zooaustria\/#website\",\"url\":\"https:\/\/www.zooaustria.com\/zooaustria\/\",\"name\":\"Zoo Austria - Ihr Profi f\u00fcr Terraristik\",\"description\":\"Terraristikshop\",\"publisher\":{\"@id\":\"https:\/\/www.zooaustria.com\/zooaustria\/#organization\"},\"potentialAction\":[{\"@type\":\"SearchAction\",\"target\":{\"@type\":\"EntryPoint\",\"urlTemplate\":\"https:\/\/www.zooaustria.com\/zooaustria\/?s={search_term_string}\"},\"query-input\":\"required name=search_term_string\"}],\"inLanguage\":\"de\"},{\"@type\":\"Organization\",\"@id\":\"https:\/\/www.zooaustria.com\/zooaustria\/#organization\",\"name\":\"Zoo Austria - Ihr Profi f\u00fcr Terraristik\",\"url\":\"https:\/\/www.zooaustria.com\/zooaustria\/\",\"logo\":{\"@type\":\"ImageObject\",\"inLanguage\":\"de\",\"@id\":\"https:\/\/www.zooaustria.com\/zooaustria\/#\/schema\/logo\/image\/\",\"url\":\"https:\/\/www.zooaustria.com\/zooaustria\/wp-content\/uploads\/2023\/11\/cropped-cropped-ZooAustria-Ihr_Profi_fuer_Terraristik-2-2.jpg\",\"contentUrl\":\"https:\/\/www.zooaustria.com\/zooaustria\/wp-content\/uploads\/2023\/11\/cropped-cropped-ZooAustria-Ihr_Profi_fuer_Terraristik-2-2.jpg\",\"width\":1846,\"height\":1796,\"caption\":\"Zoo Austria - Ihr Profi f\u00fcr Terraristik\"},\"image\":{\"@id\":\"https:\/\/www.zooaustria.com\/zooaustria\/#\/schema\/logo\/image\/\"}}]}<\/script>\n<!-- \/ Yoast SEO plugin. -->","yoast_head_json":{"title":"Clownasseln Haltung-kaufen: Zoo Austria - Ihr Profi f\u00fcr Terraristik \u00d6sterreich, Wien","description":"Armadillidium klugii werden auch Clownasseln genannt und f\u00fcr Anf\u00e4nger in die Terraristik gut geeignet. Die kleinen Krebstiere sind bei uns erh\u00e4ltlich.","robots":{"index":"index","follow":"follow","max-snippet":"max-snippet:-1","max-image-preview":"max-image-preview:large","max-video-preview":"max-video-preview:-1"},"canonical":"https:\/\/www.zooaustria.com\/zooaustria\/terraristik\/asseln-armadillidium-klugii-clownasseln\/","og_locale":"de_DE","og_type":"article","og_title":"Clownasseln Haltung-kaufen: Zoo Austria - Ihr Profi f\u00fcr Terraristik \u00d6sterreich, Wien","og_description":"Armadillidium klugii werden auch Clownasseln genannt und f\u00fcr Anf\u00e4nger in die Terraristik gut geeignet. Die kleinen Krebstiere sind bei uns erh\u00e4ltlich.","og_url":"https:\/\/www.zooaustria.com\/zooaustria\/terraristik\/asseln-armadillidium-klugii-clownasseln\/","og_site_name":"Zoo Austria - Ihr Profi f\u00fcr Terraristik","article_modified_time":"2024-04-04T23:13:05+00:00","og_image":[{"width":1458,"height":969,"url":"https:\/\/www.zooaustria.com\/zooaustria\/wp-content\/uploads\/2023\/08\/Asseln_Armadillidium_Kuglii.jpg","type":"image\/jpeg"}],"twitter_card":"summary_large_image","twitter_misc":{"Gesch\u00e4tzte Lesezeit":"3\u00a0Minuten"},"schema":{"@context":"https:\/\/schema.org","@graph":[{"@type":"WebPage","@id":"https:\/\/www.zooaustria.com\/zooaustria\/terraristik\/asseln-armadillidium-klugii-clownasseln\/","url":"https:\/\/www.zooaustria.com\/zooaustria\/terraristik\/asseln-armadillidium-klugii-clownasseln\/","name":"Clownasseln Haltung-kaufen: Zoo Austria - Ihr Profi f\u00fcr Terraristik \u00d6sterreich, Wien","isPartOf":{"@id":"https:\/\/www.zooaustria.com\/zooaustria\/#website"},"datePublished":"2023-08-05T22:22:28+00:00","dateModified":"2024-04-04T23:13:05+00:00","description":"Armadillidium klugii werden auch Clownasseln genannt und f\u00fcr Anf\u00e4nger in die Terraristik gut geeignet. Die kleinen Krebstiere sind bei uns erh\u00e4ltlich.","breadcrumb":{"@id":"https:\/\/www.zooaustria.com\/zooaustria\/terraristik\/asseln-armadillidium-klugii-clownasseln\/#breadcrumb"},"inLanguage":"de","potentialAction":[{"@type":"ReadAction","target":["https:\/\/www.zooaustria.com\/zooaustria\/terraristik\/asseln-armadillidium-klugii-clownasseln\/"]}]},{"@type":"BreadcrumbList","@id":"https:\/\/www.zooaustria.com\/zooaustria\/terraristik\/asseln-armadillidium-klugii-clownasseln\/#breadcrumb","itemListElement":[{"@type":"ListItem","position":1,"name":"Startseite","item":"https:\/\/www.zooaustria.com\/zooaustria\/"},{"@type":"ListItem","position":2,"name":"Terraristik","item":"https:\/\/www.zooaustria.com\/zooaustria\/terraristik-haltung-kauf\/"},{"@type":"ListItem","position":3,"name":"Asseln Armadillidium klugii &#8211; Clownasseln"}]},{"@type":"WebSite","@id":"https:\/\/www.zooaustria.com\/zooaustria\/#website","url":"https:\/\/www.zooaustria.com\/zooaustria\/","name":"Zoo Austria - Ihr Profi f\u00fcr Terraristik","description":"Terraristikshop","publisher":{"@id":"https:\/\/www.zooaustria.com\/zooaustria\/#organization"},"potentialAction":[{"@type":"SearchAction","target":{"@type":"EntryPoint","urlTemplate":"https:\/\/www.zooaustria.com\/zooaustria\/?s={search_term_string}"},"query-input":"required name=search_term_string"}],"inLanguage":"de"},{"@type":"Organization","@id":"https:\/\/www.zooaustria.com\/zooaustria\/#organization","name":"Zoo Austria - Ihr Profi f\u00fcr Terraristik","url":"https:\/\/www.zooaustria.com\/zooaustria\/","logo":{"@type":"ImageObject","inLanguage":"de","@id":"https:\/\/www.zooaustria.com\/zooaustria\/#\/schema\/logo\/image\/","url":"https:\/\/www.zooaustria.com\/zooaustria\/wp-content\/uploads\/2023\/11\/cropped-cropped-ZooAustria-Ihr_Profi_fuer_Terraristik-2-2.jpg","contentUrl":"https:\/\/www.zooaustria.com\/zooaustria\/wp-content\/uploads\/2023\/11\/cropped-cropped-ZooAustria-Ihr_Profi_fuer_Terraristik-2-2.jpg","width":1846,"height":1796,"caption":"Zoo Austria - Ihr Profi f\u00fcr Terraristik"},"image":{"@id":"https:\/\/www.zooaustria.com\/zooaustria\/#\/schema\/logo\/image\/"}}]}},"_links":{"self":[{"href":"https:\/\/www.zooaustria.com\/zooaustria\/wp-json\/wp\/v2\/product\/2821"}],"collection":[{"href":"https:\/\/www.zooaustria.com\/zooaustria\/wp-json\/wp\/v2\/product"}],"about":[{"href":"https:\/\/www.zooaustria.com\/zooaustria\/wp-json\/wp\/v2\/types\/product"}],"wp:featuredmedia":[{"embeddable":true,"href":"https:\/\/www.zooaustria.com\/zooaustria\/wp-json\/wp\/v2\/media\/2818"}],"wp:attachment":[{"href":"https:\/\/www.zooaustria.com\/zooaustria\/wp-json\/wp\/v2\/media?parent=2821"}],"wp:term":[{"taxonomy":"product_cat","embeddable":true,"href":"https:\/\/www.zooaustria.com\/zooaustria\/wp-json\/wp\/v2\/product_cat?post=2821"},{"taxonomy":"product_tag","embeddable":true,"href":"https:\/\/www.zooaustria.com\/zooaustria\/wp-json\/wp\/v2\/product_tag?post=2821"}],"curies":[{"name":"wp","href":"https:\/\/api.w.org\/{rel}","templated":true}]}}