{"id":283,"date":"2017-03-22T18:29:54","date_gmt":"2017-03-22T17:29:54","guid":{"rendered":"http:\/\/www.derseelenhund.at\/zooaustria\/?post_type=product&#038;p=283"},"modified":"2023-05-16T20:35:48","modified_gmt":"2023-05-16T18:35:48","slug":"kragenechse-kaufen","status":"publish","type":"product","link":"https:\/\/www.zooaustria.com\/zooaustria\/terraristik\/kragenechse-kaufen\/","title":{"rendered":"Kragenechse"},"content":{"rendered":"<h2>Haltung australische Kragenechse:<\/h2>\n<p><strong>Allgemein:<\/strong> Bei Gefahr oder w\u00e4hrend der Balz entfaltet die Echse, ihre gro\u00dfen kragenartigen Hautlappen am Hals. Diese Drohgeb\u00e4rde l\u00e4sst das Reptil gr\u00f6\u00dfer erscheinen und soll Feinde abschrecken. Gleichzeitig st\u00f6\u00dft sie ein lautes Zischen aus und schl\u00e4gt mit dem Schwanz. Aber auch unter der gleichen Art hat der &#8220;Kragen&#8221; eine kommunikative Funktion. D<span style=\"font-size: 16px; font-style: normal; font-weight: 400;\">ie F\u00e4rbung<\/span><span style=\"font-size: 16px; font-style: normal; font-weight: 400;\"> reicht von Orange \u00fcber Braun bis fast Schwarz. Der &#8220;Kragen&#8221; zeigt eine verschiedenfarbige Fleckenzeichnung. Die baumbewohnenden Tiere laufen bei Gefahr oft auch auf den Hinterbeinen davon.<\/span><br \/>\n<strong>Name<\/strong>: Chlamydosaurus kingii<br \/>\n<strong>Verbreitung:\u00a0<\/strong><br \/>\nNordaustralien und S\u00fcdneuguinea. In trockenen Savannenw\u00e4ldern, Baumbewohner. 90% ihrer Zeit verbringen sie ruhend auf einem Ast.<br \/>\n<strong>Gr\u00f6\u00dfe:\u00a0<\/strong><br \/>\nM\u00e4nnchen: 100-110cm<br \/>\nWeibchen 70-85cm<br \/>\n<strong>Alter<\/strong>: bis 14\u00a0 Jahre<br \/>\n<strong>Meldepflicht<\/strong>: ja (alle Reptilien in \u00d6sterreich sind meldepflichtig)<\/p>\n<h3>Futter\/ Nahrung:<\/h3>\n<p><strong>Futterinsekten<\/strong>: Grillen, W\u00fcstenheuschrecken, Wanderheuschrecken, Heimchen, Schaben, Wachsmaden, Raupen, K\u00e4fer, Ameisen und Babym\u00e4use. M\u00e4\u00dfig f\u00fcttern, da die Kragenechse schnell an Gewicht zunimmt. Futterinsekten t\u00e4glich mit Vitamin-und Mineralpr\u00e4parat best\u00e4uben.<\/p>\n<p><iframe title=\"YouTube video player\" src=\"https:\/\/www.youtube-nocookie.com\/embed\/vw9h5Kqn5os\" width=\"560\" height=\"315\" frameborder=\"0\" allowfullscreen=\"allowfullscreen\"><\/iframe><\/p>\n<h3>Haltung &amp; Terrarium Einrichtung:<\/h3>\n<p><strong>Terrariumtyp<\/strong>: Trockenterrarium, mit erh\u00f6hter Luftfeuchtigkeit<br \/>\n<strong>Mindestgr\u00f6\u00dfe Terrarium<\/strong>: 200x100x200cm paarweise Haltung (ausgewachsen)<br \/>\n<strong>Beleuchtung: <\/strong>Beleuchtung bis zu 14 Stunden. UV- Bestrahlung erforderlich.<br \/>\n<strong>Temperatur: <\/strong>tags\u00fcber 30-38\u00b0C, nachts 18-22\u00b0C, Sonneninseln 40-45\u00b0C<br \/>\n<strong>Luftfeuchtigkeit:<\/strong><span style=\"font-size: 16px; font-style: normal; font-weight: 400;\">50-70%<\/span><\/p>\n<h4>Einrichtung<\/h4>\n<p>Einrichtung: 3D- Gesteinsr\u00fcckwand, zahlreiche Kletter\u00e4ste, vor allem auch senkrechte \u00c4ste, mit dunkler F\u00e4rbung (zur Tarnung) Rinde Bspw. dicke Kork\u00e4ste und Versteckm\u00f6glichkeiten durch Bepflanzung.<br \/>\n<strong>Pflanzen<\/strong>: robuste Pflanzen, wie Tillandsien, Philodendron, uvm.<br \/>\n<strong>Bodengrund: Terrarienerde<\/strong>, Sand und Pinienrinde<\/p>\n<h3>Sozialverhalten\/Lebensweise<\/h3>\n<p><span style=\"font-size: 16px; font-style: normal; font-weight: 400;\">Paarweise oder als Gruppe mit einem M\u00e4nnchen. Die Kragenechse ist tagaktiv und sehr intelligent. Sie ist nicht sehr <\/span>bewegungsfreudig, gibt es aber ihr Lieblingsfutter, ist sie schnell zur Stelle.<br \/>\n<strong>Geschlechtsunterscheidung:\u00a0<\/strong><br \/>\nDie Weibchen der Kragenechse bleiben kleiner.\u00a0 Im Alter bis zu 3 Monaten lassen sich beim M\u00e4nnchen die Hemipenistaschen erkennen, danach durch die Verdickung der Schwanzwurzel nicht mehr zu sehen.<br \/>\nChlamydosaurus kingii legt 10-13 Eier.<\/p>\n<h3>Wichtig:<\/h3>\n<p>Senkrechte \u00c4ste, an denen sich die Echsen aufhalten k\u00f6nnen, sind f\u00fcr die Verdauung lebenswichtig.<br \/>\nEine gro\u00dfe Wasserschale 30x50cm, m\u00f6glich Wassergabe mit einer Pipette.<br \/>\n<strong>Winterruhe<\/strong>: ja, 6-8 Wochen Winterruhe bei 18-20\u00b0C.<\/p>\n<p><strong>Empfehlung<\/strong>: Terra Basis, Pinienrinde, Kork\u00e4ste, Gestein<\/p>\n","protected":false},"excerpt":{"rendered":"<p>Kragenechse \/ Chlamydosaurus kingii<\/p>\n","protected":false},"featured_media":85,"template":"","meta":{"site-sidebar-layout":"default","site-content-layout":"default","ast-global-header-display":"","ast-banner-title-visibility":"","ast-main-header-display":"","ast-hfb-above-header-display":"","ast-hfb-below-header-display":"","ast-hfb-mobile-header-display":"","site-post-title":"","ast-breadcrumbs-content":"","ast-featured-img":"","footer-sml-layout":"","theme-transparent-header-meta":"default","adv-header-id-meta":"","stick-header-meta":"","header-above-stick-meta":"","header-main-stick-meta":"","header-below-stick-meta":""},"product_cat":[56,101],"product_tag":[],"yoast_head":"<!-- This site is optimized with the Yoast SEO plugin v21.1 - https:\/\/yoast.com\/wordpress\/plugins\/seo\/ -->\n<title>Kragenechse kaufen - Zoo Austria - Ihr Profi f\u00fcr Terraristik - Terraristikshop \u00d6sterreich<\/title>\n<meta name=\"description\" content=\"Chlamydosaurus kingii eine Echse wie aus Jurassic Park, fasziniert mit ihrem einzigartigen Aussehen. Kragenechsen sind sehr intelligente Tiere.\" \/>\n<meta name=\"robots\" content=\"index, follow, max-snippet:-1, max-image-preview:large, max-video-preview:-1\" \/>\n<link rel=\"canonical\" href=\"https:\/\/www.zooaustria.com\/zooaustria\/terraristik\/kragenechse-kaufen\/\" \/>\n<meta property=\"og:locale\" content=\"de_DE\" \/>\n<meta property=\"og:type\" content=\"article\" \/>\n<meta property=\"og:title\" content=\"Kragenechse kaufen - Zoo Austria - Ihr Profi f\u00fcr Terraristik - Terraristikshop \u00d6sterreich\" \/>\n<meta property=\"og:description\" content=\"Chlamydosaurus kingii eine Echse wie aus Jurassic Park, fasziniert mit ihrem einzigartigen Aussehen. Kragenechsen sind sehr intelligente Tiere.\" \/>\n<meta property=\"og:url\" content=\"https:\/\/www.zooaustria.com\/zooaustria\/terraristik\/kragenechse-kaufen\/\" \/>\n<meta property=\"og:site_name\" content=\"Zoo Austria - Ihr Profi f\u00fcr Terraristik\" \/>\n<meta property=\"article:modified_time\" content=\"2023-05-16T18:35:48+00:00\" \/>\n<meta property=\"og:image\" content=\"https:\/\/www.zooaustria.com\/zooaustria\/wp-content\/uploads\/2017\/01\/chlamydosaurus-kingii-australische-kragenechse.jpg\" \/>\n\t<meta property=\"og:image:width\" content=\"743\" \/>\n\t<meta property=\"og:image:height\" content=\"494\" \/>\n\t<meta property=\"og:image:type\" content=\"image\/jpeg\" \/>\n<meta name=\"twitter:card\" content=\"summary_large_image\" \/>\n<meta name=\"twitter:label1\" content=\"Gesch\u00e4tzte Lesezeit\" \/>\n\t<meta name=\"twitter:data1\" content=\"2\u00a0Minuten\" \/>\n<script type=\"application\/ld+json\" class=\"yoast-schema-graph\">{\"@context\":\"https:\/\/schema.org\",\"@graph\":[{\"@type\":\"WebPage\",\"@id\":\"https:\/\/www.zooaustria.com\/zooaustria\/terraristik\/kragenechse-kaufen\/\",\"url\":\"https:\/\/www.zooaustria.com\/zooaustria\/terraristik\/kragenechse-kaufen\/\",\"name\":\"Kragenechse kaufen - Zoo Austria - Ihr Profi f\u00fcr Terraristik - Terraristikshop \u00d6sterreich\",\"isPartOf\":{\"@id\":\"https:\/\/www.zooaustria.com\/zooaustria\/#website\"},\"datePublished\":\"2017-03-22T17:29:54+00:00\",\"dateModified\":\"2023-05-16T18:35:48+00:00\",\"description\":\"Chlamydosaurus kingii eine Echse wie aus Jurassic Park, fasziniert mit ihrem einzigartigen Aussehen. Kragenechsen sind sehr intelligente Tiere.\",\"breadcrumb\":{\"@id\":\"https:\/\/www.zooaustria.com\/zooaustria\/terraristik\/kragenechse-kaufen\/#breadcrumb\"},\"inLanguage\":\"de\",\"potentialAction\":[{\"@type\":\"ReadAction\",\"target\":[\"https:\/\/www.zooaustria.com\/zooaustria\/terraristik\/kragenechse-kaufen\/\"]}]},{\"@type\":\"BreadcrumbList\",\"@id\":\"https:\/\/www.zooaustria.com\/zooaustria\/terraristik\/kragenechse-kaufen\/#breadcrumb\",\"itemListElement\":[{\"@type\":\"ListItem\",\"position\":1,\"name\":\"Startseite\",\"item\":\"https:\/\/www.zooaustria.com\/zooaustria\/\"},{\"@type\":\"ListItem\",\"position\":2,\"name\":\"Terraristik\",\"item\":\"https:\/\/www.zooaustria.com\/zooaustria\/terraristik-haltung-kauf\/\"},{\"@type\":\"ListItem\",\"position\":3,\"name\":\"Kragenechse\"}]},{\"@type\":\"WebSite\",\"@id\":\"https:\/\/www.zooaustria.com\/zooaustria\/#website\",\"url\":\"https:\/\/www.zooaustria.com\/zooaustria\/\",\"name\":\"Zoo Austria - Ihr Profi f\u00fcr Terraristik\",\"description\":\"Terraristikshop\",\"publisher\":{\"@id\":\"https:\/\/www.zooaustria.com\/zooaustria\/#organization\"},\"potentialAction\":[{\"@type\":\"SearchAction\",\"target\":{\"@type\":\"EntryPoint\",\"urlTemplate\":\"https:\/\/www.zooaustria.com\/zooaustria\/?s={search_term_string}\"},\"query-input\":\"required name=search_term_string\"}],\"inLanguage\":\"de\"},{\"@type\":\"Organization\",\"@id\":\"https:\/\/www.zooaustria.com\/zooaustria\/#organization\",\"name\":\"Zoo Austria - Ihr Profi f\u00fcr Terraristik\",\"url\":\"https:\/\/www.zooaustria.com\/zooaustria\/\",\"logo\":{\"@type\":\"ImageObject\",\"inLanguage\":\"de\",\"@id\":\"https:\/\/www.zooaustria.com\/zooaustria\/#\/schema\/logo\/image\/\",\"url\":\"https:\/\/www.zooaustria.com\/zooaustria\/wp-content\/uploads\/2023\/11\/cropped-cropped-ZooAustria-Ihr_Profi_fuer_Terraristik-2-2.jpg\",\"contentUrl\":\"https:\/\/www.zooaustria.com\/zooaustria\/wp-content\/uploads\/2023\/11\/cropped-cropped-ZooAustria-Ihr_Profi_fuer_Terraristik-2-2.jpg\",\"width\":1846,\"height\":1796,\"caption\":\"Zoo Austria - Ihr Profi f\u00fcr Terraristik\"},\"image\":{\"@id\":\"https:\/\/www.zooaustria.com\/zooaustria\/#\/schema\/logo\/image\/\"}}]}<\/script>\n<!-- \/ Yoast SEO plugin. -->","yoast_head_json":{"title":"Kragenechse kaufen - Zoo Austria - Ihr Profi f\u00fcr Terraristik - Terraristikshop \u00d6sterreich","description":"Chlamydosaurus kingii eine Echse wie aus Jurassic Park, fasziniert mit ihrem einzigartigen Aussehen. Kragenechsen sind sehr intelligente Tiere.","robots":{"index":"index","follow":"follow","max-snippet":"max-snippet:-1","max-image-preview":"max-image-preview:large","max-video-preview":"max-video-preview:-1"},"canonical":"https:\/\/www.zooaustria.com\/zooaustria\/terraristik\/kragenechse-kaufen\/","og_locale":"de_DE","og_type":"article","og_title":"Kragenechse kaufen - Zoo Austria - Ihr Profi f\u00fcr Terraristik - Terraristikshop \u00d6sterreich","og_description":"Chlamydosaurus kingii eine Echse wie aus Jurassic Park, fasziniert mit ihrem einzigartigen Aussehen. Kragenechsen sind sehr intelligente Tiere.","og_url":"https:\/\/www.zooaustria.com\/zooaustria\/terraristik\/kragenechse-kaufen\/","og_site_name":"Zoo Austria - Ihr Profi f\u00fcr Terraristik","article_modified_time":"2023-05-16T18:35:48+00:00","og_image":[{"width":743,"height":494,"url":"https:\/\/www.zooaustria.com\/zooaustria\/wp-content\/uploads\/2017\/01\/chlamydosaurus-kingii-australische-kragenechse.jpg","type":"image\/jpeg"}],"twitter_card":"summary_large_image","twitter_misc":{"Gesch\u00e4tzte Lesezeit":"2\u00a0Minuten"},"schema":{"@context":"https:\/\/schema.org","@graph":[{"@type":"WebPage","@id":"https:\/\/www.zooaustria.com\/zooaustria\/terraristik\/kragenechse-kaufen\/","url":"https:\/\/www.zooaustria.com\/zooaustria\/terraristik\/kragenechse-kaufen\/","name":"Kragenechse kaufen - Zoo Austria - Ihr Profi f\u00fcr Terraristik - Terraristikshop \u00d6sterreich","isPartOf":{"@id":"https:\/\/www.zooaustria.com\/zooaustria\/#website"},"datePublished":"2017-03-22T17:29:54+00:00","dateModified":"2023-05-16T18:35:48+00:00","description":"Chlamydosaurus kingii eine Echse wie aus Jurassic Park, fasziniert mit ihrem einzigartigen Aussehen. Kragenechsen sind sehr intelligente Tiere.","breadcrumb":{"@id":"https:\/\/www.zooaustria.com\/zooaustria\/terraristik\/kragenechse-kaufen\/#breadcrumb"},"inLanguage":"de","potentialAction":[{"@type":"ReadAction","target":["https:\/\/www.zooaustria.com\/zooaustria\/terraristik\/kragenechse-kaufen\/"]}]},{"@type":"BreadcrumbList","@id":"https:\/\/www.zooaustria.com\/zooaustria\/terraristik\/kragenechse-kaufen\/#breadcrumb","itemListElement":[{"@type":"ListItem","position":1,"name":"Startseite","item":"https:\/\/www.zooaustria.com\/zooaustria\/"},{"@type":"ListItem","position":2,"name":"Terraristik","item":"https:\/\/www.zooaustria.com\/zooaustria\/terraristik-haltung-kauf\/"},{"@type":"ListItem","position":3,"name":"Kragenechse"}]},{"@type":"WebSite","@id":"https:\/\/www.zooaustria.com\/zooaustria\/#website","url":"https:\/\/www.zooaustria.com\/zooaustria\/","name":"Zoo Austria - Ihr Profi f\u00fcr Terraristik","description":"Terraristikshop","publisher":{"@id":"https:\/\/www.zooaustria.com\/zooaustria\/#organization"},"potentialAction":[{"@type":"SearchAction","target":{"@type":"EntryPoint","urlTemplate":"https:\/\/www.zooaustria.com\/zooaustria\/?s={search_term_string}"},"query-input":"required name=search_term_string"}],"inLanguage":"de"},{"@type":"Organization","@id":"https:\/\/www.zooaustria.com\/zooaustria\/#organization","name":"Zoo Austria - Ihr Profi f\u00fcr Terraristik","url":"https:\/\/www.zooaustria.com\/zooaustria\/","logo":{"@type":"ImageObject","inLanguage":"de","@id":"https:\/\/www.zooaustria.com\/zooaustria\/#\/schema\/logo\/image\/","url":"https:\/\/www.zooaustria.com\/zooaustria\/wp-content\/uploads\/2023\/11\/cropped-cropped-ZooAustria-Ihr_Profi_fuer_Terraristik-2-2.jpg","contentUrl":"https:\/\/www.zooaustria.com\/zooaustria\/wp-content\/uploads\/2023\/11\/cropped-cropped-ZooAustria-Ihr_Profi_fuer_Terraristik-2-2.jpg","width":1846,"height":1796,"caption":"Zoo Austria - Ihr Profi f\u00fcr Terraristik"},"image":{"@id":"https:\/\/www.zooaustria.com\/zooaustria\/#\/schema\/logo\/image\/"}}]}},"_links":{"self":[{"href":"https:\/\/www.zooaustria.com\/zooaustria\/wp-json\/wp\/v2\/product\/283"}],"collection":[{"href":"https:\/\/www.zooaustria.com\/zooaustria\/wp-json\/wp\/v2\/product"}],"about":[{"href":"https:\/\/www.zooaustria.com\/zooaustria\/wp-json\/wp\/v2\/types\/product"}],"wp:featuredmedia":[{"embeddable":true,"href":"https:\/\/www.zooaustria.com\/zooaustria\/wp-json\/wp\/v2\/media\/85"}],"wp:attachment":[{"href":"https:\/\/www.zooaustria.com\/zooaustria\/wp-json\/wp\/v2\/media?parent=283"}],"wp:term":[{"taxonomy":"product_cat","embeddable":true,"href":"https:\/\/www.zooaustria.com\/zooaustria\/wp-json\/wp\/v2\/product_cat?post=283"},{"taxonomy":"product_tag","embeddable":true,"href":"https:\/\/www.zooaustria.com\/zooaustria\/wp-json\/wp\/v2\/product_tag?post=283"}],"curies":[{"name":"wp","href":"https:\/\/api.w.org\/{rel}","templated":true}]}}