{"id":2853,"date":"2023-09-16T22:41:32","date_gmt":"2023-09-16T20:41:32","guid":{"rendered":"https:\/\/www.zooaustria.com\/zooaustria\/?post_type=product&#038;p=2853"},"modified":"2024-04-05T00:43:08","modified_gmt":"2024-04-04T22:43:08","slug":"hoeckerkopfgecko-rhacodactylus-auriculatus-haltung-kauf","status":"publish","type":"product","link":"https:\/\/www.zooaustria.com\/zooaustria\/terraristik\/hoeckerkopfgecko-rhacodactylus-auriculatus-haltung-kauf\/","title":{"rendered":"H\u00f6ckerkopfgecko &#8211; Rhacodactylus auriculatus"},"content":{"rendered":"<p><iframe title=\"H\u00f6ckerkopfgecko auf Wanderung\" src=\"https:\/\/www.youtube.com\/embed\/nSahObzeyg4\" width=\"352\" height=\"626\" frameborder=\"0\" allowfullscreen=\"allowfullscreen\"><\/iframe><\/p>\n","protected":false},"excerpt":{"rendered":"","protected":false},"featured_media":2864,"template":"","meta":{"site-sidebar-layout":"default","site-content-layout":"default","ast-global-header-display":"","ast-banner-title-visibility":"","ast-main-header-display":"","ast-hfb-above-header-display":"","ast-hfb-below-header-display":"","ast-hfb-mobile-header-display":"","site-post-title":"","ast-breadcrumbs-content":"","ast-featured-img":"","footer-sml-layout":"","theme-transparent-header-meta":"default","adv-header-id-meta":"","stick-header-meta":"","header-above-stick-meta":"","header-main-stick-meta":"","header-below-stick-meta":""},"product_cat":[59,101],"product_tag":[],"yoast_head":"<!-- This site is optimized with the Yoast SEO plugin v21.1 - https:\/\/yoast.com\/wordpress\/plugins\/seo\/ -->\n<title>H\u00f6ckerkopfgecko - Rhacodactylus auriculatus - Zoo Austria - Ihr Profi f\u00fcr Terraristik<\/title>\n<meta name=\"description\" content=\"Der H\u00f6ckerkopfgecko kann wie ein Kronengecko gehalten werden und ist daher auch f\u00fcr Anf\u00e4nger geeignet. Bei uns bekommst du zu 100% Nachzuchten der Geckos.\" \/>\n<meta name=\"robots\" content=\"index, follow, max-snippet:-1, max-image-preview:large, max-video-preview:-1\" \/>\n<link rel=\"canonical\" href=\"https:\/\/www.zooaustria.com\/zooaustria\/terraristik\/hoeckerkopfgecko-rhacodactylus-auriculatus-haltung-kauf\/\" \/>\n<meta property=\"og:locale\" content=\"de_DE\" \/>\n<meta property=\"og:type\" content=\"article\" \/>\n<meta property=\"og:title\" content=\"H\u00f6ckerkopfgecko - Rhacodactylus auriculatus - Zoo Austria - Ihr Profi f\u00fcr Terraristik\" \/>\n<meta property=\"og:description\" content=\"Der H\u00f6ckerkopfgecko kann wie ein Kronengecko gehalten werden und ist daher auch f\u00fcr Anf\u00e4nger geeignet. Bei uns bekommst du zu 100% Nachzuchten der Geckos.\" \/>\n<meta property=\"og:url\" content=\"https:\/\/www.zooaustria.com\/zooaustria\/terraristik\/hoeckerkopfgecko-rhacodactylus-auriculatus-haltung-kauf\/\" \/>\n<meta property=\"og:site_name\" content=\"Zoo Austria - Ihr Profi f\u00fcr Terraristik\" \/>\n<meta property=\"article:modified_time\" content=\"2024-04-04T22:43:08+00:00\" \/>\n<meta property=\"og:image\" content=\"https:\/\/www.zooaustria.com\/zooaustria\/wp-content\/uploads\/2023\/09\/01-Hoeckerkopfgecko.jpg\" \/>\n\t<meta property=\"og:image:width\" content=\"743\" \/>\n\t<meta property=\"og:image:height\" content=\"494\" \/>\n\t<meta property=\"og:image:type\" content=\"image\/jpeg\" \/>\n<meta name=\"twitter:card\" content=\"summary_large_image\" \/>\n<script type=\"application\/ld+json\" class=\"yoast-schema-graph\">{\"@context\":\"https:\/\/schema.org\",\"@graph\":[{\"@type\":\"WebPage\",\"@id\":\"https:\/\/www.zooaustria.com\/zooaustria\/terraristik\/hoeckerkopfgecko-rhacodactylus-auriculatus-haltung-kauf\/\",\"url\":\"https:\/\/www.zooaustria.com\/zooaustria\/terraristik\/hoeckerkopfgecko-rhacodactylus-auriculatus-haltung-kauf\/\",\"name\":\"H\u00f6ckerkopfgecko - Rhacodactylus auriculatus - Zoo Austria - Ihr Profi f\u00fcr Terraristik\",\"isPartOf\":{\"@id\":\"https:\/\/www.zooaustria.com\/zooaustria\/#website\"},\"datePublished\":\"2023-09-16T20:41:32+00:00\",\"dateModified\":\"2024-04-04T22:43:08+00:00\",\"description\":\"Der H\u00f6ckerkopfgecko kann wie ein Kronengecko gehalten werden und ist daher auch f\u00fcr Anf\u00e4nger geeignet. Bei uns bekommst du zu 100% Nachzuchten der Geckos.\",\"breadcrumb\":{\"@id\":\"https:\/\/www.zooaustria.com\/zooaustria\/terraristik\/hoeckerkopfgecko-rhacodactylus-auriculatus-haltung-kauf\/#breadcrumb\"},\"inLanguage\":\"de\",\"potentialAction\":[{\"@type\":\"ReadAction\",\"target\":[\"https:\/\/www.zooaustria.com\/zooaustria\/terraristik\/hoeckerkopfgecko-rhacodactylus-auriculatus-haltung-kauf\/\"]}]},{\"@type\":\"BreadcrumbList\",\"@id\":\"https:\/\/www.zooaustria.com\/zooaustria\/terraristik\/hoeckerkopfgecko-rhacodactylus-auriculatus-haltung-kauf\/#breadcrumb\",\"itemListElement\":[{\"@type\":\"ListItem\",\"position\":1,\"name\":\"Startseite\",\"item\":\"https:\/\/www.zooaustria.com\/zooaustria\/\"},{\"@type\":\"ListItem\",\"position\":2,\"name\":\"Terraristik\",\"item\":\"https:\/\/www.zooaustria.com\/zooaustria\/terraristik-haltung-kauf\/\"},{\"@type\":\"ListItem\",\"position\":3,\"name\":\"H\u00f6ckerkopfgecko &#8211; Rhacodactylus auriculatus\"}]},{\"@type\":\"WebSite\",\"@id\":\"https:\/\/www.zooaustria.com\/zooaustria\/#website\",\"url\":\"https:\/\/www.zooaustria.com\/zooaustria\/\",\"name\":\"Zoo Austria - Ihr Profi f\u00fcr Terraristik\",\"description\":\"Terraristikshop\",\"publisher\":{\"@id\":\"https:\/\/www.zooaustria.com\/zooaustria\/#organization\"},\"potentialAction\":[{\"@type\":\"SearchAction\",\"target\":{\"@type\":\"EntryPoint\",\"urlTemplate\":\"https:\/\/www.zooaustria.com\/zooaustria\/?s={search_term_string}\"},\"query-input\":\"required name=search_term_string\"}],\"inLanguage\":\"de\"},{\"@type\":\"Organization\",\"@id\":\"https:\/\/www.zooaustria.com\/zooaustria\/#organization\",\"name\":\"Zoo Austria - Ihr Profi f\u00fcr Terraristik\",\"url\":\"https:\/\/www.zooaustria.com\/zooaustria\/\",\"logo\":{\"@type\":\"ImageObject\",\"inLanguage\":\"de\",\"@id\":\"https:\/\/www.zooaustria.com\/zooaustria\/#\/schema\/logo\/image\/\",\"url\":\"https:\/\/www.zooaustria.com\/zooaustria\/wp-content\/uploads\/2023\/11\/cropped-cropped-ZooAustria-Ihr_Profi_fuer_Terraristik-2-2.jpg\",\"contentUrl\":\"https:\/\/www.zooaustria.com\/zooaustria\/wp-content\/uploads\/2023\/11\/cropped-cropped-ZooAustria-Ihr_Profi_fuer_Terraristik-2-2.jpg\",\"width\":1846,\"height\":1796,\"caption\":\"Zoo Austria - Ihr Profi f\u00fcr Terraristik\"},\"image\":{\"@id\":\"https:\/\/www.zooaustria.com\/zooaustria\/#\/schema\/logo\/image\/\"}}]}<\/script>\n<!-- \/ Yoast SEO plugin. -->","yoast_head_json":{"title":"H\u00f6ckerkopfgecko - Rhacodactylus auriculatus - Zoo Austria - Ihr Profi f\u00fcr Terraristik","description":"Der H\u00f6ckerkopfgecko kann wie ein Kronengecko gehalten werden und ist daher auch f\u00fcr Anf\u00e4nger geeignet. Bei uns bekommst du zu 100% Nachzuchten der Geckos.","robots":{"index":"index","follow":"follow","max-snippet":"max-snippet:-1","max-image-preview":"max-image-preview:large","max-video-preview":"max-video-preview:-1"},"canonical":"https:\/\/www.zooaustria.com\/zooaustria\/terraristik\/hoeckerkopfgecko-rhacodactylus-auriculatus-haltung-kauf\/","og_locale":"de_DE","og_type":"article","og_title":"H\u00f6ckerkopfgecko - Rhacodactylus auriculatus - Zoo Austria - Ihr Profi f\u00fcr Terraristik","og_description":"Der H\u00f6ckerkopfgecko kann wie ein Kronengecko gehalten werden und ist daher auch f\u00fcr Anf\u00e4nger geeignet. Bei uns bekommst du zu 100% Nachzuchten der Geckos.","og_url":"https:\/\/www.zooaustria.com\/zooaustria\/terraristik\/hoeckerkopfgecko-rhacodactylus-auriculatus-haltung-kauf\/","og_site_name":"Zoo Austria - Ihr Profi f\u00fcr Terraristik","article_modified_time":"2024-04-04T22:43:08+00:00","og_image":[{"width":743,"height":494,"url":"https:\/\/www.zooaustria.com\/zooaustria\/wp-content\/uploads\/2023\/09\/01-Hoeckerkopfgecko.jpg","type":"image\/jpeg"}],"twitter_card":"summary_large_image","schema":{"@context":"https:\/\/schema.org","@graph":[{"@type":"WebPage","@id":"https:\/\/www.zooaustria.com\/zooaustria\/terraristik\/hoeckerkopfgecko-rhacodactylus-auriculatus-haltung-kauf\/","url":"https:\/\/www.zooaustria.com\/zooaustria\/terraristik\/hoeckerkopfgecko-rhacodactylus-auriculatus-haltung-kauf\/","name":"H\u00f6ckerkopfgecko - Rhacodactylus auriculatus - Zoo Austria - Ihr Profi f\u00fcr Terraristik","isPartOf":{"@id":"https:\/\/www.zooaustria.com\/zooaustria\/#website"},"datePublished":"2023-09-16T20:41:32+00:00","dateModified":"2024-04-04T22:43:08+00:00","description":"Der H\u00f6ckerkopfgecko kann wie ein Kronengecko gehalten werden und ist daher auch f\u00fcr Anf\u00e4nger geeignet. Bei uns bekommst du zu 100% Nachzuchten der Geckos.","breadcrumb":{"@id":"https:\/\/www.zooaustria.com\/zooaustria\/terraristik\/hoeckerkopfgecko-rhacodactylus-auriculatus-haltung-kauf\/#breadcrumb"},"inLanguage":"de","potentialAction":[{"@type":"ReadAction","target":["https:\/\/www.zooaustria.com\/zooaustria\/terraristik\/hoeckerkopfgecko-rhacodactylus-auriculatus-haltung-kauf\/"]}]},{"@type":"BreadcrumbList","@id":"https:\/\/www.zooaustria.com\/zooaustria\/terraristik\/hoeckerkopfgecko-rhacodactylus-auriculatus-haltung-kauf\/#breadcrumb","itemListElement":[{"@type":"ListItem","position":1,"name":"Startseite","item":"https:\/\/www.zooaustria.com\/zooaustria\/"},{"@type":"ListItem","position":2,"name":"Terraristik","item":"https:\/\/www.zooaustria.com\/zooaustria\/terraristik-haltung-kauf\/"},{"@type":"ListItem","position":3,"name":"H\u00f6ckerkopfgecko &#8211; Rhacodactylus auriculatus"}]},{"@type":"WebSite","@id":"https:\/\/www.zooaustria.com\/zooaustria\/#website","url":"https:\/\/www.zooaustria.com\/zooaustria\/","name":"Zoo Austria - Ihr Profi f\u00fcr Terraristik","description":"Terraristikshop","publisher":{"@id":"https:\/\/www.zooaustria.com\/zooaustria\/#organization"},"potentialAction":[{"@type":"SearchAction","target":{"@type":"EntryPoint","urlTemplate":"https:\/\/www.zooaustria.com\/zooaustria\/?s={search_term_string}"},"query-input":"required name=search_term_string"}],"inLanguage":"de"},{"@type":"Organization","@id":"https:\/\/www.zooaustria.com\/zooaustria\/#organization","name":"Zoo Austria - Ihr Profi f\u00fcr Terraristik","url":"https:\/\/www.zooaustria.com\/zooaustria\/","logo":{"@type":"ImageObject","inLanguage":"de","@id":"https:\/\/www.zooaustria.com\/zooaustria\/#\/schema\/logo\/image\/","url":"https:\/\/www.zooaustria.com\/zooaustria\/wp-content\/uploads\/2023\/11\/cropped-cropped-ZooAustria-Ihr_Profi_fuer_Terraristik-2-2.jpg","contentUrl":"https:\/\/www.zooaustria.com\/zooaustria\/wp-content\/uploads\/2023\/11\/cropped-cropped-ZooAustria-Ihr_Profi_fuer_Terraristik-2-2.jpg","width":1846,"height":1796,"caption":"Zoo Austria - Ihr Profi f\u00fcr Terraristik"},"image":{"@id":"https:\/\/www.zooaustria.com\/zooaustria\/#\/schema\/logo\/image\/"}}]}},"_links":{"self":[{"href":"https:\/\/www.zooaustria.com\/zooaustria\/wp-json\/wp\/v2\/product\/2853"}],"collection":[{"href":"https:\/\/www.zooaustria.com\/zooaustria\/wp-json\/wp\/v2\/product"}],"about":[{"href":"https:\/\/www.zooaustria.com\/zooaustria\/wp-json\/wp\/v2\/types\/product"}],"wp:featuredmedia":[{"embeddable":true,"href":"https:\/\/www.zooaustria.com\/zooaustria\/wp-json\/wp\/v2\/media\/2864"}],"wp:attachment":[{"href":"https:\/\/www.zooaustria.com\/zooaustria\/wp-json\/wp\/v2\/media?parent=2853"}],"wp:term":[{"taxonomy":"product_cat","embeddable":true,"href":"https:\/\/www.zooaustria.com\/zooaustria\/wp-json\/wp\/v2\/product_cat?post=2853"},{"taxonomy":"product_tag","embeddable":true,"href":"https:\/\/www.zooaustria.com\/zooaustria\/wp-json\/wp\/v2\/product_tag?post=2853"}],"curies":[{"name":"wp","href":"https:\/\/api.w.org\/{rel}","templated":true}]}}