{"id":2922,"date":"2023-11-06T00:17:16","date_gmt":"2023-11-05T23:17:16","guid":{"rendered":"https:\/\/www.zooaustria.com\/zooaustria\/?post_type=product&#038;p=2922"},"modified":"2024-03-20T10:26:28","modified_gmt":"2024-03-20T09:26:28","slug":"kronenbasilisk-haltung-kaufen","status":"publish","type":"product","link":"https:\/\/www.zooaustria.com\/zooaustria\/terraristik\/kronenbasilisk-haltung-kaufen\/","title":{"rendered":"Kronenbasilisk &#8211; Laemanctus julioi"},"content":{"rendered":"<h2>Haltung Kronenbasilisk julioi<\/h2>\n<p><span style=\"font-weight: 400;\"><strong>Allgemeines:\u00a0<\/strong>Laemanctus julioi geh\u00f6rt zu den Helmleguanen und Basilisken. Benannt wurden die Echsen nach Julio Enrique M\u00e9rida, Kurator des Museums f\u00fcr Naturgeschichte der UNAH in Tegucigalpa. Sie besitzen einen sehr langen Schwanz, Beine und filigrane Zehen. <\/span><br \/>\n<span style=\"font-weight: 400;\">Die Farbe \u00e4ndert sich je nach Art und umfasst verschiedene Gr\u00fcnt\u00f6ne. Es gibt ein braunes L\u00e4ngsband auf dem R\u00fccken und weitere seitlich vom Auge \u00fcber das Gesicht bis zu den Hinterbeinen. Speziell bei Kronenbasilisken julioi findet sich auch ein wei\u00dfer Streifen beginnend bei den Augen.\u00a0 Auf dem K\u00f6rper sind vier bis f\u00fcnf Querb\u00e4nder, auch der Schwanz hat Streifen. <\/span><br \/>\n<span style=\"font-weight: 400;\">Je nach Stimmung oder Paarungszeit kann die F\u00e4rbung inensiver werden, oder im Alter abnehmen. Die Tiere k\u00f6nnen sehr gut in kleineren Gruppen gehalten werden. Kronenbasilisk julioi sind sehr h\u00fcbesche, ruhige und aufmerksame Leguane.\u00a0<\/span><\/p>\n<p><span style=\"font-weight: 400;\"><strong>Name:<\/strong>\u00a0<em>Laemanctus\u00a0 julioi<\/em><\/span><br \/>\n<b>Herkunft, Vorkommen<\/b><span style=\"font-weight: 400;\">: Honduras in 650-1000m H\u00f6he. Sie leben in B\u00e4umen und B\u00fcschen.\u00a0<\/span><br \/>\n<strong>Gr\u00f6\u00dfe<\/strong>: ca.12-13cm (KRL), insgesamt bis 60 cm<br \/>\n<strong>Alter<\/strong>:\u00a0 15-20 Jahre<br \/>\n<strong>Meldepflicht<\/strong>: ja (f\u00fcr alle Reptilien in \u00d6sterreich)<\/p>\n<h2>Futter\/Nahrung:<\/h2>\n<p><strong>Insektenfresser<\/strong>: W\u00fcstenheuschrecken, Wanderheuschrecken, Heimchen, Mittelmeergrillen, Steppengrillen, Wachsmaden, Mehlw\u00fcrmer, argentinische Schaben und andere. Die Insekten gelegentlich mit Mineral- und Vitaminpr\u00e4parat best\u00e4uben.<\/p>\n<h2>Haltung &amp; Terrarium Einrichtung:<\/h2>\n<p><strong>Terrarium Typ: <\/strong>Tropenterrarium, Waldterrarium<br \/>\n<strong>Mindestgr\u00f6\u00dfe Terrarium: <span style=\"font-weight: 400;\">120x50x100cm<\/span><span style=\"font-weight: 400;\"> (2 Tiere)<\/span><\/strong><br \/>\n<strong>Beleuchtung: <\/strong>W\u00e4rmestrahler &amp; UVB-Lampe<br \/>\n<strong>Beleuchtungszeit: <\/strong>den Jahreszeiten anpassen<br \/>\n<strong>Temperatur: <span style=\"font-weight: 400;\">25-32 \u00b0C<\/span><\/strong><br \/>\n<strong>Luftfeuchtigkeit: <span style=\"font-weight: 400;\">50-80% LF\u00a0<\/span><\/strong><\/p>\n<h3>Einrichtung Terrarium<\/h3>\n<p>Kletter-, und Versteckm\u00f6glichkeiten durch \u00c4ste und Pflanzen anbieten. Kork\u00e4ste, Lianen, baumartige Strukturen als auch viele lebende Pflanzen. Eine Wasserschale sollte vorhanden sein, t\u00e4glicher Wasserwechsel.<br \/>\n<strong>Bodengrund: <\/strong>Terrarienerde oder Kokshumus, Pinienrinde oder Moos als Deckschicht. Der Boden sollte an einer Stelle immer leicht feucht sein. (f\u00fcr Eiablage oder Bodenpolizei, wie Springschw\u00e4nze und Asseln)<br \/>\n<strong>Pflanzen: <\/strong>Bromelien, Efeutute, verschiedene Orchideen, Tillandsien, Palmen<\/p>\n<h2>Sozialverhalten \/Lebensweise<\/h2>\n<p>Laemanctus julioi sind tagaktiv und sozial vertr\u00e4gliche Tiere.\u00a0 Die Basilisken k\u00f6nnen alleine, in kleinen Gruppen (2 Weibchen 1 M\u00e4nnchen) oder auch zwei M\u00e4nnchen, zusammen gehalten werden.<br \/>\n<strong>Geschlechtsunterscheidung:<\/strong><br \/>\nDas Geschlecht ist anhand \u00e4u\u00dferer Merkmale schwer zu bestimmen. M\u00e4nnchen haben eine etwas dickere Schwanzwurzel und k\u00f6nnen an ihrem Hemipenis erkannt werden.<br \/>\n<strong>Eiablage: <\/strong>Es werden 3-6 Eier gelegt, 2x im Jahr. Die Paarungszeit findet von April bis Juni statt.<\/p>\n<div class=\"ast-oembed-container\" style=\"height: 100%;\"><iframe title=\"#Kronenbasilisk eigene Nachzucht:)  #LaemanctusJulioi #TerraristikWien\" width=\"500\" height=\"281\" src=\"https:\/\/www.youtube.com\/embed\/qFmwEdiSLcc?feature=oembed\" frameborder=\"0\" allow=\"accelerometer; autoplay; clipboard-write; encrypted-media; gyroscope; picture-in-picture; web-share\" allowfullscreen><\/iframe><\/div>\n","protected":false},"excerpt":{"rendered":"<p>Haltung Kronenbasilisk julioi Allgemeines:\u00a0Laemanctus julioi geh\u00f6rt zu den Helmleguanen und Basilisken. Benannt wurden die Echsen nach Julio Enrique M\u00e9rida, Kurator des Museums f\u00fcr Naturgeschichte der UNAH in Tegucigalpa. Sie besitzen einen sehr langen Schwanz, Beine und filigrane Zehen. Die Farbe \u00e4ndert sich je nach Art und umfasst verschiedene Gr\u00fcnt\u00f6ne. Es gibt ein braunes L\u00e4ngsband auf &hellip;<\/p>\n<p class=\"read-more\"> <a class=\"\" href=\"https:\/\/www.zooaustria.com\/zooaustria\/terraristik\/kronenbasilisk-haltung-kaufen\/\"> <span class=\"screen-reader-text\">Kronenbasilisk &#8211; Laemanctus julioi<\/span> Weiterlesen &raquo;<\/a><\/p>\n","protected":false},"featured_media":3488,"template":"","meta":{"site-sidebar-layout":"default","site-content-layout":"default","ast-global-header-display":"","ast-banner-title-visibility":"","ast-main-header-display":"","ast-hfb-above-header-display":"","ast-hfb-below-header-display":"","ast-hfb-mobile-header-display":"disabled","site-post-title":"","ast-breadcrumbs-content":"","ast-featured-img":"","footer-sml-layout":"","theme-transparent-header-meta":"default","adv-header-id-meta":"","stick-header-meta":"","header-above-stick-meta":"","header-main-stick-meta":"","header-below-stick-meta":""},"product_cat":[62,120,101],"product_tag":[],"yoast_head":"<!-- This site is optimized with the Yoast SEO plugin v21.1 - https:\/\/yoast.com\/wordpress\/plugins\/seo\/ -->\n<title>Kronenbasilisk Haltung-Kaufen: ZooAustria Terraristikshop Wien<\/title>\n<meta name=\"description\" content=\"Laemanctus julioi (Kronenbasilisiken) sind bei uns erh\u00e4ltlich (eigene Nachzucht). Sie geh\u00f6ren zu den Leguanen und sehr anmutige als auch neugierige Tiere.\" \/>\n<meta name=\"robots\" content=\"index, follow, max-snippet:-1, max-image-preview:large, max-video-preview:-1\" \/>\n<link rel=\"canonical\" href=\"https:\/\/www.zooaustria.com\/zooaustria\/terraristik\/kronenbasilisk-haltung-kaufen\/\" \/>\n<meta property=\"og:locale\" content=\"de_DE\" \/>\n<meta property=\"og:type\" content=\"article\" \/>\n<meta property=\"og:title\" content=\"Kronenbasilisk Haltung-Kaufen: ZooAustria Terraristikshop Wien\" \/>\n<meta property=\"og:description\" content=\"Laemanctus julioi (Kronenbasilisiken) sind bei uns erh\u00e4ltlich (eigene Nachzucht). Sie geh\u00f6ren zu den Leguanen und sehr anmutige als auch neugierige Tiere.\" \/>\n<meta property=\"og:url\" content=\"https:\/\/www.zooaustria.com\/zooaustria\/terraristik\/kronenbasilisk-haltung-kaufen\/\" \/>\n<meta property=\"og:site_name\" content=\"Zoo Austria - Ihr Profi f\u00fcr Terraristik\" \/>\n<meta property=\"article:modified_time\" content=\"2024-03-20T09:26:28+00:00\" \/>\n<meta property=\"og:image\" content=\"https:\/\/www.zooaustria.com\/zooaustria\/wp-content\/uploads\/2023\/11\/Kronenbasilisk_Jungtier.jpg\" \/>\n\t<meta property=\"og:image:width\" content=\"743\" \/>\n\t<meta property=\"og:image:height\" content=\"494\" \/>\n\t<meta property=\"og:image:type\" content=\"image\/jpeg\" \/>\n<meta name=\"twitter:card\" content=\"summary_large_image\" \/>\n<meta name=\"twitter:label1\" content=\"Gesch\u00e4tzte Lesezeit\" \/>\n\t<meta name=\"twitter:data1\" content=\"2\u00a0Minuten\" \/>\n<script type=\"application\/ld+json\" class=\"yoast-schema-graph\">{\"@context\":\"https:\/\/schema.org\",\"@graph\":[{\"@type\":\"WebPage\",\"@id\":\"https:\/\/www.zooaustria.com\/zooaustria\/terraristik\/kronenbasilisk-haltung-kaufen\/\",\"url\":\"https:\/\/www.zooaustria.com\/zooaustria\/terraristik\/kronenbasilisk-haltung-kaufen\/\",\"name\":\"Kronenbasilisk Haltung-Kaufen: ZooAustria Terraristikshop Wien\",\"isPartOf\":{\"@id\":\"https:\/\/www.zooaustria.com\/zooaustria\/#website\"},\"datePublished\":\"2023-11-05T23:17:16+00:00\",\"dateModified\":\"2024-03-20T09:26:28+00:00\",\"description\":\"Laemanctus julioi (Kronenbasilisiken) sind bei uns erh\u00e4ltlich (eigene Nachzucht). Sie geh\u00f6ren zu den Leguanen und sehr anmutige als auch neugierige Tiere.\",\"breadcrumb\":{\"@id\":\"https:\/\/www.zooaustria.com\/zooaustria\/terraristik\/kronenbasilisk-haltung-kaufen\/#breadcrumb\"},\"inLanguage\":\"de\",\"potentialAction\":[{\"@type\":\"ReadAction\",\"target\":[\"https:\/\/www.zooaustria.com\/zooaustria\/terraristik\/kronenbasilisk-haltung-kaufen\/\"]}]},{\"@type\":\"BreadcrumbList\",\"@id\":\"https:\/\/www.zooaustria.com\/zooaustria\/terraristik\/kronenbasilisk-haltung-kaufen\/#breadcrumb\",\"itemListElement\":[{\"@type\":\"ListItem\",\"position\":1,\"name\":\"Startseite\",\"item\":\"https:\/\/www.zooaustria.com\/zooaustria\/\"},{\"@type\":\"ListItem\",\"position\":2,\"name\":\"Terraristik\",\"item\":\"https:\/\/www.zooaustria.com\/zooaustria\/terraristik-haltung-kauf\/\"},{\"@type\":\"ListItem\",\"position\":3,\"name\":\"Kronenbasilisk &#8211; Laemanctus julioi\"}]},{\"@type\":\"WebSite\",\"@id\":\"https:\/\/www.zooaustria.com\/zooaustria\/#website\",\"url\":\"https:\/\/www.zooaustria.com\/zooaustria\/\",\"name\":\"Zoo Austria - Ihr Profi f\u00fcr Terraristik\",\"description\":\"Terraristikshop\",\"publisher\":{\"@id\":\"https:\/\/www.zooaustria.com\/zooaustria\/#organization\"},\"potentialAction\":[{\"@type\":\"SearchAction\",\"target\":{\"@type\":\"EntryPoint\",\"urlTemplate\":\"https:\/\/www.zooaustria.com\/zooaustria\/?s={search_term_string}\"},\"query-input\":\"required name=search_term_string\"}],\"inLanguage\":\"de\"},{\"@type\":\"Organization\",\"@id\":\"https:\/\/www.zooaustria.com\/zooaustria\/#organization\",\"name\":\"Zoo Austria - Ihr Profi f\u00fcr Terraristik\",\"url\":\"https:\/\/www.zooaustria.com\/zooaustria\/\",\"logo\":{\"@type\":\"ImageObject\",\"inLanguage\":\"de\",\"@id\":\"https:\/\/www.zooaustria.com\/zooaustria\/#\/schema\/logo\/image\/\",\"url\":\"https:\/\/www.zooaustria.com\/zooaustria\/wp-content\/uploads\/2023\/11\/cropped-cropped-ZooAustria-Ihr_Profi_fuer_Terraristik-2-2.jpg\",\"contentUrl\":\"https:\/\/www.zooaustria.com\/zooaustria\/wp-content\/uploads\/2023\/11\/cropped-cropped-ZooAustria-Ihr_Profi_fuer_Terraristik-2-2.jpg\",\"width\":1846,\"height\":1796,\"caption\":\"Zoo Austria - Ihr Profi f\u00fcr Terraristik\"},\"image\":{\"@id\":\"https:\/\/www.zooaustria.com\/zooaustria\/#\/schema\/logo\/image\/\"}}]}<\/script>\n<!-- \/ Yoast SEO plugin. -->","yoast_head_json":{"title":"Kronenbasilisk Haltung-Kaufen: ZooAustria Terraristikshop Wien","description":"Laemanctus julioi (Kronenbasilisiken) sind bei uns erh\u00e4ltlich (eigene Nachzucht). Sie geh\u00f6ren zu den Leguanen und sehr anmutige als auch neugierige Tiere.","robots":{"index":"index","follow":"follow","max-snippet":"max-snippet:-1","max-image-preview":"max-image-preview:large","max-video-preview":"max-video-preview:-1"},"canonical":"https:\/\/www.zooaustria.com\/zooaustria\/terraristik\/kronenbasilisk-haltung-kaufen\/","og_locale":"de_DE","og_type":"article","og_title":"Kronenbasilisk Haltung-Kaufen: ZooAustria Terraristikshop Wien","og_description":"Laemanctus julioi (Kronenbasilisiken) sind bei uns erh\u00e4ltlich (eigene Nachzucht). Sie geh\u00f6ren zu den Leguanen und sehr anmutige als auch neugierige Tiere.","og_url":"https:\/\/www.zooaustria.com\/zooaustria\/terraristik\/kronenbasilisk-haltung-kaufen\/","og_site_name":"Zoo Austria - Ihr Profi f\u00fcr Terraristik","article_modified_time":"2024-03-20T09:26:28+00:00","og_image":[{"width":743,"height":494,"url":"https:\/\/www.zooaustria.com\/zooaustria\/wp-content\/uploads\/2023\/11\/Kronenbasilisk_Jungtier.jpg","type":"image\/jpeg"}],"twitter_card":"summary_large_image","twitter_misc":{"Gesch\u00e4tzte Lesezeit":"2\u00a0Minuten"},"schema":{"@context":"https:\/\/schema.org","@graph":[{"@type":"WebPage","@id":"https:\/\/www.zooaustria.com\/zooaustria\/terraristik\/kronenbasilisk-haltung-kaufen\/","url":"https:\/\/www.zooaustria.com\/zooaustria\/terraristik\/kronenbasilisk-haltung-kaufen\/","name":"Kronenbasilisk Haltung-Kaufen: ZooAustria Terraristikshop Wien","isPartOf":{"@id":"https:\/\/www.zooaustria.com\/zooaustria\/#website"},"datePublished":"2023-11-05T23:17:16+00:00","dateModified":"2024-03-20T09:26:28+00:00","description":"Laemanctus julioi (Kronenbasilisiken) sind bei uns erh\u00e4ltlich (eigene Nachzucht). Sie geh\u00f6ren zu den Leguanen und sehr anmutige als auch neugierige Tiere.","breadcrumb":{"@id":"https:\/\/www.zooaustria.com\/zooaustria\/terraristik\/kronenbasilisk-haltung-kaufen\/#breadcrumb"},"inLanguage":"de","potentialAction":[{"@type":"ReadAction","target":["https:\/\/www.zooaustria.com\/zooaustria\/terraristik\/kronenbasilisk-haltung-kaufen\/"]}]},{"@type":"BreadcrumbList","@id":"https:\/\/www.zooaustria.com\/zooaustria\/terraristik\/kronenbasilisk-haltung-kaufen\/#breadcrumb","itemListElement":[{"@type":"ListItem","position":1,"name":"Startseite","item":"https:\/\/www.zooaustria.com\/zooaustria\/"},{"@type":"ListItem","position":2,"name":"Terraristik","item":"https:\/\/www.zooaustria.com\/zooaustria\/terraristik-haltung-kauf\/"},{"@type":"ListItem","position":3,"name":"Kronenbasilisk &#8211; Laemanctus julioi"}]},{"@type":"WebSite","@id":"https:\/\/www.zooaustria.com\/zooaustria\/#website","url":"https:\/\/www.zooaustria.com\/zooaustria\/","name":"Zoo Austria - Ihr Profi f\u00fcr Terraristik","description":"Terraristikshop","publisher":{"@id":"https:\/\/www.zooaustria.com\/zooaustria\/#organization"},"potentialAction":[{"@type":"SearchAction","target":{"@type":"EntryPoint","urlTemplate":"https:\/\/www.zooaustria.com\/zooaustria\/?s={search_term_string}"},"query-input":"required name=search_term_string"}],"inLanguage":"de"},{"@type":"Organization","@id":"https:\/\/www.zooaustria.com\/zooaustria\/#organization","name":"Zoo Austria - Ihr Profi f\u00fcr Terraristik","url":"https:\/\/www.zooaustria.com\/zooaustria\/","logo":{"@type":"ImageObject","inLanguage":"de","@id":"https:\/\/www.zooaustria.com\/zooaustria\/#\/schema\/logo\/image\/","url":"https:\/\/www.zooaustria.com\/zooaustria\/wp-content\/uploads\/2023\/11\/cropped-cropped-ZooAustria-Ihr_Profi_fuer_Terraristik-2-2.jpg","contentUrl":"https:\/\/www.zooaustria.com\/zooaustria\/wp-content\/uploads\/2023\/11\/cropped-cropped-ZooAustria-Ihr_Profi_fuer_Terraristik-2-2.jpg","width":1846,"height":1796,"caption":"Zoo Austria - Ihr Profi f\u00fcr Terraristik"},"image":{"@id":"https:\/\/www.zooaustria.com\/zooaustria\/#\/schema\/logo\/image\/"}}]}},"_links":{"self":[{"href":"https:\/\/www.zooaustria.com\/zooaustria\/wp-json\/wp\/v2\/product\/2922"}],"collection":[{"href":"https:\/\/www.zooaustria.com\/zooaustria\/wp-json\/wp\/v2\/product"}],"about":[{"href":"https:\/\/www.zooaustria.com\/zooaustria\/wp-json\/wp\/v2\/types\/product"}],"wp:featuredmedia":[{"embeddable":true,"href":"https:\/\/www.zooaustria.com\/zooaustria\/wp-json\/wp\/v2\/media\/3488"}],"wp:attachment":[{"href":"https:\/\/www.zooaustria.com\/zooaustria\/wp-json\/wp\/v2\/media?parent=2922"}],"wp:term":[{"taxonomy":"product_cat","embeddable":true,"href":"https:\/\/www.zooaustria.com\/zooaustria\/wp-json\/wp\/v2\/product_cat?post=2922"},{"taxonomy":"product_tag","embeddable":true,"href":"https:\/\/www.zooaustria.com\/zooaustria\/wp-json\/wp\/v2\/product_tag?post=2922"}],"curies":[{"name":"wp","href":"https:\/\/api.w.org\/{rel}","templated":true}]}}