{"id":295,"date":"2017-03-22T18:52:53","date_gmt":"2017-03-22T17:52:53","guid":{"rendered":"http:\/\/www.derseelenhund.at\/zooaustria\/?post_type=product&#038;p=295"},"modified":"2023-06-09T00:54:07","modified_gmt":"2023-06-08T22:54:07","slug":"pantherchamaeleon-kaufen","status":"publish","type":"product","link":"https:\/\/www.zooaustria.com\/zooaustria\/terraristik\/pantherchamaeleon-kaufen\/","title":{"rendered":"Panthercham\u00e4leon"},"content":{"rendered":"<h2>Haltung Panthercham\u00e4leon:<\/h2>\n<p><strong>Allgemein<\/strong>: Die F\u00e4rbung der Panthercham\u00e4leons h\u00e4ngt von den jeweiligen Regionen ab, in der sie beheimatet sind. Deutlich erkennbar ist ein Seitenstreifen entlang des K\u00f6rpers.\u00a0 Sie leben in K\u00fcstenn\u00e4he, hohe Luftfeuchtigkeit und sehr warmen Temperaturen. Kleine Haltungsfehler werden vom Panthercham\u00e4leon verziehen.<\/p>\n<p><strong>Name<\/strong>: Furcifer pardalis<br \/>\n<strong>Herkunft und Vorkommen:<\/strong> Nord- und Nordost-Madagaskar, sowie auf einigen umliegenden Inseln\u00a0 (u.a. Nosy Be, Sainte Marie, Tolagnaro, Reunion &amp; Mauritus), in B\u00e4umen und B\u00fcschen<br \/>\n<strong>Gr\u00f6\u00dfe<\/strong>:\u00a045-55cm<br \/>\n<strong>Alter<\/strong>:\u00a04-6 Jahre<br \/>\n<strong>Meldepflicht<\/strong>: ja (alle Reptilien in \u00d6sterreich)<\/p>\n<h3>Futter\/Nahrung:<\/h3>\n<p>Futterinsekten, Wander-W\u00fcstenheuschrecken, Grillen, Heimchen, Wachsmaden, Schaben, Mehlw\u00fcrmer, Zophobas, bis zum 1. Lebensjahr t\u00e4glich f\u00fcttern, bei adulten Tieren 2-3x die Woche da sie sonst schnell Gewicht zulegen. Die Futtertiergr\u00f6\u00dfe immer zum Verh\u00e4ltnis der Cham\u00e4leongr\u00f6\u00dfe.<\/p>\n<p><iframe title=\"YouTube video player\" src=\"https:\/\/www.youtube-nocookie.com\/embed\/ltrW_1FSgWo\" width=\"560\" height=\"315\" frameborder=\"0\" allowfullscreen=\"allowfullscreen\"><\/iframe><\/p>\n<h3>Haltung &amp; Terrarium Einrichtung:<\/h3>\n<p><strong>Terrariumtyp<\/strong>: Waldterrarium<br \/>\n<strong>Mindestgr\u00f6\u00dfe Terrarium: <\/strong>100x80x150cm<br \/>\n<strong>Beleuchtung<\/strong>: W\u00e4rmestrahler &amp; UV-B-Lampe, die Tiere haben ein hohes Lichtbed\u00fcrfnis, ideal eignet sich die Bright Sun-Lampe<br \/>\n<strong>Temperatur<\/strong>:\u00a0tags\u00fcber 25-30\u00b0C, punktuell 35\u00b0C, nachts\u00fcber 18-22\u00b0C<br \/>\n<strong>Luftfeuchtigkeit<\/strong>:\u00a0\u00a0tags\u00fcber 60-80%, nachts\u00fcber 90-100%<\/p>\n<h4>Einrichtung:<\/h4>\n<p>viele Kletter\u00e4ste und Lianen in verschiedenen St\u00e4rken<br \/>\n<strong>Bodengrund<\/strong>: Terrarienerde oder Kokshumus, Pinienrinde oder Moos als Deckschicht. An einer Stelle sollte der Boden immer leicht feucht sein.<br \/>\n<strong>Pflanzen<\/strong>: viele Lebendpflanzen wie Bromelien, Efeu, Farne, Ficus, Strahlenaralie, Einblatt, Tillandsien, etc.<\/p>\n<h3>Sozialverhalten\/Lebensweise:<\/h3>\n<p>Die Tiere sind untereinander unvertr\u00e4glich, daher Einzelhaltung<br \/>\n<strong>Geschlechtsunterscheidung<\/strong>:\u00a0M\u00e4nnliche Tiere werden gr\u00f6\u00dfer, ihre Schwanzwurzel ist verdickt und der Nasenkamm ist ausgepr\u00e4gter. Au\u00dferdem sind die M\u00e4nnchen wesentlich bunter<\/p>\n<h3>Wichtig:<\/h3>\n<p>Gute Durchl\u00fcftung und hohe Lichtqualit\u00e4t sind wichtig f\u00fcr die artgerechte Haltung, die Tiere trinken nur bewegtes Wasser oder von der Pipette\/Tropfen von Bl\u00e4ttern und \u00c4sten. Die Weibchen brauchen zur Eiablage eine hohe Erdschicht.<\/p>\n","protected":false},"excerpt":{"rendered":"<p>Panthercham\u00e4leon \/ Furcifer pardalis<\/p>\n","protected":false},"featured_media":299,"template":"","meta":{"site-sidebar-layout":"default","site-content-layout":"default","ast-global-header-display":"","ast-banner-title-visibility":"","ast-main-header-display":"","ast-hfb-above-header-display":"","ast-hfb-below-header-display":"","ast-hfb-mobile-header-display":"","site-post-title":"","ast-breadcrumbs-content":"","ast-featured-img":"","footer-sml-layout":"","theme-transparent-header-meta":"default","adv-header-id-meta":"","stick-header-meta":"","header-above-stick-meta":"","header-main-stick-meta":"","header-below-stick-meta":""},"product_cat":[57,101],"product_tag":[],"yoast_head":"<!-- This site is optimized with the Yoast SEO plugin v21.1 - https:\/\/yoast.com\/wordpress\/plugins\/seo\/ -->\n<title>Panthercham\u00e4leon kaufen - Zoo Austria - Ihr Profi f\u00fcr Terraristik Terraristik Shop \u00d6sterreich<\/title>\n<meta name=\"description\" content=\"Panthercham\u00e4leons geh\u00f6ren zu den farbenpr\u00e4chtigsten Cham\u00e4leonarten. Das Terrarium sollte mit vielen Kletter\u00e4sten, Pflanzen und Lianen ausgestattet werden.\" \/>\n<meta name=\"robots\" content=\"index, follow, max-snippet:-1, max-image-preview:large, max-video-preview:-1\" \/>\n<link rel=\"canonical\" href=\"https:\/\/www.zooaustria.com\/zooaustria\/terraristik\/pantherchamaeleon-kaufen\/\" \/>\n<meta property=\"og:locale\" content=\"de_DE\" \/>\n<meta property=\"og:type\" content=\"article\" \/>\n<meta property=\"og:title\" content=\"Panthercham\u00e4leon kaufen - Zoo Austria - Ihr Profi f\u00fcr Terraristik Terraristik Shop \u00d6sterreich\" \/>\n<meta property=\"og:description\" content=\"Panthercham\u00e4leons geh\u00f6ren zu den farbenpr\u00e4chtigsten Cham\u00e4leonarten. Das Terrarium sollte mit vielen Kletter\u00e4sten, Pflanzen und Lianen ausgestattet werden.\" \/>\n<meta property=\"og:url\" content=\"https:\/\/www.zooaustria.com\/zooaustria\/terraristik\/pantherchamaeleon-kaufen\/\" \/>\n<meta property=\"og:site_name\" content=\"Zoo Austria - Ihr Profi f\u00fcr Terraristik\" \/>\n<meta property=\"article:modified_time\" content=\"2023-06-08T22:54:07+00:00\" \/>\n<meta property=\"og:image\" content=\"https:\/\/www.zooaustria.com\/zooaustria\/wp-content\/uploads\/2017\/03\/pantherchamleon-_-furcifer-pardalis3.jpeg\" \/>\n\t<meta property=\"og:image:width\" content=\"743\" \/>\n\t<meta property=\"og:image:height\" content=\"494\" \/>\n\t<meta property=\"og:image:type\" content=\"image\/jpeg\" \/>\n<meta name=\"twitter:card\" content=\"summary_large_image\" \/>\n<meta name=\"twitter:label1\" content=\"Gesch\u00e4tzte Lesezeit\" \/>\n\t<meta name=\"twitter:data1\" content=\"2\u00a0Minuten\" \/>\n<script type=\"application\/ld+json\" class=\"yoast-schema-graph\">{\"@context\":\"https:\/\/schema.org\",\"@graph\":[{\"@type\":\"WebPage\",\"@id\":\"https:\/\/www.zooaustria.com\/zooaustria\/terraristik\/pantherchamaeleon-kaufen\/\",\"url\":\"https:\/\/www.zooaustria.com\/zooaustria\/terraristik\/pantherchamaeleon-kaufen\/\",\"name\":\"Panthercham\u00e4leon kaufen - Zoo Austria - Ihr Profi f\u00fcr Terraristik Terraristik Shop \u00d6sterreich\",\"isPartOf\":{\"@id\":\"https:\/\/www.zooaustria.com\/zooaustria\/#website\"},\"datePublished\":\"2017-03-22T17:52:53+00:00\",\"dateModified\":\"2023-06-08T22:54:07+00:00\",\"description\":\"Panthercham\u00e4leons geh\u00f6ren zu den farbenpr\u00e4chtigsten Cham\u00e4leonarten. Das Terrarium sollte mit vielen Kletter\u00e4sten, Pflanzen und Lianen ausgestattet werden.\",\"breadcrumb\":{\"@id\":\"https:\/\/www.zooaustria.com\/zooaustria\/terraristik\/pantherchamaeleon-kaufen\/#breadcrumb\"},\"inLanguage\":\"de\",\"potentialAction\":[{\"@type\":\"ReadAction\",\"target\":[\"https:\/\/www.zooaustria.com\/zooaustria\/terraristik\/pantherchamaeleon-kaufen\/\"]}]},{\"@type\":\"BreadcrumbList\",\"@id\":\"https:\/\/www.zooaustria.com\/zooaustria\/terraristik\/pantherchamaeleon-kaufen\/#breadcrumb\",\"itemListElement\":[{\"@type\":\"ListItem\",\"position\":1,\"name\":\"Startseite\",\"item\":\"https:\/\/www.zooaustria.com\/zooaustria\/\"},{\"@type\":\"ListItem\",\"position\":2,\"name\":\"Terraristik\",\"item\":\"https:\/\/www.zooaustria.com\/zooaustria\/terraristik-haltung-kauf\/\"},{\"@type\":\"ListItem\",\"position\":3,\"name\":\"Panthercham\u00e4leon\"}]},{\"@type\":\"WebSite\",\"@id\":\"https:\/\/www.zooaustria.com\/zooaustria\/#website\",\"url\":\"https:\/\/www.zooaustria.com\/zooaustria\/\",\"name\":\"Zoo Austria - Ihr Profi f\u00fcr Terraristik\",\"description\":\"Terraristikshop\",\"publisher\":{\"@id\":\"https:\/\/www.zooaustria.com\/zooaustria\/#organization\"},\"potentialAction\":[{\"@type\":\"SearchAction\",\"target\":{\"@type\":\"EntryPoint\",\"urlTemplate\":\"https:\/\/www.zooaustria.com\/zooaustria\/?s={search_term_string}\"},\"query-input\":\"required name=search_term_string\"}],\"inLanguage\":\"de\"},{\"@type\":\"Organization\",\"@id\":\"https:\/\/www.zooaustria.com\/zooaustria\/#organization\",\"name\":\"Zoo Austria - Ihr Profi f\u00fcr Terraristik\",\"url\":\"https:\/\/www.zooaustria.com\/zooaustria\/\",\"logo\":{\"@type\":\"ImageObject\",\"inLanguage\":\"de\",\"@id\":\"https:\/\/www.zooaustria.com\/zooaustria\/#\/schema\/logo\/image\/\",\"url\":\"https:\/\/www.zooaustria.com\/zooaustria\/wp-content\/uploads\/2023\/11\/cropped-cropped-ZooAustria-Ihr_Profi_fuer_Terraristik-2-2.jpg\",\"contentUrl\":\"https:\/\/www.zooaustria.com\/zooaustria\/wp-content\/uploads\/2023\/11\/cropped-cropped-ZooAustria-Ihr_Profi_fuer_Terraristik-2-2.jpg\",\"width\":1846,\"height\":1796,\"caption\":\"Zoo Austria - Ihr Profi f\u00fcr Terraristik\"},\"image\":{\"@id\":\"https:\/\/www.zooaustria.com\/zooaustria\/#\/schema\/logo\/image\/\"}}]}<\/script>\n<!-- \/ Yoast SEO plugin. -->","yoast_head_json":{"title":"Panthercham\u00e4leon kaufen - Zoo Austria - Ihr Profi f\u00fcr Terraristik Terraristik Shop \u00d6sterreich","description":"Panthercham\u00e4leons geh\u00f6ren zu den farbenpr\u00e4chtigsten Cham\u00e4leonarten. Das Terrarium sollte mit vielen Kletter\u00e4sten, Pflanzen und Lianen ausgestattet werden.","robots":{"index":"index","follow":"follow","max-snippet":"max-snippet:-1","max-image-preview":"max-image-preview:large","max-video-preview":"max-video-preview:-1"},"canonical":"https:\/\/www.zooaustria.com\/zooaustria\/terraristik\/pantherchamaeleon-kaufen\/","og_locale":"de_DE","og_type":"article","og_title":"Panthercham\u00e4leon kaufen - Zoo Austria - Ihr Profi f\u00fcr Terraristik Terraristik Shop \u00d6sterreich","og_description":"Panthercham\u00e4leons geh\u00f6ren zu den farbenpr\u00e4chtigsten Cham\u00e4leonarten. Das Terrarium sollte mit vielen Kletter\u00e4sten, Pflanzen und Lianen ausgestattet werden.","og_url":"https:\/\/www.zooaustria.com\/zooaustria\/terraristik\/pantherchamaeleon-kaufen\/","og_site_name":"Zoo Austria - Ihr Profi f\u00fcr Terraristik","article_modified_time":"2023-06-08T22:54:07+00:00","og_image":[{"width":743,"height":494,"url":"https:\/\/www.zooaustria.com\/zooaustria\/wp-content\/uploads\/2017\/03\/pantherchamleon-_-furcifer-pardalis3.jpeg","type":"image\/jpeg"}],"twitter_card":"summary_large_image","twitter_misc":{"Gesch\u00e4tzte Lesezeit":"2\u00a0Minuten"},"schema":{"@context":"https:\/\/schema.org","@graph":[{"@type":"WebPage","@id":"https:\/\/www.zooaustria.com\/zooaustria\/terraristik\/pantherchamaeleon-kaufen\/","url":"https:\/\/www.zooaustria.com\/zooaustria\/terraristik\/pantherchamaeleon-kaufen\/","name":"Panthercham\u00e4leon kaufen - Zoo Austria - Ihr Profi f\u00fcr Terraristik Terraristik Shop \u00d6sterreich","isPartOf":{"@id":"https:\/\/www.zooaustria.com\/zooaustria\/#website"},"datePublished":"2017-03-22T17:52:53+00:00","dateModified":"2023-06-08T22:54:07+00:00","description":"Panthercham\u00e4leons geh\u00f6ren zu den farbenpr\u00e4chtigsten Cham\u00e4leonarten. Das Terrarium sollte mit vielen Kletter\u00e4sten, Pflanzen und Lianen ausgestattet werden.","breadcrumb":{"@id":"https:\/\/www.zooaustria.com\/zooaustria\/terraristik\/pantherchamaeleon-kaufen\/#breadcrumb"},"inLanguage":"de","potentialAction":[{"@type":"ReadAction","target":["https:\/\/www.zooaustria.com\/zooaustria\/terraristik\/pantherchamaeleon-kaufen\/"]}]},{"@type":"BreadcrumbList","@id":"https:\/\/www.zooaustria.com\/zooaustria\/terraristik\/pantherchamaeleon-kaufen\/#breadcrumb","itemListElement":[{"@type":"ListItem","position":1,"name":"Startseite","item":"https:\/\/www.zooaustria.com\/zooaustria\/"},{"@type":"ListItem","position":2,"name":"Terraristik","item":"https:\/\/www.zooaustria.com\/zooaustria\/terraristik-haltung-kauf\/"},{"@type":"ListItem","position":3,"name":"Panthercham\u00e4leon"}]},{"@type":"WebSite","@id":"https:\/\/www.zooaustria.com\/zooaustria\/#website","url":"https:\/\/www.zooaustria.com\/zooaustria\/","name":"Zoo Austria - Ihr Profi f\u00fcr Terraristik","description":"Terraristikshop","publisher":{"@id":"https:\/\/www.zooaustria.com\/zooaustria\/#organization"},"potentialAction":[{"@type":"SearchAction","target":{"@type":"EntryPoint","urlTemplate":"https:\/\/www.zooaustria.com\/zooaustria\/?s={search_term_string}"},"query-input":"required name=search_term_string"}],"inLanguage":"de"},{"@type":"Organization","@id":"https:\/\/www.zooaustria.com\/zooaustria\/#organization","name":"Zoo Austria - Ihr Profi f\u00fcr Terraristik","url":"https:\/\/www.zooaustria.com\/zooaustria\/","logo":{"@type":"ImageObject","inLanguage":"de","@id":"https:\/\/www.zooaustria.com\/zooaustria\/#\/schema\/logo\/image\/","url":"https:\/\/www.zooaustria.com\/zooaustria\/wp-content\/uploads\/2023\/11\/cropped-cropped-ZooAustria-Ihr_Profi_fuer_Terraristik-2-2.jpg","contentUrl":"https:\/\/www.zooaustria.com\/zooaustria\/wp-content\/uploads\/2023\/11\/cropped-cropped-ZooAustria-Ihr_Profi_fuer_Terraristik-2-2.jpg","width":1846,"height":1796,"caption":"Zoo Austria - Ihr Profi f\u00fcr Terraristik"},"image":{"@id":"https:\/\/www.zooaustria.com\/zooaustria\/#\/schema\/logo\/image\/"}}]}},"_links":{"self":[{"href":"https:\/\/www.zooaustria.com\/zooaustria\/wp-json\/wp\/v2\/product\/295"}],"collection":[{"href":"https:\/\/www.zooaustria.com\/zooaustria\/wp-json\/wp\/v2\/product"}],"about":[{"href":"https:\/\/www.zooaustria.com\/zooaustria\/wp-json\/wp\/v2\/types\/product"}],"wp:featuredmedia":[{"embeddable":true,"href":"https:\/\/www.zooaustria.com\/zooaustria\/wp-json\/wp\/v2\/media\/299"}],"wp:attachment":[{"href":"https:\/\/www.zooaustria.com\/zooaustria\/wp-json\/wp\/v2\/media?parent=295"}],"wp:term":[{"taxonomy":"product_cat","embeddable":true,"href":"https:\/\/www.zooaustria.com\/zooaustria\/wp-json\/wp\/v2\/product_cat?post=295"},{"taxonomy":"product_tag","embeddable":true,"href":"https:\/\/www.zooaustria.com\/zooaustria\/wp-json\/wp\/v2\/product_tag?post=295"}],"curies":[{"name":"wp","href":"https:\/\/api.w.org\/{rel}","templated":true}]}}