{"id":313,"date":"2017-03-22T18:56:42","date_gmt":"2017-03-22T17:56:42","guid":{"rendered":"http:\/\/www.derseelenhund.at\/zooaustria\/?post_type=product&#038;p=313"},"modified":"2024-04-05T01:30:57","modified_gmt":"2024-04-04T23:30:57","slug":"jemen-chamaeleon-kaufen","status":"publish","type":"product","link":"https:\/\/www.zooaustria.com\/zooaustria\/terraristik\/jemen-chamaeleon-kaufen\/","title":{"rendered":"Jemencham\u00e4leon"},"content":{"rendered":"<h2><strong>Haltung Jemencham\u00e4leon:<\/strong><\/h2>\n<p><strong>Allgemein<\/strong>: eine sehr farbenpr\u00e4chtiges Cham\u00e4leon, sie gelten als relativ unkompliziert zu halten, sind aber nicht unbedingt als Tier f\u00fcr Einsteiger eignet, da einiges bei der Pflege schief gehen kann.<\/p>\n<p><strong>Name<\/strong>: Chamaeleo calyptratus<br \/>\n<strong>Herkunft und Vorkommen:<\/strong> s\u00fcdliche arabische Halbinsel, sowohl auf trockenen Hochebenen als auch an feuchten Bergh\u00e4ngen, bewohnt B\u00e4ume und Str\u00e4ucher.<br \/>\n<strong>Gr\u00f6\u00dfe<\/strong>:\u00a045-60cm<br \/>\n<strong>Alter<\/strong>: 4-8 Jahre<br \/>\n<strong>Meldepflicht<\/strong>: ja (alle Reptilien in \u00d6sterreich)<\/p>\n<h3>Futter\/Nahrung:<\/h3>\n<p>Futterinsekten: W\u00fcsten- und Wanderheuschrecken, Heimchen, Zweifleckgrillen, Steppengrillen, Wachsmaden, Zophobas, Mehlw\u00fcrmer, Schaben, Fliegen uvm. Zus\u00e4tzlich kann L\u00f6wenzahn, Gurken, Fr\u00fcchte uvm. gef\u00fcttert werden. Kalzium- Vitaminpr\u00e4parat. die Futtertiergr\u00f6\u00dfe immer zum Verh\u00e4ltnis der Cham\u00e4leongr\u00f6\u00dfe. Jungtiere F\u00fctterung t\u00e4glich, adulte Tiere 2-3x w\u00f6chentlich, da sie schnell an Gewicht zunehmen.<\/p>\n<h3>Haltung &amp; Terrarium Einrichtung:<\/h3>\n<p><strong>Terrariumtyp<\/strong>: Waldterrarium<br \/>\n<strong>Mindestgr\u00f6\u00dfe des Terrariums:<\/strong>\u00a0100x80x150cm<br \/>\n<strong>Beleuchtung<\/strong>: W\u00e4rmestrahler &amp; UV-B-Lampe, die Tiere haben ein hohes Lichtbed\u00fcrfnis, ideal eigenen sich die Bright Sun-Lampen. Beleuchtungsdauer 12-14 Stunden.<br \/>\n<strong>Temperatur<\/strong>:\u00a0tags\u00fcber\u00a025-30\u00b0C, punktuell 35\u00b0C, nachts\u00fcber 15-20\u00b0C,<br \/>\n<strong>Luftfeuchtigkeit<\/strong>:\u00a0tags\u00fcber\u00a050-70%,\u00a0nachts\u00fcber 80%<\/p>\n<h4>Einrichtung:<\/h4>\n<p>viele Kletter\u00e4ste und Lianen in verschiedenen St\u00e4rken, dichte Bepflanzung, die Seiten- und R\u00fcckw\u00e4nde sollten abgedeckt werden, um den Stress der Tiere zu reduzieren.<br \/>\n<strong>Bodengrund<\/strong>: Terrarienerde oder Kokoshumus als Bodengrund, optional Pinienrinde als Deckschicht oder Moos. Der Boden sollte an einer Stelle immer leicht feucht sein<br \/>\n<strong>Pflanzen<\/strong>: viele Lebendpflanzen wie Bromelien, Efeu, Farne, Ficus etc.<\/p>\n<h3>Sozialverhalten\/ Lebensweise:<\/h3>\n<p>Das Jemencham\u00e4leon ist tagaktiv. Einzelhaltung, adulte Jemencham\u00e4leons bek\u00e4mpfen sich, dauerhafte Paarhaltung funktioniert nur im Ausnahmefall<br \/>\n<strong>Geschlechtsunterscheidung<\/strong>: M\u00e4nnliche Tiere werden wesentlich gr\u00f6\u00dfer, ihr Helm ist h\u00f6her und die Schwanzwurzel ist verdickt. Au\u00dferdem lassen sich M\u00e4nnchen an ihren an den Fersen sitzenden Sporen erkennen, welche bei Weibchen fehlen.<\/p>\n<h3>Wichtig:<\/h3>\n<p>Gute Durchl\u00fcftung und hohe Lichtqualit\u00e4t sind wichtig f\u00fcr die artgerechte Haltung. Die Tiere trinken nur bewegtes Wasser oder von der Pipette\/Tropfen von Bl\u00e4ttern und \u00c4sten. Die Weibchen brauchen zur Eiablage eine hohe Erdschicht.<br \/>\n<strong>Winterruhe<\/strong>: ja, tags\u00fcber 20\u00b0C, nachts 12-16\u00b0C<br \/>\n<strong>Empfehlung: <\/strong>\u00a0Terra Basic, W\u00e4rmestrahler, UV-Lampe, Pinienrinde,\u00a0 Tropftr\u00e4nke<\/p>\n","protected":false},"excerpt":{"rendered":"<p>Jemen Cham\u00e4leon \/ Chamaeleo calyptratus<\/p>\n","protected":false},"featured_media":114,"template":"","meta":{"site-sidebar-layout":"default","site-content-layout":"default","ast-global-header-display":"","ast-banner-title-visibility":"","ast-main-header-display":"","ast-hfb-above-header-display":"","ast-hfb-below-header-display":"","ast-hfb-mobile-header-display":"","site-post-title":"","ast-breadcrumbs-content":"","ast-featured-img":"","footer-sml-layout":"","theme-transparent-header-meta":"default","adv-header-id-meta":"","stick-header-meta":"","header-above-stick-meta":"","header-main-stick-meta":"","header-below-stick-meta":""},"product_cat":[57,101],"product_tag":[],"yoast_head":"<!-- This site is optimized with the Yoast SEO plugin v21.1 - https:\/\/yoast.com\/wordpress\/plugins\/seo\/ -->\n<title>Jemencham\u00e4leon kaufen - Zoo Austria - Ihr Profi f\u00fcr Terraristik Terraristikshop \u00d6sterreich<\/title>\n<meta name=\"description\" content=\"Chamaeleo calyptratus ist eine sehr farbenfrohe Cham\u00e4leonart, die sich haupts\u00e4chlich von Insekten ern\u00e4hrt aber auch ab und an pflanzliches Futter annimmt.\" \/>\n<meta name=\"robots\" content=\"index, follow, max-snippet:-1, max-image-preview:large, max-video-preview:-1\" \/>\n<link rel=\"canonical\" href=\"https:\/\/www.zooaustria.com\/zooaustria\/terraristik\/jemen-chamaeleon-kaufen\/\" \/>\n<meta property=\"og:locale\" content=\"de_DE\" \/>\n<meta property=\"og:type\" content=\"article\" \/>\n<meta property=\"og:title\" content=\"Jemencham\u00e4leon kaufen - Zoo Austria - Ihr Profi f\u00fcr Terraristik Terraristikshop \u00d6sterreich\" \/>\n<meta property=\"og:description\" content=\"Chamaeleo calyptratus ist eine sehr farbenfrohe Cham\u00e4leonart, die sich haupts\u00e4chlich von Insekten ern\u00e4hrt aber auch ab und an pflanzliches Futter annimmt.\" \/>\n<meta property=\"og:url\" content=\"https:\/\/www.zooaustria.com\/zooaustria\/terraristik\/jemen-chamaeleon-kaufen\/\" \/>\n<meta property=\"og:site_name\" content=\"Zoo Austria - Ihr Profi f\u00fcr Terraristik\" \/>\n<meta property=\"article:modified_time\" content=\"2024-04-04T23:30:57+00:00\" \/>\n<meta property=\"og:image\" content=\"https:\/\/www.zooaustria.com\/zooaustria\/wp-content\/uploads\/2017\/01\/chamaeleo-calyptratus-jemen-chamleon-3597932410_52030b53ef_o.jpg\" \/>\n\t<meta property=\"og:image:width\" content=\"743\" \/>\n\t<meta property=\"og:image:height\" content=\"494\" \/>\n\t<meta property=\"og:image:type\" content=\"image\/jpeg\" \/>\n<meta name=\"twitter:card\" content=\"summary_large_image\" \/>\n<meta name=\"twitter:label1\" content=\"Gesch\u00e4tzte Lesezeit\" \/>\n\t<meta name=\"twitter:data1\" content=\"2\u00a0Minuten\" \/>\n<script type=\"application\/ld+json\" class=\"yoast-schema-graph\">{\"@context\":\"https:\/\/schema.org\",\"@graph\":[{\"@type\":\"WebPage\",\"@id\":\"https:\/\/www.zooaustria.com\/zooaustria\/terraristik\/jemen-chamaeleon-kaufen\/\",\"url\":\"https:\/\/www.zooaustria.com\/zooaustria\/terraristik\/jemen-chamaeleon-kaufen\/\",\"name\":\"Jemencham\u00e4leon kaufen - Zoo Austria - Ihr Profi f\u00fcr Terraristik Terraristikshop \u00d6sterreich\",\"isPartOf\":{\"@id\":\"https:\/\/www.zooaustria.com\/zooaustria\/#website\"},\"datePublished\":\"2017-03-22T17:56:42+00:00\",\"dateModified\":\"2024-04-04T23:30:57+00:00\",\"description\":\"Chamaeleo calyptratus ist eine sehr farbenfrohe Cham\u00e4leonart, die sich haupts\u00e4chlich von Insekten ern\u00e4hrt aber auch ab und an pflanzliches Futter annimmt.\",\"breadcrumb\":{\"@id\":\"https:\/\/www.zooaustria.com\/zooaustria\/terraristik\/jemen-chamaeleon-kaufen\/#breadcrumb\"},\"inLanguage\":\"de\",\"potentialAction\":[{\"@type\":\"ReadAction\",\"target\":[\"https:\/\/www.zooaustria.com\/zooaustria\/terraristik\/jemen-chamaeleon-kaufen\/\"]}]},{\"@type\":\"BreadcrumbList\",\"@id\":\"https:\/\/www.zooaustria.com\/zooaustria\/terraristik\/jemen-chamaeleon-kaufen\/#breadcrumb\",\"itemListElement\":[{\"@type\":\"ListItem\",\"position\":1,\"name\":\"Startseite\",\"item\":\"https:\/\/www.zooaustria.com\/zooaustria\/\"},{\"@type\":\"ListItem\",\"position\":2,\"name\":\"Terraristik\",\"item\":\"https:\/\/www.zooaustria.com\/zooaustria\/terraristik-haltung-kauf\/\"},{\"@type\":\"ListItem\",\"position\":3,\"name\":\"Jemencham\u00e4leon\"}]},{\"@type\":\"WebSite\",\"@id\":\"https:\/\/www.zooaustria.com\/zooaustria\/#website\",\"url\":\"https:\/\/www.zooaustria.com\/zooaustria\/\",\"name\":\"Zoo Austria - Ihr Profi f\u00fcr Terraristik\",\"description\":\"Terraristikshop\",\"publisher\":{\"@id\":\"https:\/\/www.zooaustria.com\/zooaustria\/#organization\"},\"potentialAction\":[{\"@type\":\"SearchAction\",\"target\":{\"@type\":\"EntryPoint\",\"urlTemplate\":\"https:\/\/www.zooaustria.com\/zooaustria\/?s={search_term_string}\"},\"query-input\":\"required name=search_term_string\"}],\"inLanguage\":\"de\"},{\"@type\":\"Organization\",\"@id\":\"https:\/\/www.zooaustria.com\/zooaustria\/#organization\",\"name\":\"Zoo Austria - Ihr Profi f\u00fcr Terraristik\",\"url\":\"https:\/\/www.zooaustria.com\/zooaustria\/\",\"logo\":{\"@type\":\"ImageObject\",\"inLanguage\":\"de\",\"@id\":\"https:\/\/www.zooaustria.com\/zooaustria\/#\/schema\/logo\/image\/\",\"url\":\"https:\/\/www.zooaustria.com\/zooaustria\/wp-content\/uploads\/2023\/11\/cropped-cropped-ZooAustria-Ihr_Profi_fuer_Terraristik-2-2.jpg\",\"contentUrl\":\"https:\/\/www.zooaustria.com\/zooaustria\/wp-content\/uploads\/2023\/11\/cropped-cropped-ZooAustria-Ihr_Profi_fuer_Terraristik-2-2.jpg\",\"width\":1846,\"height\":1796,\"caption\":\"Zoo Austria - Ihr Profi f\u00fcr Terraristik\"},\"image\":{\"@id\":\"https:\/\/www.zooaustria.com\/zooaustria\/#\/schema\/logo\/image\/\"}}]}<\/script>\n<!-- \/ Yoast SEO plugin. -->","yoast_head_json":{"title":"Jemencham\u00e4leon kaufen - Zoo Austria - Ihr Profi f\u00fcr Terraristik Terraristikshop \u00d6sterreich","description":"Chamaeleo calyptratus ist eine sehr farbenfrohe Cham\u00e4leonart, die sich haupts\u00e4chlich von Insekten ern\u00e4hrt aber auch ab und an pflanzliches Futter annimmt.","robots":{"index":"index","follow":"follow","max-snippet":"max-snippet:-1","max-image-preview":"max-image-preview:large","max-video-preview":"max-video-preview:-1"},"canonical":"https:\/\/www.zooaustria.com\/zooaustria\/terraristik\/jemen-chamaeleon-kaufen\/","og_locale":"de_DE","og_type":"article","og_title":"Jemencham\u00e4leon kaufen - Zoo Austria - Ihr Profi f\u00fcr Terraristik Terraristikshop \u00d6sterreich","og_description":"Chamaeleo calyptratus ist eine sehr farbenfrohe Cham\u00e4leonart, die sich haupts\u00e4chlich von Insekten ern\u00e4hrt aber auch ab und an pflanzliches Futter annimmt.","og_url":"https:\/\/www.zooaustria.com\/zooaustria\/terraristik\/jemen-chamaeleon-kaufen\/","og_site_name":"Zoo Austria - Ihr Profi f\u00fcr Terraristik","article_modified_time":"2024-04-04T23:30:57+00:00","og_image":[{"width":743,"height":494,"url":"https:\/\/www.zooaustria.com\/zooaustria\/wp-content\/uploads\/2017\/01\/chamaeleo-calyptratus-jemen-chamleon-3597932410_52030b53ef_o.jpg","type":"image\/jpeg"}],"twitter_card":"summary_large_image","twitter_misc":{"Gesch\u00e4tzte Lesezeit":"2\u00a0Minuten"},"schema":{"@context":"https:\/\/schema.org","@graph":[{"@type":"WebPage","@id":"https:\/\/www.zooaustria.com\/zooaustria\/terraristik\/jemen-chamaeleon-kaufen\/","url":"https:\/\/www.zooaustria.com\/zooaustria\/terraristik\/jemen-chamaeleon-kaufen\/","name":"Jemencham\u00e4leon kaufen - Zoo Austria - Ihr Profi f\u00fcr Terraristik Terraristikshop \u00d6sterreich","isPartOf":{"@id":"https:\/\/www.zooaustria.com\/zooaustria\/#website"},"datePublished":"2017-03-22T17:56:42+00:00","dateModified":"2024-04-04T23:30:57+00:00","description":"Chamaeleo calyptratus ist eine sehr farbenfrohe Cham\u00e4leonart, die sich haupts\u00e4chlich von Insekten ern\u00e4hrt aber auch ab und an pflanzliches Futter annimmt.","breadcrumb":{"@id":"https:\/\/www.zooaustria.com\/zooaustria\/terraristik\/jemen-chamaeleon-kaufen\/#breadcrumb"},"inLanguage":"de","potentialAction":[{"@type":"ReadAction","target":["https:\/\/www.zooaustria.com\/zooaustria\/terraristik\/jemen-chamaeleon-kaufen\/"]}]},{"@type":"BreadcrumbList","@id":"https:\/\/www.zooaustria.com\/zooaustria\/terraristik\/jemen-chamaeleon-kaufen\/#breadcrumb","itemListElement":[{"@type":"ListItem","position":1,"name":"Startseite","item":"https:\/\/www.zooaustria.com\/zooaustria\/"},{"@type":"ListItem","position":2,"name":"Terraristik","item":"https:\/\/www.zooaustria.com\/zooaustria\/terraristik-haltung-kauf\/"},{"@type":"ListItem","position":3,"name":"Jemencham\u00e4leon"}]},{"@type":"WebSite","@id":"https:\/\/www.zooaustria.com\/zooaustria\/#website","url":"https:\/\/www.zooaustria.com\/zooaustria\/","name":"Zoo Austria - Ihr Profi f\u00fcr Terraristik","description":"Terraristikshop","publisher":{"@id":"https:\/\/www.zooaustria.com\/zooaustria\/#organization"},"potentialAction":[{"@type":"SearchAction","target":{"@type":"EntryPoint","urlTemplate":"https:\/\/www.zooaustria.com\/zooaustria\/?s={search_term_string}"},"query-input":"required name=search_term_string"}],"inLanguage":"de"},{"@type":"Organization","@id":"https:\/\/www.zooaustria.com\/zooaustria\/#organization","name":"Zoo Austria - Ihr Profi f\u00fcr Terraristik","url":"https:\/\/www.zooaustria.com\/zooaustria\/","logo":{"@type":"ImageObject","inLanguage":"de","@id":"https:\/\/www.zooaustria.com\/zooaustria\/#\/schema\/logo\/image\/","url":"https:\/\/www.zooaustria.com\/zooaustria\/wp-content\/uploads\/2023\/11\/cropped-cropped-ZooAustria-Ihr_Profi_fuer_Terraristik-2-2.jpg","contentUrl":"https:\/\/www.zooaustria.com\/zooaustria\/wp-content\/uploads\/2023\/11\/cropped-cropped-ZooAustria-Ihr_Profi_fuer_Terraristik-2-2.jpg","width":1846,"height":1796,"caption":"Zoo Austria - Ihr Profi f\u00fcr Terraristik"},"image":{"@id":"https:\/\/www.zooaustria.com\/zooaustria\/#\/schema\/logo\/image\/"}}]}},"_links":{"self":[{"href":"https:\/\/www.zooaustria.com\/zooaustria\/wp-json\/wp\/v2\/product\/313"}],"collection":[{"href":"https:\/\/www.zooaustria.com\/zooaustria\/wp-json\/wp\/v2\/product"}],"about":[{"href":"https:\/\/www.zooaustria.com\/zooaustria\/wp-json\/wp\/v2\/types\/product"}],"wp:featuredmedia":[{"embeddable":true,"href":"https:\/\/www.zooaustria.com\/zooaustria\/wp-json\/wp\/v2\/media\/114"}],"wp:attachment":[{"href":"https:\/\/www.zooaustria.com\/zooaustria\/wp-json\/wp\/v2\/media?parent=313"}],"wp:term":[{"taxonomy":"product_cat","embeddable":true,"href":"https:\/\/www.zooaustria.com\/zooaustria\/wp-json\/wp\/v2\/product_cat?post=313"},{"taxonomy":"product_tag","embeddable":true,"href":"https:\/\/www.zooaustria.com\/zooaustria\/wp-json\/wp\/v2\/product_tag?post=313"}],"curies":[{"name":"wp","href":"https:\/\/api.w.org\/{rel}","templated":true}]}}