{"id":333,"date":"2017-03-22T19:10:35","date_gmt":"2017-03-22T18:10:35","guid":{"rendered":"http:\/\/www.derseelenhund.at\/zooaustria\/?post_type=product&#038;p=333"},"modified":"2023-07-18T01:12:42","modified_gmt":"2023-07-17T23:12:42","slug":"phelsuma-standingi-kaufen","status":"publish","type":"product","link":"https:\/\/www.zooaustria.com\/zooaustria\/terraristik\/phelsuma-standingi-kaufen\/","title":{"rendered":"Querstreifen Taggecko-Phelsuma standingi"},"content":{"rendered":"<h2>Haltung Querstreifen-Taggecko<\/h2>\n<p><strong>Allgemein<\/strong>: Der Madagaskar-Querstreifen-Taggecko geh\u00f6rt zu den gr\u00f6\u00dferen Geckos. Wie alle Geckos kann auch der Querstreifen Taggecko seinen Schwanz bei Gefahr abwerfen und nachwachsen lassen. Ihr Lebensraum ist sehr trocken und hei\u00df, manchmal regnet es auch ein Jahr lang nicht. Die Zeichnung kann sich je nach Herkunftsregion leicht unterscheiden.<\/p>\n<p><strong>Name<\/strong>: phelsuma standingi, Standings Taggecko<br \/>\n<strong>Herkunft und Vorkommen<\/strong>:\u00a0S\u00fcdost-Madagaskar, in\u00a0trockenen Dornw\u00e4ldern und W\u00e4ldern<br \/>\n<strong>Gr\u00f6\u00dfe<\/strong>: ca. 25-28cm (Weibchen wie M\u00e4nnchen)<br \/>\n<strong>Alter<\/strong>:\u00a0ca. 20-25 Jahre<br \/>\n<strong>Meldepflicht:<\/strong> ja (alle Reptilien in \u00d6sterreich)<\/p>\n<h3>Futter\/Nahrung:<\/h3>\n<p><strong>Futterinsekten<\/strong>: W\u00fcsten-Wanderheuschrecken, Heimchen, Zweifleck-Steppengrillen, Wachsmaden, Mehlw\u00fcrmer, Zophobas, Schaben, Fliegen usw&#8230; Alle ein bis zwei Wochen Gecko Jelly oder s\u00fc\u00dfen Fruchtbrei. Futterinsekten mit Vitamin-Mineralpr\u00e4parat best\u00e4uben. Sparsam f\u00fcttern, da die Tiere schnell an Gewicht zulegen.<\/p>\n<h3>Haltung &amp; Terrarium Einrichtung:<\/h3>\n<p><strong>Terrariumtyp<\/strong>: Waldterrarium (Trocken-Feuchterrarium)<br \/>\n<strong>Mindestgr\u00f6\u00dfe<\/strong> Terrarium: 100x50x80cm<br \/>\n<strong style=\"font-size: 16px; font-style: normal;\">Temperatur<\/strong><span style=\"font-size: 16px; font-style: normal; font-weight: 400;\">: tags\u00fcber 26-32\u00b0C, punktuell ca. 40\u00b0C, nachts 20-22\u00b0C<\/span><br \/>\n<strong>Beleuchtung<\/strong>:\u00a0W\u00e4rmestrahler\u00a0&amp;\u00a0UV-B-Lampe, m\u00f6glichst\u00a0viel Licht, ideal ist die\u00a0Bright Sun-Lampe<br \/>\n<strong>Beleuchtungsdauer<\/strong>: 14 Stunden<br \/>\n<strong>Feuchtigkeit<\/strong>:\u00a0tags\u00fcber 40-60%, nachts\u00fcber 80%<\/p>\n<h4>Einrichtung:<\/h4>\n<p>Da diese Art Baumbewohner sind sollte, das Terrarium mehr H\u00f6he aus Breite aufweisen. Viele vertikale und horizontale Kletter\u00e4ste, Bambus-, und Korkr\u00f6hren, vor allem eine dichte Bepflanzung. Eine Wasserschale darf auch nicht fehlen.<br \/>\n<strong>Bodengrund<\/strong>: Terrarienerde, Kokoshumus, Sand. Als Deckschicht Pinienrinde\u00a0 oder Moos. Ein Viertel der Bodengrundfl\u00e4che sollte feucht gehalten werden.<br \/>\n<strong>Pflanzen<\/strong>: robuste Pflanzen wie Sansevieria<span style=\"font-size: 16px; font-style: normal; font-weight: 400;\">, Efeutute, Bromelien, Ficus uvm.<\/span><\/p>\n<h3>Sozialverhalten\/Lebensweise:<\/h3>\n<p>Phelsuma standingi sind tagaktiv. Sie k\u00f6nnen einzeln oder paarweise gehalten werden. Oft kommt es zu einer lebenslangen Paarbeziehung. Auch nach dem Tod eines Partners, verpaart sich der \u00fcbrig Gebliebene oft nicht neu. M\u00e4nnchen sind untereinander unvertr\u00e4glich.<br \/>\n<strong>Geschlechtsunterscheidung<\/strong>: M\u00e4nnchen sehen etwas breiter als Weibchen aus. Die M\u00e4nnchen lassen sich gut an den Femoralporen ( Hautporen auf der Innenseite der Oberschenkel) erkennen, die Kloakenregion ist gelb gef\u00e4rbt. Im Alter von zwei Jahren werden sie geschlechtsreif.<br \/>\n<strong>Eiablage<\/strong>: Findet 6x im Jahr statt, meistens 2 Eier.\u00a0<span style=\"font-size: 16px; font-style: normal; font-weight: 400;\">Querstreifen-Taggeckos betreiben im Gegensatz zu anderen Phelsumen Brutpflege und fressen in vielen F\u00e4llen die eigenen Jungen nicht. Die Jungtiere besitzen eine Leopard \u00e4hnliche Musterung, w\u00e4hrend die erwachsenen Tiere quergestreift sind. Die Unterscheidung verhindert, dass die Elterntiere ihre Nachkommen als Futter ansehen.\u00a0<\/span><\/p>\n<h3>Wichtig:<\/h3>\n<p><strong>Winterruhe<\/strong>: ja, die Geckos sollten 4-5 Monate lang ca. 5-8\u00b0C k\u00fchler (mit einem Sonnenplatz, ca. 30\u00b0C) gehalten werden. Beleuchtungsdauer auf 10-11 Stunden reduzieren.<br \/>\nEin bis zweimal am Tag spr\u00fchen oder eine Beregnungsanlage. Eine hohe Luftfeuchtigkeit ist wichtig f\u00fcr die Geckos.<\/p>\n","protected":false},"excerpt":{"rendered":"<p>Standings Taggecko \/ Phelsuma standingi<\/p>\n","protected":false},"featured_media":152,"template":"","meta":{"site-sidebar-layout":"default","site-content-layout":"default","ast-global-header-display":"","ast-banner-title-visibility":"","ast-main-header-display":"","ast-hfb-above-header-display":"","ast-hfb-below-header-display":"","ast-hfb-mobile-header-display":"","site-post-title":"","ast-breadcrumbs-content":"","ast-featured-img":"","footer-sml-layout":"","theme-transparent-header-meta":"default","adv-header-id-meta":"","stick-header-meta":"","header-above-stick-meta":"","header-main-stick-meta":"","header-below-stick-meta":""},"product_cat":[59,101],"product_tag":[],"yoast_head":"<!-- This site is optimized with the Yoast SEO plugin v21.1 - https:\/\/yoast.com\/wordpress\/plugins\/seo\/ -->\n<title>Phelsuma Standingi-Taggecko kaufen - Terraristikshop Wien<\/title>\n<meta name=\"description\" content=\"Der Querstreifen Taggecko geh\u00f6rt zu den gr\u00f6\u00dferen Geckoarten. Es kommt oft zur Paarbildung und er ben\u00f6tigt eine hohe Luftfeuchtigkeit.\" \/>\n<meta name=\"robots\" content=\"index, follow, max-snippet:-1, max-image-preview:large, max-video-preview:-1\" \/>\n<link rel=\"canonical\" href=\"https:\/\/www.zooaustria.com\/zooaustria\/terraristik\/phelsuma-standingi-kaufen\/\" \/>\n<meta property=\"og:locale\" content=\"de_DE\" \/>\n<meta property=\"og:type\" content=\"article\" \/>\n<meta property=\"og:title\" content=\"Phelsuma Standingi-Taggecko kaufen - Terraristikshop Wien\" \/>\n<meta property=\"og:description\" content=\"Der Querstreifen Taggecko geh\u00f6rt zu den gr\u00f6\u00dferen Geckoarten. Es kommt oft zur Paarbildung und er ben\u00f6tigt eine hohe Luftfeuchtigkeit.\" \/>\n<meta property=\"og:url\" content=\"https:\/\/www.zooaustria.com\/zooaustria\/terraristik\/phelsuma-standingi-kaufen\/\" \/>\n<meta property=\"og:site_name\" content=\"Zoo Austria - Ihr Profi f\u00fcr Terraristik\" \/>\n<meta property=\"article:modified_time\" content=\"2023-07-17T23:12:42+00:00\" \/>\n<meta property=\"og:image\" content=\"https:\/\/www.zooaustria.com\/zooaustria\/wp-content\/uploads\/2017\/01\/phelsuma-standingi-standings-taggecko-dsc_2143.jpg\" \/>\n\t<meta property=\"og:image:width\" content=\"743\" \/>\n\t<meta property=\"og:image:height\" content=\"494\" \/>\n\t<meta property=\"og:image:type\" content=\"image\/jpeg\" \/>\n<meta name=\"twitter:card\" content=\"summary_large_image\" \/>\n<meta name=\"twitter:label1\" content=\"Gesch\u00e4tzte Lesezeit\" \/>\n\t<meta name=\"twitter:data1\" content=\"3\u00a0Minuten\" \/>\n<script type=\"application\/ld+json\" class=\"yoast-schema-graph\">{\"@context\":\"https:\/\/schema.org\",\"@graph\":[{\"@type\":\"WebPage\",\"@id\":\"https:\/\/www.zooaustria.com\/zooaustria\/terraristik\/phelsuma-standingi-kaufen\/\",\"url\":\"https:\/\/www.zooaustria.com\/zooaustria\/terraristik\/phelsuma-standingi-kaufen\/\",\"name\":\"Phelsuma Standingi-Taggecko kaufen - Terraristikshop Wien\",\"isPartOf\":{\"@id\":\"https:\/\/www.zooaustria.com\/zooaustria\/#website\"},\"datePublished\":\"2017-03-22T18:10:35+00:00\",\"dateModified\":\"2023-07-17T23:12:42+00:00\",\"description\":\"Der Querstreifen Taggecko geh\u00f6rt zu den gr\u00f6\u00dferen Geckoarten. Es kommt oft zur Paarbildung und er ben\u00f6tigt eine hohe Luftfeuchtigkeit.\",\"breadcrumb\":{\"@id\":\"https:\/\/www.zooaustria.com\/zooaustria\/terraristik\/phelsuma-standingi-kaufen\/#breadcrumb\"},\"inLanguage\":\"de\",\"potentialAction\":[{\"@type\":\"ReadAction\",\"target\":[\"https:\/\/www.zooaustria.com\/zooaustria\/terraristik\/phelsuma-standingi-kaufen\/\"]}]},{\"@type\":\"BreadcrumbList\",\"@id\":\"https:\/\/www.zooaustria.com\/zooaustria\/terraristik\/phelsuma-standingi-kaufen\/#breadcrumb\",\"itemListElement\":[{\"@type\":\"ListItem\",\"position\":1,\"name\":\"Startseite\",\"item\":\"https:\/\/www.zooaustria.com\/zooaustria\/\"},{\"@type\":\"ListItem\",\"position\":2,\"name\":\"Terraristik\",\"item\":\"https:\/\/www.zooaustria.com\/zooaustria\/terraristik-haltung-kauf\/\"},{\"@type\":\"ListItem\",\"position\":3,\"name\":\"Querstreifen Taggecko-Phelsuma standingi\"}]},{\"@type\":\"WebSite\",\"@id\":\"https:\/\/www.zooaustria.com\/zooaustria\/#website\",\"url\":\"https:\/\/www.zooaustria.com\/zooaustria\/\",\"name\":\"Zoo Austria - Ihr Profi f\u00fcr Terraristik\",\"description\":\"Terraristikshop\",\"publisher\":{\"@id\":\"https:\/\/www.zooaustria.com\/zooaustria\/#organization\"},\"potentialAction\":[{\"@type\":\"SearchAction\",\"target\":{\"@type\":\"EntryPoint\",\"urlTemplate\":\"https:\/\/www.zooaustria.com\/zooaustria\/?s={search_term_string}\"},\"query-input\":\"required name=search_term_string\"}],\"inLanguage\":\"de\"},{\"@type\":\"Organization\",\"@id\":\"https:\/\/www.zooaustria.com\/zooaustria\/#organization\",\"name\":\"Zoo Austria - Ihr Profi f\u00fcr Terraristik\",\"url\":\"https:\/\/www.zooaustria.com\/zooaustria\/\",\"logo\":{\"@type\":\"ImageObject\",\"inLanguage\":\"de\",\"@id\":\"https:\/\/www.zooaustria.com\/zooaustria\/#\/schema\/logo\/image\/\",\"url\":\"https:\/\/www.zooaustria.com\/zooaustria\/wp-content\/uploads\/2023\/11\/cropped-cropped-ZooAustria-Ihr_Profi_fuer_Terraristik-2-2.jpg\",\"contentUrl\":\"https:\/\/www.zooaustria.com\/zooaustria\/wp-content\/uploads\/2023\/11\/cropped-cropped-ZooAustria-Ihr_Profi_fuer_Terraristik-2-2.jpg\",\"width\":1846,\"height\":1796,\"caption\":\"Zoo Austria - Ihr Profi f\u00fcr Terraristik\"},\"image\":{\"@id\":\"https:\/\/www.zooaustria.com\/zooaustria\/#\/schema\/logo\/image\/\"}}]}<\/script>\n<!-- \/ Yoast SEO plugin. -->","yoast_head_json":{"title":"Phelsuma Standingi-Taggecko kaufen - Terraristikshop Wien","description":"Der Querstreifen Taggecko geh\u00f6rt zu den gr\u00f6\u00dferen Geckoarten. Es kommt oft zur Paarbildung und er ben\u00f6tigt eine hohe Luftfeuchtigkeit.","robots":{"index":"index","follow":"follow","max-snippet":"max-snippet:-1","max-image-preview":"max-image-preview:large","max-video-preview":"max-video-preview:-1"},"canonical":"https:\/\/www.zooaustria.com\/zooaustria\/terraristik\/phelsuma-standingi-kaufen\/","og_locale":"de_DE","og_type":"article","og_title":"Phelsuma Standingi-Taggecko kaufen - Terraristikshop Wien","og_description":"Der Querstreifen Taggecko geh\u00f6rt zu den gr\u00f6\u00dferen Geckoarten. Es kommt oft zur Paarbildung und er ben\u00f6tigt eine hohe Luftfeuchtigkeit.","og_url":"https:\/\/www.zooaustria.com\/zooaustria\/terraristik\/phelsuma-standingi-kaufen\/","og_site_name":"Zoo Austria - Ihr Profi f\u00fcr Terraristik","article_modified_time":"2023-07-17T23:12:42+00:00","og_image":[{"width":743,"height":494,"url":"https:\/\/www.zooaustria.com\/zooaustria\/wp-content\/uploads\/2017\/01\/phelsuma-standingi-standings-taggecko-dsc_2143.jpg","type":"image\/jpeg"}],"twitter_card":"summary_large_image","twitter_misc":{"Gesch\u00e4tzte Lesezeit":"3\u00a0Minuten"},"schema":{"@context":"https:\/\/schema.org","@graph":[{"@type":"WebPage","@id":"https:\/\/www.zooaustria.com\/zooaustria\/terraristik\/phelsuma-standingi-kaufen\/","url":"https:\/\/www.zooaustria.com\/zooaustria\/terraristik\/phelsuma-standingi-kaufen\/","name":"Phelsuma Standingi-Taggecko kaufen - Terraristikshop Wien","isPartOf":{"@id":"https:\/\/www.zooaustria.com\/zooaustria\/#website"},"datePublished":"2017-03-22T18:10:35+00:00","dateModified":"2023-07-17T23:12:42+00:00","description":"Der Querstreifen Taggecko geh\u00f6rt zu den gr\u00f6\u00dferen Geckoarten. Es kommt oft zur Paarbildung und er ben\u00f6tigt eine hohe Luftfeuchtigkeit.","breadcrumb":{"@id":"https:\/\/www.zooaustria.com\/zooaustria\/terraristik\/phelsuma-standingi-kaufen\/#breadcrumb"},"inLanguage":"de","potentialAction":[{"@type":"ReadAction","target":["https:\/\/www.zooaustria.com\/zooaustria\/terraristik\/phelsuma-standingi-kaufen\/"]}]},{"@type":"BreadcrumbList","@id":"https:\/\/www.zooaustria.com\/zooaustria\/terraristik\/phelsuma-standingi-kaufen\/#breadcrumb","itemListElement":[{"@type":"ListItem","position":1,"name":"Startseite","item":"https:\/\/www.zooaustria.com\/zooaustria\/"},{"@type":"ListItem","position":2,"name":"Terraristik","item":"https:\/\/www.zooaustria.com\/zooaustria\/terraristik-haltung-kauf\/"},{"@type":"ListItem","position":3,"name":"Querstreifen Taggecko-Phelsuma standingi"}]},{"@type":"WebSite","@id":"https:\/\/www.zooaustria.com\/zooaustria\/#website","url":"https:\/\/www.zooaustria.com\/zooaustria\/","name":"Zoo Austria - Ihr Profi f\u00fcr Terraristik","description":"Terraristikshop","publisher":{"@id":"https:\/\/www.zooaustria.com\/zooaustria\/#organization"},"potentialAction":[{"@type":"SearchAction","target":{"@type":"EntryPoint","urlTemplate":"https:\/\/www.zooaustria.com\/zooaustria\/?s={search_term_string}"},"query-input":"required name=search_term_string"}],"inLanguage":"de"},{"@type":"Organization","@id":"https:\/\/www.zooaustria.com\/zooaustria\/#organization","name":"Zoo Austria - Ihr Profi f\u00fcr Terraristik","url":"https:\/\/www.zooaustria.com\/zooaustria\/","logo":{"@type":"ImageObject","inLanguage":"de","@id":"https:\/\/www.zooaustria.com\/zooaustria\/#\/schema\/logo\/image\/","url":"https:\/\/www.zooaustria.com\/zooaustria\/wp-content\/uploads\/2023\/11\/cropped-cropped-ZooAustria-Ihr_Profi_fuer_Terraristik-2-2.jpg","contentUrl":"https:\/\/www.zooaustria.com\/zooaustria\/wp-content\/uploads\/2023\/11\/cropped-cropped-ZooAustria-Ihr_Profi_fuer_Terraristik-2-2.jpg","width":1846,"height":1796,"caption":"Zoo Austria - Ihr Profi f\u00fcr Terraristik"},"image":{"@id":"https:\/\/www.zooaustria.com\/zooaustria\/#\/schema\/logo\/image\/"}}]}},"_links":{"self":[{"href":"https:\/\/www.zooaustria.com\/zooaustria\/wp-json\/wp\/v2\/product\/333"}],"collection":[{"href":"https:\/\/www.zooaustria.com\/zooaustria\/wp-json\/wp\/v2\/product"}],"about":[{"href":"https:\/\/www.zooaustria.com\/zooaustria\/wp-json\/wp\/v2\/types\/product"}],"wp:featuredmedia":[{"embeddable":true,"href":"https:\/\/www.zooaustria.com\/zooaustria\/wp-json\/wp\/v2\/media\/152"}],"wp:attachment":[{"href":"https:\/\/www.zooaustria.com\/zooaustria\/wp-json\/wp\/v2\/media?parent=333"}],"wp:term":[{"taxonomy":"product_cat","embeddable":true,"href":"https:\/\/www.zooaustria.com\/zooaustria\/wp-json\/wp\/v2\/product_cat?post=333"},{"taxonomy":"product_tag","embeddable":true,"href":"https:\/\/www.zooaustria.com\/zooaustria\/wp-json\/wp\/v2\/product_tag?post=333"}],"curies":[{"name":"wp","href":"https:\/\/api.w.org\/{rel}","templated":true}]}}