{"id":366,"date":"2017-03-22T19:41:45","date_gmt":"2017-03-22T18:41:45","guid":{"rendered":"http:\/\/www.derseelenhund.at\/zooaustria\/?post_type=product&#038;p=366"},"modified":"2017-03-22T19:41:45","modified_gmt":"2017-03-22T18:41:45","slug":"haiti-glattkopfleguan","status":"publish","type":"product","link":"https:\/\/www.zooaustria.com\/zooaustria\/terraristik\/haiti-glattkopfleguan\/","title":{"rendered":"Haiti-Glattkopfleguan"},"content":{"rendered":"<p>Herkunft: Haiti und Dominikanische Republik, <strong>in felsigen Trockengebieten<\/strong><\/p>\n<p>Gr\u00f6\u00dfe: ca. 15-20cm<\/p>\n<p>Alter: ca. 10 Jahre<\/p>\n<p>Nahrung: kleine Insekten wie kleine Heuschrecken, kleine Grillen, kleine Heimchen, Mehlw\u00fcrmer, Fliegen<\/p>\n<p>Mindestgr\u00f6\u00dfe des Terrariums: 100x50x50cm<\/p>\n<p>Beleuchtung: <strong>W\u00e4rmestrahler<\/strong> &amp; <strong>UV-B-Lampen<\/strong>, als Steppenbewohner ben\u00f6tigen die Tiere <strong>viel Licht<\/strong> um sich wohl zu f\u00fchlen, ideal eignen sich <strong>Bright Sun-Lampen<\/strong><\/p>\n<p>Temperatur: tags\u00fcber <strong>27-35\u00b0C<\/strong>, punktuell bis zu 45\u00b0C, nachts\u00fcber 18-22\u00b0C<\/p>\n<p>Feuchtigkeit: \u00a040-60%<\/p>\n<p>Einrichtung: \u00a0viele \u00c4ste und Steine als <strong>Kletterm\u00f6glichkeit<\/strong>, Struktur und Versteckm\u00f6glichkeit, ungiftige Pflanzen (z.B. Sukkulente, W\u00fcstengras), als Boden eignet sich Terrariensand, kleine Wasserschale<\/p>\n<p>Sozialverhalten: Nur paarweise halten, sowohl M\u00e4nnchen als auch Weibchen reagieren aggressiv auf gleichgeschlechtliche Artgenossen und bek\u00e4mpfen diese<\/p>\n<p>Geschlechtsunterscheidung: M\u00e4nnchen sind deutlich gr\u00f6\u00dfer und bunter als Weibchen<\/p>\n<p>Sonstiges: die Tiere sollten einen 2 monatige Winterruhe bei niedrigeren Temperaturen halten<\/p>\n","protected":false},"excerpt":{"rendered":"<p>Haiti-Glattkopfleguan \/ Leiocephalus schreibersi<\/p>\n","protected":false},"featured_media":367,"template":"","meta":{"site-sidebar-layout":"default","site-content-layout":"default","ast-global-header-display":"","ast-banner-title-visibility":"","ast-main-header-display":"","ast-hfb-above-header-display":"","ast-hfb-below-header-display":"","ast-hfb-mobile-header-display":"","site-post-title":"","ast-breadcrumbs-content":"","ast-featured-img":"","footer-sml-layout":"","theme-transparent-header-meta":"","adv-header-id-meta":"","stick-header-meta":"","header-above-stick-meta":"","header-main-stick-meta":"","header-below-stick-meta":""},"product_cat":[60],"product_tag":[],"yoast_head":"<!-- This site is optimized with the Yoast SEO plugin v21.1 - https:\/\/yoast.com\/wordpress\/plugins\/seo\/ -->\n<title>Haiti-Glattkopfleguan - Zoo Austria - Ihr Profi f\u00fcr Terraristik<\/title>\n<meta name=\"robots\" content=\"index, follow, max-snippet:-1, max-image-preview:large, max-video-preview:-1\" \/>\n<link rel=\"canonical\" href=\"https:\/\/www.zooaustria.com\/zooaustria\/terraristik\/haiti-glattkopfleguan\/\" \/>\n<meta property=\"og:locale\" content=\"de_DE\" \/>\n<meta property=\"og:type\" content=\"article\" \/>\n<meta property=\"og:title\" content=\"Haiti-Glattkopfleguan - Zoo Austria - Ihr Profi f\u00fcr Terraristik\" \/>\n<meta property=\"og:description\" content=\"Haiti-Glattkopfleguan \/ Leiocephalus schreibersi\" \/>\n<meta property=\"og:url\" content=\"https:\/\/www.zooaustria.com\/zooaustria\/terraristik\/haiti-glattkopfleguan\/\" \/>\n<meta property=\"og:site_name\" content=\"Zoo Austria - Ihr Profi f\u00fcr Terraristik\" \/>\n<meta property=\"og:image\" content=\"http:\/\/www.zooaustria.com\/zooaustria\/wp-content\/uploads\/2017\/03\/haiti-glattkopfleguan-_-leiocephalus-schreibersi.jpeg\" \/>\n\t<meta property=\"og:image:width\" content=\"743\" \/>\n\t<meta property=\"og:image:height\" content=\"494\" \/>\n\t<meta property=\"og:image:type\" content=\"image\/jpeg\" \/>\n<meta name=\"twitter:card\" content=\"summary_large_image\" \/>\n<meta name=\"twitter:label1\" content=\"Gesch\u00e4tzte Lesezeit\" \/>\n\t<meta name=\"twitter:data1\" content=\"1\u00a0Minute\" \/>\n<script type=\"application\/ld+json\" class=\"yoast-schema-graph\">{\"@context\":\"https:\/\/schema.org\",\"@graph\":[{\"@type\":\"WebPage\",\"@id\":\"https:\/\/www.zooaustria.com\/zooaustria\/terraristik\/haiti-glattkopfleguan\/\",\"url\":\"https:\/\/www.zooaustria.com\/zooaustria\/terraristik\/haiti-glattkopfleguan\/\",\"name\":\"Haiti-Glattkopfleguan - Zoo Austria - Ihr Profi f\u00fcr Terraristik\",\"isPartOf\":{\"@id\":\"https:\/\/www.zooaustria.com\/zooaustria\/#website\"},\"datePublished\":\"2017-03-22T18:41:45+00:00\",\"dateModified\":\"2017-03-22T18:41:45+00:00\",\"breadcrumb\":{\"@id\":\"https:\/\/www.zooaustria.com\/zooaustria\/terraristik\/haiti-glattkopfleguan\/#breadcrumb\"},\"inLanguage\":\"de\",\"potentialAction\":[{\"@type\":\"ReadAction\",\"target\":[\"https:\/\/www.zooaustria.com\/zooaustria\/terraristik\/haiti-glattkopfleguan\/\"]}]},{\"@type\":\"BreadcrumbList\",\"@id\":\"https:\/\/www.zooaustria.com\/zooaustria\/terraristik\/haiti-glattkopfleguan\/#breadcrumb\",\"itemListElement\":[{\"@type\":\"ListItem\",\"position\":1,\"name\":\"Startseite\",\"item\":\"https:\/\/www.zooaustria.com\/zooaustria\/\"},{\"@type\":\"ListItem\",\"position\":2,\"name\":\"Terraristik\",\"item\":\"https:\/\/www.zooaustria.com\/zooaustria\/terraristik-haltung-kauf\/\"},{\"@type\":\"ListItem\",\"position\":3,\"name\":\"Haiti-Glattkopfleguan\"}]},{\"@type\":\"WebSite\",\"@id\":\"https:\/\/www.zooaustria.com\/zooaustria\/#website\",\"url\":\"https:\/\/www.zooaustria.com\/zooaustria\/\",\"name\":\"Zoo Austria - Ihr Profi f\u00fcr Terraristik\",\"description\":\"Terraristikshop\",\"publisher\":{\"@id\":\"https:\/\/www.zooaustria.com\/zooaustria\/#organization\"},\"potentialAction\":[{\"@type\":\"SearchAction\",\"target\":{\"@type\":\"EntryPoint\",\"urlTemplate\":\"https:\/\/www.zooaustria.com\/zooaustria\/?s={search_term_string}\"},\"query-input\":\"required name=search_term_string\"}],\"inLanguage\":\"de\"},{\"@type\":\"Organization\",\"@id\":\"https:\/\/www.zooaustria.com\/zooaustria\/#organization\",\"name\":\"Zoo Austria - Ihr Profi f\u00fcr Terraristik\",\"url\":\"https:\/\/www.zooaustria.com\/zooaustria\/\",\"logo\":{\"@type\":\"ImageObject\",\"inLanguage\":\"de\",\"@id\":\"https:\/\/www.zooaustria.com\/zooaustria\/#\/schema\/logo\/image\/\",\"url\":\"https:\/\/www.zooaustria.com\/zooaustria\/wp-content\/uploads\/2023\/11\/cropped-cropped-ZooAustria-Ihr_Profi_fuer_Terraristik-2-2.jpg\",\"contentUrl\":\"https:\/\/www.zooaustria.com\/zooaustria\/wp-content\/uploads\/2023\/11\/cropped-cropped-ZooAustria-Ihr_Profi_fuer_Terraristik-2-2.jpg\",\"width\":1846,\"height\":1796,\"caption\":\"Zoo Austria - Ihr Profi f\u00fcr Terraristik\"},\"image\":{\"@id\":\"https:\/\/www.zooaustria.com\/zooaustria\/#\/schema\/logo\/image\/\"}}]}<\/script>\n<!-- \/ Yoast SEO plugin. -->","yoast_head_json":{"title":"Haiti-Glattkopfleguan - Zoo Austria - Ihr Profi f\u00fcr Terraristik","robots":{"index":"index","follow":"follow","max-snippet":"max-snippet:-1","max-image-preview":"max-image-preview:large","max-video-preview":"max-video-preview:-1"},"canonical":"https:\/\/www.zooaustria.com\/zooaustria\/terraristik\/haiti-glattkopfleguan\/","og_locale":"de_DE","og_type":"article","og_title":"Haiti-Glattkopfleguan - Zoo Austria - Ihr Profi f\u00fcr Terraristik","og_description":"Haiti-Glattkopfleguan \/ Leiocephalus schreibersi","og_url":"https:\/\/www.zooaustria.com\/zooaustria\/terraristik\/haiti-glattkopfleguan\/","og_site_name":"Zoo Austria - Ihr Profi f\u00fcr Terraristik","og_image":[{"width":743,"height":494,"url":"http:\/\/www.zooaustria.com\/zooaustria\/wp-content\/uploads\/2017\/03\/haiti-glattkopfleguan-_-leiocephalus-schreibersi.jpeg","type":"image\/jpeg"}],"twitter_card":"summary_large_image","twitter_misc":{"Gesch\u00e4tzte Lesezeit":"1\u00a0Minute"},"schema":{"@context":"https:\/\/schema.org","@graph":[{"@type":"WebPage","@id":"https:\/\/www.zooaustria.com\/zooaustria\/terraristik\/haiti-glattkopfleguan\/","url":"https:\/\/www.zooaustria.com\/zooaustria\/terraristik\/haiti-glattkopfleguan\/","name":"Haiti-Glattkopfleguan - Zoo Austria - Ihr Profi f\u00fcr Terraristik","isPartOf":{"@id":"https:\/\/www.zooaustria.com\/zooaustria\/#website"},"datePublished":"2017-03-22T18:41:45+00:00","dateModified":"2017-03-22T18:41:45+00:00","breadcrumb":{"@id":"https:\/\/www.zooaustria.com\/zooaustria\/terraristik\/haiti-glattkopfleguan\/#breadcrumb"},"inLanguage":"de","potentialAction":[{"@type":"ReadAction","target":["https:\/\/www.zooaustria.com\/zooaustria\/terraristik\/haiti-glattkopfleguan\/"]}]},{"@type":"BreadcrumbList","@id":"https:\/\/www.zooaustria.com\/zooaustria\/terraristik\/haiti-glattkopfleguan\/#breadcrumb","itemListElement":[{"@type":"ListItem","position":1,"name":"Startseite","item":"https:\/\/www.zooaustria.com\/zooaustria\/"},{"@type":"ListItem","position":2,"name":"Terraristik","item":"https:\/\/www.zooaustria.com\/zooaustria\/terraristik-haltung-kauf\/"},{"@type":"ListItem","position":3,"name":"Haiti-Glattkopfleguan"}]},{"@type":"WebSite","@id":"https:\/\/www.zooaustria.com\/zooaustria\/#website","url":"https:\/\/www.zooaustria.com\/zooaustria\/","name":"Zoo Austria - Ihr Profi f\u00fcr Terraristik","description":"Terraristikshop","publisher":{"@id":"https:\/\/www.zooaustria.com\/zooaustria\/#organization"},"potentialAction":[{"@type":"SearchAction","target":{"@type":"EntryPoint","urlTemplate":"https:\/\/www.zooaustria.com\/zooaustria\/?s={search_term_string}"},"query-input":"required name=search_term_string"}],"inLanguage":"de"},{"@type":"Organization","@id":"https:\/\/www.zooaustria.com\/zooaustria\/#organization","name":"Zoo Austria - Ihr Profi f\u00fcr Terraristik","url":"https:\/\/www.zooaustria.com\/zooaustria\/","logo":{"@type":"ImageObject","inLanguage":"de","@id":"https:\/\/www.zooaustria.com\/zooaustria\/#\/schema\/logo\/image\/","url":"https:\/\/www.zooaustria.com\/zooaustria\/wp-content\/uploads\/2023\/11\/cropped-cropped-ZooAustria-Ihr_Profi_fuer_Terraristik-2-2.jpg","contentUrl":"https:\/\/www.zooaustria.com\/zooaustria\/wp-content\/uploads\/2023\/11\/cropped-cropped-ZooAustria-Ihr_Profi_fuer_Terraristik-2-2.jpg","width":1846,"height":1796,"caption":"Zoo Austria - Ihr Profi f\u00fcr Terraristik"},"image":{"@id":"https:\/\/www.zooaustria.com\/zooaustria\/#\/schema\/logo\/image\/"}}]}},"_links":{"self":[{"href":"https:\/\/www.zooaustria.com\/zooaustria\/wp-json\/wp\/v2\/product\/366"}],"collection":[{"href":"https:\/\/www.zooaustria.com\/zooaustria\/wp-json\/wp\/v2\/product"}],"about":[{"href":"https:\/\/www.zooaustria.com\/zooaustria\/wp-json\/wp\/v2\/types\/product"}],"wp:featuredmedia":[{"embeddable":true,"href":"https:\/\/www.zooaustria.com\/zooaustria\/wp-json\/wp\/v2\/media\/367"}],"wp:attachment":[{"href":"https:\/\/www.zooaustria.com\/zooaustria\/wp-json\/wp\/v2\/media?parent=366"}],"wp:term":[{"taxonomy":"product_cat","embeddable":true,"href":"https:\/\/www.zooaustria.com\/zooaustria\/wp-json\/wp\/v2\/product_cat?post=366"},{"taxonomy":"product_tag","embeddable":true,"href":"https:\/\/www.zooaustria.com\/zooaustria\/wp-json\/wp\/v2\/product_tag?post=366"}],"curies":[{"name":"wp","href":"https:\/\/api.w.org\/{rel}","templated":true}]}}