{"id":374,"date":"2017-03-22T19:44:37","date_gmt":"2017-03-22T18:44:37","guid":{"rendered":"http:\/\/www.derseelenhund.at\/zooaustria\/?post_type=product&#038;p=374"},"modified":"2017-03-22T19:44:37","modified_gmt":"2017-03-22T18:44:37","slug":"halsbandleguan","status":"publish","type":"product","link":"https:\/\/www.zooaustria.com\/zooaustria\/terraristik\/halsbandleguan\/","title":{"rendered":"Halsbandleguan"},"content":{"rendered":"<p>Der schwarzwei\u00df geb\u00e4nderte Hals des Halsbandleguans <em>(Crotaphytus collaris)<\/em> ist ein unver\u00e4nderliches Merkmal dieser Echse, wohin gegen F\u00e4rbung und \u00fcbrige Zeichnung stark variiren k\u00f6nnen; Die Tiere sind gelblich, gr\u00fcn oder braun und mit zahlreichen hellen Flecken versehen. Der Halsbandleguan <em>(Crotaphytus collaris)<\/em> ist ein geschickter R\u00e4uber, der sich von gro\u00dfen wirbellosen und kleineren Echsen ern\u00e4hrt.<\/p>\n<p><strong>Verbreitung:<\/strong><br \/>\nWestliches Nordamerika, in trockenen Biotopen.<\/p>\n<p><strong>Fortpflanzung:<\/strong><br \/>\nDer Halsbandleguan <em>(Crotaphytus collaris)<\/em> legt 2-11 Eier.<\/p>\n<p><strong>Kennzeichen:<\/strong><br \/>\nGesamtl\u00e4nge 35 cm, Kopfrumpfl\u00e4nge 10 cm. Farbenpr\u00e4chtigere M\u00e4nnchen mit deutlichen Femoralporen und gro\u00dfen Postanalschuppen.<\/p>\n<p><strong>Terrarium:<\/strong><\/p>\n<p>Der Halsbandleguan <em>(Crotaphytus collaris)<\/em> ben\u00f6tigt ein Steppenterrarium, mit einem mindestens 10 cm hohem Sand-Lehm-Substrat. Trockenheitsliebende Pflanzen in Blument\u00f6pfen oder k\u00fcnstliche Pflanzen einsetzen. Stabilen Steinaufbau und gro\u00dfe Wurzeln als Verstecke bieten. R\u00fcck und Seitenw\u00e4nde mit Korkrindenplatten verkleiden. Kleines Wasserbecken. Empfohlene Terrariengr\u00f6\u00dfe f\u00fcr der Paarweise Haltung von ausgewachsenen Halsbandleguanen <em>(Crotaphytus collaris)<\/em> 120x50x70 cm.<\/p>\n<p><strong>Klima:<\/strong><br \/>\nTemperatur: 28-35 \u00b0C, nachts 18-22\u00b0C, Sonneninseln 45 \u00b0C<br \/>\nLuftfeuchtigkeit: 50-60%<br \/>\nBeleuchtung: 14-16 Stunden, UV Bestrahlung n\u00f6tig.<\/p>\n<p><strong>Haltung:<\/strong><br \/>\nPflege paarweise oder als Gruppe mit nur einem M\u00e4nnchen (!). Im Winter 8-12 Wochen bei 10-12 \u00b0C halten.<\/p>\n<p><strong>Ern\u00e4hrung:<\/strong><br \/>\nGrillen, Heuschrecken, Schaben<\/p>\n<p><strong>Lebensweise:<\/strong><br \/>\nDer Halsbandleguan <em>(Crotaphytus collaris)<\/em> ist eine sehr lebhafte Art, die aufrecht auf den Hinterbeinen laufen kann und den Schwanz dabei zum Stabilisieren benutzt.<\/p>\n<p><strong>\u00c4hnliche Art:<\/strong><br \/>\n<em>Crotaphytus bicinctoris<\/em><\/p>\n","protected":false},"excerpt":{"rendered":"<p>Halsbandleguan \/ Crotaphytus collaris<\/p>\n","protected":false},"featured_media":375,"template":"","meta":{"site-sidebar-layout":"default","site-content-layout":"default","ast-global-header-display":"","ast-banner-title-visibility":"","ast-main-header-display":"","ast-hfb-above-header-display":"","ast-hfb-below-header-display":"","ast-hfb-mobile-header-display":"","site-post-title":"","ast-breadcrumbs-content":"","ast-featured-img":"","footer-sml-layout":"","theme-transparent-header-meta":"","adv-header-id-meta":"","stick-header-meta":"","header-above-stick-meta":"","header-main-stick-meta":"","header-below-stick-meta":""},"product_cat":[60],"product_tag":[],"yoast_head":"<!-- This site is optimized with the Yoast SEO plugin v21.1 - https:\/\/yoast.com\/wordpress\/plugins\/seo\/ -->\n<title>Halsbandleguan - Zoo Austria - Ihr Profi f\u00fcr Terraristik<\/title>\n<meta name=\"robots\" content=\"index, follow, max-snippet:-1, max-image-preview:large, max-video-preview:-1\" \/>\n<link rel=\"canonical\" href=\"https:\/\/www.zooaustria.com\/zooaustria\/terraristik\/halsbandleguan\/\" \/>\n<meta property=\"og:locale\" content=\"de_DE\" \/>\n<meta property=\"og:type\" content=\"article\" \/>\n<meta property=\"og:title\" content=\"Halsbandleguan - Zoo Austria - Ihr Profi f\u00fcr Terraristik\" \/>\n<meta property=\"og:description\" content=\"Halsbandleguan \/ Crotaphytus collaris\" \/>\n<meta property=\"og:url\" content=\"https:\/\/www.zooaustria.com\/zooaustria\/terraristik\/halsbandleguan\/\" \/>\n<meta property=\"og:site_name\" content=\"Zoo Austria - Ihr Profi f\u00fcr Terraristik\" \/>\n<meta property=\"og:image\" content=\"http:\/\/www.zooaustria.com\/zooaustria\/wp-content\/uploads\/2017\/03\/halsbandleguan-_-crotaphytus-collaris.jpeg\" \/>\n\t<meta property=\"og:image:width\" content=\"743\" \/>\n\t<meta property=\"og:image:height\" content=\"494\" \/>\n\t<meta property=\"og:image:type\" content=\"image\/jpeg\" \/>\n<meta name=\"twitter:card\" content=\"summary_large_image\" \/>\n<meta name=\"twitter:label1\" content=\"Gesch\u00e4tzte Lesezeit\" \/>\n\t<meta name=\"twitter:data1\" content=\"1\u00a0Minute\" \/>\n<script type=\"application\/ld+json\" class=\"yoast-schema-graph\">{\"@context\":\"https:\/\/schema.org\",\"@graph\":[{\"@type\":\"WebPage\",\"@id\":\"https:\/\/www.zooaustria.com\/zooaustria\/terraristik\/halsbandleguan\/\",\"url\":\"https:\/\/www.zooaustria.com\/zooaustria\/terraristik\/halsbandleguan\/\",\"name\":\"Halsbandleguan - Zoo Austria - Ihr Profi f\u00fcr Terraristik\",\"isPartOf\":{\"@id\":\"https:\/\/www.zooaustria.com\/zooaustria\/#website\"},\"datePublished\":\"2017-03-22T18:44:37+00:00\",\"dateModified\":\"2017-03-22T18:44:37+00:00\",\"breadcrumb\":{\"@id\":\"https:\/\/www.zooaustria.com\/zooaustria\/terraristik\/halsbandleguan\/#breadcrumb\"},\"inLanguage\":\"de\",\"potentialAction\":[{\"@type\":\"ReadAction\",\"target\":[\"https:\/\/www.zooaustria.com\/zooaustria\/terraristik\/halsbandleguan\/\"]}]},{\"@type\":\"BreadcrumbList\",\"@id\":\"https:\/\/www.zooaustria.com\/zooaustria\/terraristik\/halsbandleguan\/#breadcrumb\",\"itemListElement\":[{\"@type\":\"ListItem\",\"position\":1,\"name\":\"Startseite\",\"item\":\"https:\/\/www.zooaustria.com\/zooaustria\/\"},{\"@type\":\"ListItem\",\"position\":2,\"name\":\"Terraristik\",\"item\":\"https:\/\/www.zooaustria.com\/zooaustria\/terraristik-haltung-kauf\/\"},{\"@type\":\"ListItem\",\"position\":3,\"name\":\"Halsbandleguan\"}]},{\"@type\":\"WebSite\",\"@id\":\"https:\/\/www.zooaustria.com\/zooaustria\/#website\",\"url\":\"https:\/\/www.zooaustria.com\/zooaustria\/\",\"name\":\"Zoo Austria - Ihr Profi f\u00fcr Terraristik\",\"description\":\"Terraristikshop\",\"publisher\":{\"@id\":\"https:\/\/www.zooaustria.com\/zooaustria\/#organization\"},\"potentialAction\":[{\"@type\":\"SearchAction\",\"target\":{\"@type\":\"EntryPoint\",\"urlTemplate\":\"https:\/\/www.zooaustria.com\/zooaustria\/?s={search_term_string}\"},\"query-input\":\"required name=search_term_string\"}],\"inLanguage\":\"de\"},{\"@type\":\"Organization\",\"@id\":\"https:\/\/www.zooaustria.com\/zooaustria\/#organization\",\"name\":\"Zoo Austria - Ihr Profi f\u00fcr Terraristik\",\"url\":\"https:\/\/www.zooaustria.com\/zooaustria\/\",\"logo\":{\"@type\":\"ImageObject\",\"inLanguage\":\"de\",\"@id\":\"https:\/\/www.zooaustria.com\/zooaustria\/#\/schema\/logo\/image\/\",\"url\":\"https:\/\/www.zooaustria.com\/zooaustria\/wp-content\/uploads\/2023\/11\/cropped-cropped-ZooAustria-Ihr_Profi_fuer_Terraristik-2-2.jpg\",\"contentUrl\":\"https:\/\/www.zooaustria.com\/zooaustria\/wp-content\/uploads\/2023\/11\/cropped-cropped-ZooAustria-Ihr_Profi_fuer_Terraristik-2-2.jpg\",\"width\":1846,\"height\":1796,\"caption\":\"Zoo Austria - Ihr Profi f\u00fcr Terraristik\"},\"image\":{\"@id\":\"https:\/\/www.zooaustria.com\/zooaustria\/#\/schema\/logo\/image\/\"}}]}<\/script>\n<!-- \/ Yoast SEO plugin. -->","yoast_head_json":{"title":"Halsbandleguan - Zoo Austria - Ihr Profi f\u00fcr Terraristik","robots":{"index":"index","follow":"follow","max-snippet":"max-snippet:-1","max-image-preview":"max-image-preview:large","max-video-preview":"max-video-preview:-1"},"canonical":"https:\/\/www.zooaustria.com\/zooaustria\/terraristik\/halsbandleguan\/","og_locale":"de_DE","og_type":"article","og_title":"Halsbandleguan - Zoo Austria - Ihr Profi f\u00fcr Terraristik","og_description":"Halsbandleguan \/ Crotaphytus collaris","og_url":"https:\/\/www.zooaustria.com\/zooaustria\/terraristik\/halsbandleguan\/","og_site_name":"Zoo Austria - Ihr Profi f\u00fcr Terraristik","og_image":[{"width":743,"height":494,"url":"http:\/\/www.zooaustria.com\/zooaustria\/wp-content\/uploads\/2017\/03\/halsbandleguan-_-crotaphytus-collaris.jpeg","type":"image\/jpeg"}],"twitter_card":"summary_large_image","twitter_misc":{"Gesch\u00e4tzte Lesezeit":"1\u00a0Minute"},"schema":{"@context":"https:\/\/schema.org","@graph":[{"@type":"WebPage","@id":"https:\/\/www.zooaustria.com\/zooaustria\/terraristik\/halsbandleguan\/","url":"https:\/\/www.zooaustria.com\/zooaustria\/terraristik\/halsbandleguan\/","name":"Halsbandleguan - Zoo Austria - Ihr Profi f\u00fcr Terraristik","isPartOf":{"@id":"https:\/\/www.zooaustria.com\/zooaustria\/#website"},"datePublished":"2017-03-22T18:44:37+00:00","dateModified":"2017-03-22T18:44:37+00:00","breadcrumb":{"@id":"https:\/\/www.zooaustria.com\/zooaustria\/terraristik\/halsbandleguan\/#breadcrumb"},"inLanguage":"de","potentialAction":[{"@type":"ReadAction","target":["https:\/\/www.zooaustria.com\/zooaustria\/terraristik\/halsbandleguan\/"]}]},{"@type":"BreadcrumbList","@id":"https:\/\/www.zooaustria.com\/zooaustria\/terraristik\/halsbandleguan\/#breadcrumb","itemListElement":[{"@type":"ListItem","position":1,"name":"Startseite","item":"https:\/\/www.zooaustria.com\/zooaustria\/"},{"@type":"ListItem","position":2,"name":"Terraristik","item":"https:\/\/www.zooaustria.com\/zooaustria\/terraristik-haltung-kauf\/"},{"@type":"ListItem","position":3,"name":"Halsbandleguan"}]},{"@type":"WebSite","@id":"https:\/\/www.zooaustria.com\/zooaustria\/#website","url":"https:\/\/www.zooaustria.com\/zooaustria\/","name":"Zoo Austria - Ihr Profi f\u00fcr Terraristik","description":"Terraristikshop","publisher":{"@id":"https:\/\/www.zooaustria.com\/zooaustria\/#organization"},"potentialAction":[{"@type":"SearchAction","target":{"@type":"EntryPoint","urlTemplate":"https:\/\/www.zooaustria.com\/zooaustria\/?s={search_term_string}"},"query-input":"required name=search_term_string"}],"inLanguage":"de"},{"@type":"Organization","@id":"https:\/\/www.zooaustria.com\/zooaustria\/#organization","name":"Zoo Austria - Ihr Profi f\u00fcr Terraristik","url":"https:\/\/www.zooaustria.com\/zooaustria\/","logo":{"@type":"ImageObject","inLanguage":"de","@id":"https:\/\/www.zooaustria.com\/zooaustria\/#\/schema\/logo\/image\/","url":"https:\/\/www.zooaustria.com\/zooaustria\/wp-content\/uploads\/2023\/11\/cropped-cropped-ZooAustria-Ihr_Profi_fuer_Terraristik-2-2.jpg","contentUrl":"https:\/\/www.zooaustria.com\/zooaustria\/wp-content\/uploads\/2023\/11\/cropped-cropped-ZooAustria-Ihr_Profi_fuer_Terraristik-2-2.jpg","width":1846,"height":1796,"caption":"Zoo Austria - Ihr Profi f\u00fcr Terraristik"},"image":{"@id":"https:\/\/www.zooaustria.com\/zooaustria\/#\/schema\/logo\/image\/"}}]}},"_links":{"self":[{"href":"https:\/\/www.zooaustria.com\/zooaustria\/wp-json\/wp\/v2\/product\/374"}],"collection":[{"href":"https:\/\/www.zooaustria.com\/zooaustria\/wp-json\/wp\/v2\/product"}],"about":[{"href":"https:\/\/www.zooaustria.com\/zooaustria\/wp-json\/wp\/v2\/types\/product"}],"wp:featuredmedia":[{"embeddable":true,"href":"https:\/\/www.zooaustria.com\/zooaustria\/wp-json\/wp\/v2\/media\/375"}],"wp:attachment":[{"href":"https:\/\/www.zooaustria.com\/zooaustria\/wp-json\/wp\/v2\/media?parent=374"}],"wp:term":[{"taxonomy":"product_cat","embeddable":true,"href":"https:\/\/www.zooaustria.com\/zooaustria\/wp-json\/wp\/v2\/product_cat?post=374"},{"taxonomy":"product_tag","embeddable":true,"href":"https:\/\/www.zooaustria.com\/zooaustria\/wp-json\/wp\/v2\/product_tag?post=374"}],"curies":[{"name":"wp","href":"https:\/\/api.w.org\/{rel}","templated":true}]}}