{"id":388,"date":"2017-04-04T20:03:04","date_gmt":"2017-04-04T18:03:04","guid":{"rendered":"http:\/\/www.derseelenhund.at\/zooaustria\/?post_type=product&#038;p=388"},"modified":"2024-02-14T22:05:42","modified_gmt":"2024-02-14T21:05:42","slug":"rotkehlanolis-kaufen","status":"publish","type":"product","link":"https:\/\/www.zooaustria.com\/zooaustria\/terraristik\/rotkehlanolis-kaufen\/","title":{"rendered":"Rotkehlanolis"},"content":{"rendered":"<h2>Haltung Rotkehlanolis:<\/h2>\n<p><strong>Allgemeines:<\/strong> Der Rotkehlanolis <em>(Anolis carolinensis)<\/em>, die einzige im S\u00fcdosten der USA heimische <em>Anolis<\/em>-Art, wird oft auch als amerikanisches Cham\u00e4leon bezeichnet. An der lebhaften gr\u00fcnen F\u00e4rbung beider Geschlechter und dem roten Kehlsack der M\u00e4nnchen sollten Rotkehlanolis <em>(Anolis carolinensis)<\/em> leicht zu erkennen sein, einige wenige M\u00e4nnchen besitzen jedoch rosafarbene, wei\u00dfe oder gr\u00fcne Kehls\u00e4cke, au\u00dferdem k\u00f6nnen beide Geschlechter die Farbe wechseln. Die einst mal weit verbreitete Art gilt inzwischen als gef\u00e4hrdet.<\/p>\n<div class=\"ast-oembed-container\" style=\"height: 100%;\"><iframe title=\"Rotkehlanolis F\u00fctterung #leguanlove #terraristikshop\" width=\"500\" height=\"281\" src=\"https:\/\/www.youtube.com\/embed\/bwmg1bhN-bE?feature=oembed\" frameborder=\"0\" allow=\"accelerometer; autoplay; clipboard-write; encrypted-media; gyroscope; picture-in-picture; web-share\" allowfullscreen><\/iframe><\/div>\n<p><strong>Verbreitung: <\/strong><br \/>\nS\u00fcdosten der USA. In G\u00e4rten und lichten W\u00e4ldern.<\/p>\n<p><strong>Kennzeichen: <\/strong><br \/>\nGL 21 cm, KRL bis 7cm. M\u00e4nnchen sind kr\u00e4ftiger, etwa 4cm gr\u00f6\u00dfer (GL) und an der roten Kehlwamme zu erkennen.<\/p>\n<p><strong>Terrarium: <\/strong><br \/>\nRegenwaldterrarium mit zahlreichen Kletterm\u00f6glichkeiten und Bepflanzung.<br \/>\nEmpfohlene Terrariengr\u00f6\u00dfe f\u00fcr die paarweise Haltung ausgewachsener Rotkehlanolis <em>(Anolis carolinensis)<\/em>, etwa 40 x 40 x 60 cm. Temperatur 28-30\u00b0C, nachts 20-22\u00b0C, Sonneninseln 30\u00b0C. Luftfeuchtigkeit 60-65%, nachts 80%. Beleuchtung 12-14 Stunden. UV- Bestrahlung erforderlich.<\/p>\n<p><strong>Haltung: <\/strong><br \/>\nPflege paarweise oder in Gruppen mit einem M\u00e4nnchen. Im Winter acht Wochen die Temperatus auf 18-20\u00b0C senken und die Tagesl\u00e4nge auf acht Stunden verk\u00fcrzen.<\/p>\n<p><strong>Ern\u00e4hrung: <\/strong><br \/>\nFliegen, Heimchen und Wachsmotten. Im Sommer mehr Drohnenmaden vom Imker. Verschm\u00e4hen manche Futtersorten eine Zeit lang. Manche Tiere legen sich aus und ohne Temperaturabsenkung eine Fastenzeit von Oktober bis M\u00e4rz ein.<\/p>\n<p><strong>Lebensweise: <\/strong><br \/>\nScheubleibend. M\u00e4nnchen spreizen bei Erregung ihre dunkelrot bis violett schimmernde Kehlwamme.<\/p>\n<p><strong>Fortpflanzung:<\/strong><br \/>\nRotkehlanolis <em>(Anolis carolinensis)<\/em> legen 1 Ei.<\/p>\n","protected":false},"excerpt":{"rendered":"<p>Anolis carolinensis<\/p>\n","protected":false},"featured_media":389,"template":"","meta":{"site-sidebar-layout":"default","site-content-layout":"default","ast-global-header-display":"","ast-banner-title-visibility":"","ast-main-header-display":"","ast-hfb-above-header-display":"","ast-hfb-below-header-display":"","ast-hfb-mobile-header-display":"","site-post-title":"","ast-breadcrumbs-content":"","ast-featured-img":"","footer-sml-layout":"","theme-transparent-header-meta":"default","adv-header-id-meta":"","stick-header-meta":"","header-above-stick-meta":"","header-main-stick-meta":"","header-below-stick-meta":""},"product_cat":[60,101],"product_tag":[],"yoast_head":"<!-- This site is optimized with the Yoast SEO plugin v21.1 - https:\/\/yoast.com\/wordpress\/plugins\/seo\/ -->\n<title>Rotkehlanolis Haltung-Kaufen - Terraristik Shop Wien<\/title>\n<meta name=\"description\" content=\"Rotkehlanolis werden auch amerikanisches Chameleon bezeichnet, da beide Geschlechter dieser Echsenart ihre Farbe wechseln k\u00f6nnen. Erh\u00e4ltlich bei ZooAustria.\" \/>\n<meta name=\"robots\" content=\"index, follow, max-snippet:-1, max-image-preview:large, max-video-preview:-1\" \/>\n<link rel=\"canonical\" href=\"https:\/\/www.zooaustria.com\/zooaustria\/terraristik\/rotkehlanolis-kaufen\/\" \/>\n<meta property=\"og:locale\" content=\"de_DE\" \/>\n<meta property=\"og:type\" content=\"article\" \/>\n<meta property=\"og:title\" content=\"Rotkehlanolis Haltung-Kaufen - Terraristik Shop Wien\" \/>\n<meta property=\"og:description\" content=\"Rotkehlanolis werden auch amerikanisches Chameleon bezeichnet, da beide Geschlechter dieser Echsenart ihre Farbe wechseln k\u00f6nnen. Erh\u00e4ltlich bei ZooAustria.\" \/>\n<meta property=\"og:url\" content=\"https:\/\/www.zooaustria.com\/zooaustria\/terraristik\/rotkehlanolis-kaufen\/\" \/>\n<meta property=\"og:site_name\" content=\"Zoo Austria - Ihr Profi f\u00fcr Terraristik\" \/>\n<meta property=\"article:modified_time\" content=\"2024-02-14T21:05:42+00:00\" \/>\n<meta property=\"og:image\" content=\"https:\/\/www.zooaustria.com\/zooaustria\/wp-content\/uploads\/2017\/04\/rotkehlanolis-_-anolis-carolinensis.jpeg\" \/>\n\t<meta property=\"og:image:width\" content=\"743\" \/>\n\t<meta property=\"og:image:height\" content=\"494\" \/>\n\t<meta property=\"og:image:type\" content=\"image\/jpeg\" \/>\n<meta name=\"twitter:card\" content=\"summary_large_image\" \/>\n<meta name=\"twitter:label1\" content=\"Gesch\u00e4tzte Lesezeit\" \/>\n\t<meta name=\"twitter:data1\" content=\"2\u00a0Minuten\" \/>\n<script type=\"application\/ld+json\" class=\"yoast-schema-graph\">{\"@context\":\"https:\/\/schema.org\",\"@graph\":[{\"@type\":\"WebPage\",\"@id\":\"https:\/\/www.zooaustria.com\/zooaustria\/terraristik\/rotkehlanolis-kaufen\/\",\"url\":\"https:\/\/www.zooaustria.com\/zooaustria\/terraristik\/rotkehlanolis-kaufen\/\",\"name\":\"Rotkehlanolis Haltung-Kaufen - Terraristik Shop Wien\",\"isPartOf\":{\"@id\":\"https:\/\/www.zooaustria.com\/zooaustria\/#website\"},\"datePublished\":\"2017-04-04T18:03:04+00:00\",\"dateModified\":\"2024-02-14T21:05:42+00:00\",\"description\":\"Rotkehlanolis werden auch amerikanisches Chameleon bezeichnet, da beide Geschlechter dieser Echsenart ihre Farbe wechseln k\u00f6nnen. Erh\u00e4ltlich bei ZooAustria.\",\"breadcrumb\":{\"@id\":\"https:\/\/www.zooaustria.com\/zooaustria\/terraristik\/rotkehlanolis-kaufen\/#breadcrumb\"},\"inLanguage\":\"de\",\"potentialAction\":[{\"@type\":\"ReadAction\",\"target\":[\"https:\/\/www.zooaustria.com\/zooaustria\/terraristik\/rotkehlanolis-kaufen\/\"]}]},{\"@type\":\"BreadcrumbList\",\"@id\":\"https:\/\/www.zooaustria.com\/zooaustria\/terraristik\/rotkehlanolis-kaufen\/#breadcrumb\",\"itemListElement\":[{\"@type\":\"ListItem\",\"position\":1,\"name\":\"Startseite\",\"item\":\"https:\/\/www.zooaustria.com\/zooaustria\/\"},{\"@type\":\"ListItem\",\"position\":2,\"name\":\"Terraristik\",\"item\":\"https:\/\/www.zooaustria.com\/zooaustria\/terraristik-haltung-kauf\/\"},{\"@type\":\"ListItem\",\"position\":3,\"name\":\"Rotkehlanolis\"}]},{\"@type\":\"WebSite\",\"@id\":\"https:\/\/www.zooaustria.com\/zooaustria\/#website\",\"url\":\"https:\/\/www.zooaustria.com\/zooaustria\/\",\"name\":\"Zoo Austria - Ihr Profi f\u00fcr Terraristik\",\"description\":\"Terraristikshop\",\"publisher\":{\"@id\":\"https:\/\/www.zooaustria.com\/zooaustria\/#organization\"},\"potentialAction\":[{\"@type\":\"SearchAction\",\"target\":{\"@type\":\"EntryPoint\",\"urlTemplate\":\"https:\/\/www.zooaustria.com\/zooaustria\/?s={search_term_string}\"},\"query-input\":\"required name=search_term_string\"}],\"inLanguage\":\"de\"},{\"@type\":\"Organization\",\"@id\":\"https:\/\/www.zooaustria.com\/zooaustria\/#organization\",\"name\":\"Zoo Austria - Ihr Profi f\u00fcr Terraristik\",\"url\":\"https:\/\/www.zooaustria.com\/zooaustria\/\",\"logo\":{\"@type\":\"ImageObject\",\"inLanguage\":\"de\",\"@id\":\"https:\/\/www.zooaustria.com\/zooaustria\/#\/schema\/logo\/image\/\",\"url\":\"https:\/\/www.zooaustria.com\/zooaustria\/wp-content\/uploads\/2023\/11\/cropped-cropped-ZooAustria-Ihr_Profi_fuer_Terraristik-2-2.jpg\",\"contentUrl\":\"https:\/\/www.zooaustria.com\/zooaustria\/wp-content\/uploads\/2023\/11\/cropped-cropped-ZooAustria-Ihr_Profi_fuer_Terraristik-2-2.jpg\",\"width\":1846,\"height\":1796,\"caption\":\"Zoo Austria - Ihr Profi f\u00fcr Terraristik\"},\"image\":{\"@id\":\"https:\/\/www.zooaustria.com\/zooaustria\/#\/schema\/logo\/image\/\"}}]}<\/script>\n<!-- \/ Yoast SEO plugin. -->","yoast_head_json":{"title":"Rotkehlanolis Haltung-Kaufen - Terraristik Shop Wien","description":"Rotkehlanolis werden auch amerikanisches Chameleon bezeichnet, da beide Geschlechter dieser Echsenart ihre Farbe wechseln k\u00f6nnen. Erh\u00e4ltlich bei ZooAustria.","robots":{"index":"index","follow":"follow","max-snippet":"max-snippet:-1","max-image-preview":"max-image-preview:large","max-video-preview":"max-video-preview:-1"},"canonical":"https:\/\/www.zooaustria.com\/zooaustria\/terraristik\/rotkehlanolis-kaufen\/","og_locale":"de_DE","og_type":"article","og_title":"Rotkehlanolis Haltung-Kaufen - Terraristik Shop Wien","og_description":"Rotkehlanolis werden auch amerikanisches Chameleon bezeichnet, da beide Geschlechter dieser Echsenart ihre Farbe wechseln k\u00f6nnen. Erh\u00e4ltlich bei ZooAustria.","og_url":"https:\/\/www.zooaustria.com\/zooaustria\/terraristik\/rotkehlanolis-kaufen\/","og_site_name":"Zoo Austria - Ihr Profi f\u00fcr Terraristik","article_modified_time":"2024-02-14T21:05:42+00:00","og_image":[{"width":743,"height":494,"url":"https:\/\/www.zooaustria.com\/zooaustria\/wp-content\/uploads\/2017\/04\/rotkehlanolis-_-anolis-carolinensis.jpeg","type":"image\/jpeg"}],"twitter_card":"summary_large_image","twitter_misc":{"Gesch\u00e4tzte Lesezeit":"2\u00a0Minuten"},"schema":{"@context":"https:\/\/schema.org","@graph":[{"@type":"WebPage","@id":"https:\/\/www.zooaustria.com\/zooaustria\/terraristik\/rotkehlanolis-kaufen\/","url":"https:\/\/www.zooaustria.com\/zooaustria\/terraristik\/rotkehlanolis-kaufen\/","name":"Rotkehlanolis Haltung-Kaufen - Terraristik Shop Wien","isPartOf":{"@id":"https:\/\/www.zooaustria.com\/zooaustria\/#website"},"datePublished":"2017-04-04T18:03:04+00:00","dateModified":"2024-02-14T21:05:42+00:00","description":"Rotkehlanolis werden auch amerikanisches Chameleon bezeichnet, da beide Geschlechter dieser Echsenart ihre Farbe wechseln k\u00f6nnen. Erh\u00e4ltlich bei ZooAustria.","breadcrumb":{"@id":"https:\/\/www.zooaustria.com\/zooaustria\/terraristik\/rotkehlanolis-kaufen\/#breadcrumb"},"inLanguage":"de","potentialAction":[{"@type":"ReadAction","target":["https:\/\/www.zooaustria.com\/zooaustria\/terraristik\/rotkehlanolis-kaufen\/"]}]},{"@type":"BreadcrumbList","@id":"https:\/\/www.zooaustria.com\/zooaustria\/terraristik\/rotkehlanolis-kaufen\/#breadcrumb","itemListElement":[{"@type":"ListItem","position":1,"name":"Startseite","item":"https:\/\/www.zooaustria.com\/zooaustria\/"},{"@type":"ListItem","position":2,"name":"Terraristik","item":"https:\/\/www.zooaustria.com\/zooaustria\/terraristik-haltung-kauf\/"},{"@type":"ListItem","position":3,"name":"Rotkehlanolis"}]},{"@type":"WebSite","@id":"https:\/\/www.zooaustria.com\/zooaustria\/#website","url":"https:\/\/www.zooaustria.com\/zooaustria\/","name":"Zoo Austria - Ihr Profi f\u00fcr Terraristik","description":"Terraristikshop","publisher":{"@id":"https:\/\/www.zooaustria.com\/zooaustria\/#organization"},"potentialAction":[{"@type":"SearchAction","target":{"@type":"EntryPoint","urlTemplate":"https:\/\/www.zooaustria.com\/zooaustria\/?s={search_term_string}"},"query-input":"required name=search_term_string"}],"inLanguage":"de"},{"@type":"Organization","@id":"https:\/\/www.zooaustria.com\/zooaustria\/#organization","name":"Zoo Austria - Ihr Profi f\u00fcr Terraristik","url":"https:\/\/www.zooaustria.com\/zooaustria\/","logo":{"@type":"ImageObject","inLanguage":"de","@id":"https:\/\/www.zooaustria.com\/zooaustria\/#\/schema\/logo\/image\/","url":"https:\/\/www.zooaustria.com\/zooaustria\/wp-content\/uploads\/2023\/11\/cropped-cropped-ZooAustria-Ihr_Profi_fuer_Terraristik-2-2.jpg","contentUrl":"https:\/\/www.zooaustria.com\/zooaustria\/wp-content\/uploads\/2023\/11\/cropped-cropped-ZooAustria-Ihr_Profi_fuer_Terraristik-2-2.jpg","width":1846,"height":1796,"caption":"Zoo Austria - Ihr Profi f\u00fcr Terraristik"},"image":{"@id":"https:\/\/www.zooaustria.com\/zooaustria\/#\/schema\/logo\/image\/"}}]}},"_links":{"self":[{"href":"https:\/\/www.zooaustria.com\/zooaustria\/wp-json\/wp\/v2\/product\/388"}],"collection":[{"href":"https:\/\/www.zooaustria.com\/zooaustria\/wp-json\/wp\/v2\/product"}],"about":[{"href":"https:\/\/www.zooaustria.com\/zooaustria\/wp-json\/wp\/v2\/types\/product"}],"wp:featuredmedia":[{"embeddable":true,"href":"https:\/\/www.zooaustria.com\/zooaustria\/wp-json\/wp\/v2\/media\/389"}],"wp:attachment":[{"href":"https:\/\/www.zooaustria.com\/zooaustria\/wp-json\/wp\/v2\/media?parent=388"}],"wp:term":[{"taxonomy":"product_cat","embeddable":true,"href":"https:\/\/www.zooaustria.com\/zooaustria\/wp-json\/wp\/v2\/product_cat?post=388"},{"taxonomy":"product_tag","embeddable":true,"href":"https:\/\/www.zooaustria.com\/zooaustria\/wp-json\/wp\/v2\/product_tag?post=388"}],"curies":[{"name":"wp","href":"https:\/\/api.w.org\/{rel}","templated":true}]}}