{"id":403,"date":"2017-04-04T20:14:28","date_gmt":"2017-04-04T18:14:28","guid":{"rendered":"http:\/\/www.derseelenhund.at\/zooaustria\/?post_type=product&#038;p=403"},"modified":"2023-09-16T19:55:08","modified_gmt":"2023-09-16T17:55:08","slug":"buschkrokodil-haltung-kaufen","status":"publish","type":"product","link":"https:\/\/www.zooaustria.com\/zooaustria\/terraristik\/buschkrokodil-haltung-kaufen\/","title":{"rendered":"Buschkrokodil-Tribolonotus gracilis"},"content":{"rendered":"<h2>Haltung Buschkrokodil<\/h2>\n<p><strong>Allgemein: <\/strong>Das Buschkrokodil \u00e4hnelt etwas dem Krokodil oder einem kleinen Drachen. \u00dcber ihre nat\u00fcrliche Lebensweise ist wenig bekannt, nur das sie sich gerne an Flussl\u00e4ufen und Wasserf\u00e4llen aufhalten und im Unterholz der Regenw\u00e4lder leben. Bei Gefahr k\u00f6nnen sie den Schwanz abwerfen, eine andere Verteidigungsma\u00dfnahme ist, das &#8220;sich tot stellen&#8221;, also keine Sorge wenn das Tier einmal stundenlang regungslos daliegt, sehr wahrscheinlich ist es quick lebendig.<\/p>\n<p><iframe title=\"YouTube video player\" src=\"https:\/\/www.youtube.com\/embed\/dawy2SB8cG8?si=WVJLxzI4n8ZfKhB1\" width=\"560\" height=\"315\" frameborder=\"0\" allowfullscreen=\"allowfullscreen\"><\/iframe><\/p>\n<p><strong>Herkunft<\/strong>: Papua Neuguinea, Admira Inseln, Vulkaninsel Karkar<br \/>\n<strong>Name: <\/strong>Tribolonotus gracilis, Rotaugen-Helmskink, Orangeaugen-Helmskink, Crocodile Skink<strong><br \/>\n<strong>Gr\u00f6\u00dfe<\/strong>: <\/strong>17-20cm<strong><br \/>\n<strong>Alter<\/strong>: <\/strong>ca.10-15 Jahre<strong><br \/>\n<strong>Meldepflicht:<\/strong><\/strong>\u00a0ja (alle Reptilien in \u00d6sterreich)<\/p>\n<h3>Futter\/Nahrung:<\/h3>\n<p>kleine Insekten wie Wanderheuschrecken und W\u00fcstenheuschrecken, Steppengrillen, Mittelmeergrillen, Heimchen, Mehrw\u00fcrmer, Schwarzk\u00e4ferlarven, K\u00e4fer, Raupen, Asseln, kleine Schaben, Wachsmaden, Schnecken auch kleine Regenw\u00fcrmer und lebende kleine Fische werden erbeutet. Die Futterinsekten regelm\u00e4\u00dfig mit Vitamin- und Mineralienpr\u00e4parat best\u00e4uben. Eine Schale mit Sepiast\u00fccken (Kalziumzufuhr) sollte immer im Terrarium stehen.<\/p>\n<h3>Haltung &amp; Terrarien Einrichtung:<\/h3>\n<p><strong>Terrariumtyp<\/strong>: Tropenterrarium, Paludarium<br \/>\n<strong>Mindestgr\u00f6\u00dfe Terrarium:<\/strong> 100x50x50cm f\u00fcr ein Paar<br \/>\n<strong>Beleuchtung:<\/strong> W\u00e4rmespot, UV-B-Beleuchtung ist nicht zwingend notwendig aber sehr stark zu empfehlen<br \/>\n<strong>Beleuchtungszeit:<\/strong> 10-12 Stunden pro Tag<br \/>\n<strong>Temperatur:<\/strong> tags\u00fcber 20-25\u00b0C, punktuell 27-28\u00b0C, nachts\u00fcber 18-20\u00b0C<br \/>\n<strong>Luftfeuchtigkeit:<\/strong> tags\u00fcber 80%, nachts\u00fcber 90-100%<\/p>\n<h4>Einrichtung:<\/h4>\n<p>Buschkrokodile leben haupts\u00e4chlich am Boden, klettern aber auch sehr gerne. Daher Kletterm\u00f6glichkeiten einbauen, Kletterwand, Wurzeln wie Weinreben, Kork\u00e4ste u.\u00e4. Als Verstecke kann man Korkrindenst\u00fccke, Kokosnussschalen, Tonh\u00f6hlen, Steine, dichte Bepflanzung uvm. verwenden.<\/p>\n<p>Der Rotaugen-Helmskink, badet auch sehr gerne. Ein Wasserteil ist unverzichtbar und f\u00fcr die artgerechte Pflege dieser Art Pflicht! Das kann entweder durch eine gro\u00dfe Wasserschale, die nicht zu tief sein darf (Ertrinkungsgefahr), oder durch einen Wasseranteil im Terrarium, Wasserfall, Flusslauf, mit entsprechender Technik, erf\u00fcllt werden. Bei stehendem Wasser in der Schale t\u00e4glich Wasserwechsel um Bakterien zu vermeiden.<\/p>\n<p><strong>Bodengrund:\u00a0<\/strong>Kokoshumus, Terrarienerde, Pinienrinde als Deckschicht, Moos und Laub. Untere Schicht kann aus Bl\u00e4hton bestehen. Bodengrund immer leicht feucht halten.<br \/>\n<strong>Pflanzen: <\/strong>Farne, Gr\u00fcnlilien, Bromelien, Orchideen, Punktblatt, Fittonie, Hoya carnosa, australisches Veilchen (Viola hederacea), Philodendron,<br \/>\nFingeraralie Schefflera (elegantissima), Kletterpflanzen wie: Cissus antarctica (K\u00e4nguruhwein), Ficus Arten, bsw. Ficus pumila, Efeututen, japanischer Kletterfarn (lygodium japonicum) und viele mehr.<\/p>\n<h3>Sozialverhalten\/Lebensweise<\/h3>\n<p>Tribolonotus gracilis ist d\u00e4mmerungs- und nachtaktiv.\u00a0 Bei gut strukturiertem Terrarium sind sie ab und an auch\u00a0 tags\u00fcber unterwegs und baden gerne in der Sonne. Am besten paarweise halten. Mehrere M\u00e4nnchen und auch mehrere Weibchen vertragen sich untereinander nicht und reagieren sehr aggressiv auf einander.<\/p>\n<p><strong>Geschlechtsunterscheidung:<\/strong> M\u00e4nnchen sind kr\u00e4ftiger gebaut als Weibchen und etwas gr\u00f6\u00dfer. Dazu zeigen sie\u00a0 an den 3. und 4. Zehen der Hinterbeine helle Poren und werden mit 3 Jahren geschlechtsreif. Die Weibchen erreichen ihr Fortpflanzungsalter erst mit 4-5 Jahren. Ein weiteres Merkmal der Geschlechtsreife, ist ein orange-gelber Fleck m Kinn.<\/p>\n<p><strong>Eiablage: <\/strong>Die Weibchen legen einzeln, bis zu 10 Eier, im Jahr. Der Schlupf findet nach 74 Tagen statt. W\u00e4hrend die erwachsenen Tiere ausgezeichnete Schwimmer sind, trifft das auf ihren Nachwuchs oft nicht zu. Wasserstand sollte daher nur minimal sein, So das sie darin stehen k\u00f6nnen, oder noch etwas weniger Wasser.<\/p>\n<h4>Wichtig:<\/h4>\n<p>Morgens und abends spr\u00fchen, oder eine Beregnungsanlage um die Luftfeuchtigkeit zu halten.<br \/>\n<strong>Empfehlung<\/strong>: Beregnungsanlage, Vernebler, Terrarienpolizei (Asseln und Springschw\u00e4nze), Wasserschale, Moos un \u00c4ste<\/p>\n<div class=\"ast-oembed-container\" style=\"height: 100%;\"><iframe title=\"Thanatosis in Tribolonotus gracilis (Red Eyed Crocodile Skink)\" width=\"500\" height=\"281\" src=\"https:\/\/www.youtube.com\/embed\/eiDRQbc-sWU?feature=oembed\" frameborder=\"0\" allow=\"accelerometer; autoplay; clipboard-write; encrypted-media; gyroscope; picture-in-picture; web-share\" allowfullscreen><\/iframe><\/div>\n","protected":false},"excerpt":{"rendered":"<p>Tribolonotus gracilis<\/p>\n","protected":false},"featured_media":2328,"template":"","meta":{"site-sidebar-layout":"default","site-content-layout":"default","ast-global-header-display":"","ast-banner-title-visibility":"","ast-main-header-display":"","ast-hfb-above-header-display":"","ast-hfb-below-header-display":"","ast-hfb-mobile-header-display":"","site-post-title":"","ast-breadcrumbs-content":"","ast-featured-img":"","footer-sml-layout":"","theme-transparent-header-meta":"default","adv-header-id-meta":"","stick-header-meta":"","header-above-stick-meta":"","header-main-stick-meta":"","header-below-stick-meta":""},"product_cat":[101,64],"product_tag":[],"yoast_head":"<!-- This site is optimized with the Yoast SEO plugin v21.1 - https:\/\/yoast.com\/wordpress\/plugins\/seo\/ -->\n<title>Buschkrokodil-Tribolonotus gracilis Haltung-Kaufen - Zoo Austria - Ihr Profi f\u00fcr Terraristik Terraristik Shop Wien<\/title>\n<meta name=\"description\" content=\"Buschkrokodile erinnern an kleine Drachen, sie sind sogenannte Helmskinke. Urspr\u00fcnglich stammen sie aus Neuguinea. Zoo Austria z\u00fcchtet die Tiere selbst:)\" \/>\n<meta name=\"robots\" content=\"index, follow, max-snippet:-1, max-image-preview:large, max-video-preview:-1\" \/>\n<link rel=\"canonical\" href=\"https:\/\/www.zooaustria.com\/zooaustria\/terraristik\/buschkrokodil-haltung-kaufen\/\" \/>\n<meta property=\"og:locale\" content=\"de_DE\" \/>\n<meta property=\"og:type\" content=\"article\" \/>\n<meta property=\"og:title\" content=\"Buschkrokodil-Tribolonotus gracilis Haltung-Kaufen - Zoo Austria - Ihr Profi f\u00fcr Terraristik Terraristik Shop Wien\" \/>\n<meta property=\"og:description\" content=\"Buschkrokodile erinnern an kleine Drachen, sie sind sogenannte Helmskinke. Urspr\u00fcnglich stammen sie aus Neuguinea. Zoo Austria z\u00fcchtet die Tiere selbst:)\" \/>\n<meta property=\"og:url\" content=\"https:\/\/www.zooaustria.com\/zooaustria\/terraristik\/buschkrokodil-haltung-kaufen\/\" \/>\n<meta property=\"og:site_name\" content=\"Zoo Austria - Ihr Profi f\u00fcr Terraristik\" \/>\n<meta property=\"article:modified_time\" content=\"2023-09-16T17:55:08+00:00\" \/>\n<meta property=\"og:image\" content=\"https:\/\/www.zooaustria.com\/zooaustria\/wp-content\/uploads\/2017\/04\/buschkrokodil_hand.webp\" \/>\n\t<meta property=\"og:image:width\" content=\"743\" \/>\n\t<meta property=\"og:image:height\" content=\"494\" \/>\n\t<meta property=\"og:image:type\" content=\"image\/webp\" \/>\n<meta name=\"twitter:card\" content=\"summary_large_image\" \/>\n<meta name=\"twitter:label1\" content=\"Gesch\u00e4tzte Lesezeit\" \/>\n\t<meta name=\"twitter:data1\" content=\"3\u00a0Minuten\" \/>\n<script type=\"application\/ld+json\" class=\"yoast-schema-graph\">{\"@context\":\"https:\/\/schema.org\",\"@graph\":[{\"@type\":\"WebPage\",\"@id\":\"https:\/\/www.zooaustria.com\/zooaustria\/terraristik\/buschkrokodil-haltung-kaufen\/\",\"url\":\"https:\/\/www.zooaustria.com\/zooaustria\/terraristik\/buschkrokodil-haltung-kaufen\/\",\"name\":\"Buschkrokodil-Tribolonotus gracilis Haltung-Kaufen - Zoo Austria - Ihr Profi f\u00fcr Terraristik Terraristik Shop Wien\",\"isPartOf\":{\"@id\":\"https:\/\/www.zooaustria.com\/zooaustria\/#website\"},\"datePublished\":\"2017-04-04T18:14:28+00:00\",\"dateModified\":\"2023-09-16T17:55:08+00:00\",\"description\":\"Buschkrokodile erinnern an kleine Drachen, sie sind sogenannte Helmskinke. Urspr\u00fcnglich stammen sie aus Neuguinea. Zoo Austria z\u00fcchtet die Tiere selbst:)\",\"breadcrumb\":{\"@id\":\"https:\/\/www.zooaustria.com\/zooaustria\/terraristik\/buschkrokodil-haltung-kaufen\/#breadcrumb\"},\"inLanguage\":\"de\",\"potentialAction\":[{\"@type\":\"ReadAction\",\"target\":[\"https:\/\/www.zooaustria.com\/zooaustria\/terraristik\/buschkrokodil-haltung-kaufen\/\"]}]},{\"@type\":\"BreadcrumbList\",\"@id\":\"https:\/\/www.zooaustria.com\/zooaustria\/terraristik\/buschkrokodil-haltung-kaufen\/#breadcrumb\",\"itemListElement\":[{\"@type\":\"ListItem\",\"position\":1,\"name\":\"Startseite\",\"item\":\"https:\/\/www.zooaustria.com\/zooaustria\/\"},{\"@type\":\"ListItem\",\"position\":2,\"name\":\"Terraristik\",\"item\":\"https:\/\/www.zooaustria.com\/zooaustria\/terraristik-haltung-kauf\/\"},{\"@type\":\"ListItem\",\"position\":3,\"name\":\"Buschkrokodil-Tribolonotus gracilis\"}]},{\"@type\":\"WebSite\",\"@id\":\"https:\/\/www.zooaustria.com\/zooaustria\/#website\",\"url\":\"https:\/\/www.zooaustria.com\/zooaustria\/\",\"name\":\"Zoo Austria - Ihr Profi f\u00fcr Terraristik\",\"description\":\"Terraristikshop\",\"publisher\":{\"@id\":\"https:\/\/www.zooaustria.com\/zooaustria\/#organization\"},\"potentialAction\":[{\"@type\":\"SearchAction\",\"target\":{\"@type\":\"EntryPoint\",\"urlTemplate\":\"https:\/\/www.zooaustria.com\/zooaustria\/?s={search_term_string}\"},\"query-input\":\"required name=search_term_string\"}],\"inLanguage\":\"de\"},{\"@type\":\"Organization\",\"@id\":\"https:\/\/www.zooaustria.com\/zooaustria\/#organization\",\"name\":\"Zoo Austria - Ihr Profi f\u00fcr Terraristik\",\"url\":\"https:\/\/www.zooaustria.com\/zooaustria\/\",\"logo\":{\"@type\":\"ImageObject\",\"inLanguage\":\"de\",\"@id\":\"https:\/\/www.zooaustria.com\/zooaustria\/#\/schema\/logo\/image\/\",\"url\":\"https:\/\/www.zooaustria.com\/zooaustria\/wp-content\/uploads\/2023\/11\/cropped-cropped-ZooAustria-Ihr_Profi_fuer_Terraristik-2-2.jpg\",\"contentUrl\":\"https:\/\/www.zooaustria.com\/zooaustria\/wp-content\/uploads\/2023\/11\/cropped-cropped-ZooAustria-Ihr_Profi_fuer_Terraristik-2-2.jpg\",\"width\":1846,\"height\":1796,\"caption\":\"Zoo Austria - Ihr Profi f\u00fcr Terraristik\"},\"image\":{\"@id\":\"https:\/\/www.zooaustria.com\/zooaustria\/#\/schema\/logo\/image\/\"}}]}<\/script>\n<!-- \/ Yoast SEO plugin. -->","yoast_head_json":{"title":"Buschkrokodil-Tribolonotus gracilis Haltung-Kaufen - Zoo Austria - Ihr Profi f\u00fcr Terraristik Terraristik Shop Wien","description":"Buschkrokodile erinnern an kleine Drachen, sie sind sogenannte Helmskinke. Urspr\u00fcnglich stammen sie aus Neuguinea. Zoo Austria z\u00fcchtet die Tiere selbst:)","robots":{"index":"index","follow":"follow","max-snippet":"max-snippet:-1","max-image-preview":"max-image-preview:large","max-video-preview":"max-video-preview:-1"},"canonical":"https:\/\/www.zooaustria.com\/zooaustria\/terraristik\/buschkrokodil-haltung-kaufen\/","og_locale":"de_DE","og_type":"article","og_title":"Buschkrokodil-Tribolonotus gracilis Haltung-Kaufen - Zoo Austria - Ihr Profi f\u00fcr Terraristik Terraristik Shop Wien","og_description":"Buschkrokodile erinnern an kleine Drachen, sie sind sogenannte Helmskinke. Urspr\u00fcnglich stammen sie aus Neuguinea. Zoo Austria z\u00fcchtet die Tiere selbst:)","og_url":"https:\/\/www.zooaustria.com\/zooaustria\/terraristik\/buschkrokodil-haltung-kaufen\/","og_site_name":"Zoo Austria - Ihr Profi f\u00fcr Terraristik","article_modified_time":"2023-09-16T17:55:08+00:00","og_image":[{"width":743,"height":494,"url":"https:\/\/www.zooaustria.com\/zooaustria\/wp-content\/uploads\/2017\/04\/buschkrokodil_hand.webp","type":"image\/webp"}],"twitter_card":"summary_large_image","twitter_misc":{"Gesch\u00e4tzte Lesezeit":"3\u00a0Minuten"},"schema":{"@context":"https:\/\/schema.org","@graph":[{"@type":"WebPage","@id":"https:\/\/www.zooaustria.com\/zooaustria\/terraristik\/buschkrokodil-haltung-kaufen\/","url":"https:\/\/www.zooaustria.com\/zooaustria\/terraristik\/buschkrokodil-haltung-kaufen\/","name":"Buschkrokodil-Tribolonotus gracilis Haltung-Kaufen - Zoo Austria - Ihr Profi f\u00fcr Terraristik Terraristik Shop Wien","isPartOf":{"@id":"https:\/\/www.zooaustria.com\/zooaustria\/#website"},"datePublished":"2017-04-04T18:14:28+00:00","dateModified":"2023-09-16T17:55:08+00:00","description":"Buschkrokodile erinnern an kleine Drachen, sie sind sogenannte Helmskinke. Urspr\u00fcnglich stammen sie aus Neuguinea. Zoo Austria z\u00fcchtet die Tiere selbst:)","breadcrumb":{"@id":"https:\/\/www.zooaustria.com\/zooaustria\/terraristik\/buschkrokodil-haltung-kaufen\/#breadcrumb"},"inLanguage":"de","potentialAction":[{"@type":"ReadAction","target":["https:\/\/www.zooaustria.com\/zooaustria\/terraristik\/buschkrokodil-haltung-kaufen\/"]}]},{"@type":"BreadcrumbList","@id":"https:\/\/www.zooaustria.com\/zooaustria\/terraristik\/buschkrokodil-haltung-kaufen\/#breadcrumb","itemListElement":[{"@type":"ListItem","position":1,"name":"Startseite","item":"https:\/\/www.zooaustria.com\/zooaustria\/"},{"@type":"ListItem","position":2,"name":"Terraristik","item":"https:\/\/www.zooaustria.com\/zooaustria\/terraristik-haltung-kauf\/"},{"@type":"ListItem","position":3,"name":"Buschkrokodil-Tribolonotus gracilis"}]},{"@type":"WebSite","@id":"https:\/\/www.zooaustria.com\/zooaustria\/#website","url":"https:\/\/www.zooaustria.com\/zooaustria\/","name":"Zoo Austria - Ihr Profi f\u00fcr Terraristik","description":"Terraristikshop","publisher":{"@id":"https:\/\/www.zooaustria.com\/zooaustria\/#organization"},"potentialAction":[{"@type":"SearchAction","target":{"@type":"EntryPoint","urlTemplate":"https:\/\/www.zooaustria.com\/zooaustria\/?s={search_term_string}"},"query-input":"required name=search_term_string"}],"inLanguage":"de"},{"@type":"Organization","@id":"https:\/\/www.zooaustria.com\/zooaustria\/#organization","name":"Zoo Austria - Ihr Profi f\u00fcr Terraristik","url":"https:\/\/www.zooaustria.com\/zooaustria\/","logo":{"@type":"ImageObject","inLanguage":"de","@id":"https:\/\/www.zooaustria.com\/zooaustria\/#\/schema\/logo\/image\/","url":"https:\/\/www.zooaustria.com\/zooaustria\/wp-content\/uploads\/2023\/11\/cropped-cropped-ZooAustria-Ihr_Profi_fuer_Terraristik-2-2.jpg","contentUrl":"https:\/\/www.zooaustria.com\/zooaustria\/wp-content\/uploads\/2023\/11\/cropped-cropped-ZooAustria-Ihr_Profi_fuer_Terraristik-2-2.jpg","width":1846,"height":1796,"caption":"Zoo Austria - Ihr Profi f\u00fcr Terraristik"},"image":{"@id":"https:\/\/www.zooaustria.com\/zooaustria\/#\/schema\/logo\/image\/"}}]}},"_links":{"self":[{"href":"https:\/\/www.zooaustria.com\/zooaustria\/wp-json\/wp\/v2\/product\/403"}],"collection":[{"href":"https:\/\/www.zooaustria.com\/zooaustria\/wp-json\/wp\/v2\/product"}],"about":[{"href":"https:\/\/www.zooaustria.com\/zooaustria\/wp-json\/wp\/v2\/types\/product"}],"wp:featuredmedia":[{"embeddable":true,"href":"https:\/\/www.zooaustria.com\/zooaustria\/wp-json\/wp\/v2\/media\/2328"}],"wp:attachment":[{"href":"https:\/\/www.zooaustria.com\/zooaustria\/wp-json\/wp\/v2\/media?parent=403"}],"wp:term":[{"taxonomy":"product_cat","embeddable":true,"href":"https:\/\/www.zooaustria.com\/zooaustria\/wp-json\/wp\/v2\/product_cat?post=403"},{"taxonomy":"product_tag","embeddable":true,"href":"https:\/\/www.zooaustria.com\/zooaustria\/wp-json\/wp\/v2\/product_tag?post=403"}],"curies":[{"name":"wp","href":"https:\/\/api.w.org\/{rel}","templated":true}]}}