{"id":410,"date":"2017-04-04T20:17:33","date_gmt":"2017-04-04T18:17:33","guid":{"rendered":"http:\/\/www.derseelenhund.at\/zooaustria\/?post_type=product&#038;p=410"},"modified":"2022-11-24T22:12:26","modified_gmt":"2022-11-24T21:12:26","slug":"steppenwaran","status":"publish","type":"product","link":"https:\/\/www.zooaustria.com\/zooaustria\/terraristik\/steppenwaran\/","title":{"rendered":"Steppenwaran"},"content":{"rendered":"<p><strong>Herkunft:<\/strong><br \/>\nSenegal bis Sudan<\/p>\n<p><strong>Endgr\u00f6\u00dfe:<\/strong><br \/>\nGesamtl\u00e4nge 75-100cm<\/p>\n<p><strong>Klima:<\/strong><br \/>\nTemperatur tags\u00fcber 25-30\u00b0C nachts 20\u00b0C<br \/>\nLuftfeuchtigkeit ca 70%<\/p>\n<p><strong>Nahrung:<\/strong><br \/>\nFutter Insekten, Spinnen, kleine Reptilien, nur selten Nager anbieten!<\/p>\n<p><strong>Lebensweise, Pflege:<\/strong><br \/>\nDas Verbreitungsgebiet des Steppenwarans erstreckt sich von Senegal bis zum Sudan.<br \/>\nVaranus exanthematicus erreicht eine durchschnittliche Gesamtl\u00e4nge von 75-100cm. Er bewohnt trockene Savannen- und Graslandschaften Afrikas, jedoch nicht in den W\u00fcsten oder tropischen Regenw\u00e4ldern.<\/p>\n<p><strong>Terrarium:<\/strong><br \/>\nDas Terrarium sollte Mindestma\u00dfe von 300x100x100 f\u00fcr ein adultes Paar nicht unterschreiten. Die Ausstattung des Terrariums sollte mit Kletterm\u00f6glichkeiten und einer Badesch\u00fcssel bereichert werden. Die Temperaturen k\u00f6nnen tags\u00fcber 25-30\u00b0C betragen, lokal auf 40\u00b0C ansteigen und nachts auf 20\u00b0C absinken. Mit Neblern oder Wasserf\u00e4llen kann eine Luftfeuchtigkeit von 70% erreicht werden. Als Futter werden verschiedene Insekten und Spinnen sowie kleine Reptilien oder Eier. M\u00e4use sollten unr selten angeboten werden, da Warane leicht verfetten. In freier Natur besteht ihre Nahrung zu 80-90% aus Insekten.<\/p>\n<p><strong>Winterruhe und Zucht:<\/strong><br \/>\nDie Winterruhe kann ab Oktober eingeleitet werden. Zu dieser Zeit bleiben die Steppenwarane meist in ihrem Unterschlupf und nehmen in der Regel keine Nahrung zu sich. Die Temperatur wird tags\u00fcber auf 26-28\u00b0C abgesenkt und geht nachts auf 18-20\u00b0C zur\u00fcck. Die Beleuchtungsdauer sollte auf 6 Stunden reduziert werden. Nach dieser Zeit beginnt die Regenperiode, in der mit einer Beregnungsanlage mehrmals am Tag die Luftfeuchtigkeit auf 80% erh\u00f6ht wird. Nun wird nach der Balz die Kopulation folgen. Nach vier bis sechs Wochen beginnt das Weibchen mit Grabungen und legt ein Gelege mit 15-52 Eiern ab. Bei 29-30\u00b0C zeitigen die Eier nach 150-180 Tagen.<\/p>\n","protected":false},"excerpt":{"rendered":"<p>Varanus exantematicus<\/p>\n","protected":false},"featured_media":411,"template":"","meta":{"site-sidebar-layout":"default","site-content-layout":"default","ast-global-header-display":"","ast-banner-title-visibility":"","ast-main-header-display":"","ast-hfb-above-header-display":"","ast-hfb-below-header-display":"","ast-hfb-mobile-header-display":"","site-post-title":"","ast-breadcrumbs-content":"","ast-featured-img":"","footer-sml-layout":"","theme-transparent-header-meta":"default","adv-header-id-meta":"","stick-header-meta":"","header-above-stick-meta":"","header-main-stick-meta":"","header-below-stick-meta":""},"product_cat":[101,105],"product_tag":[],"yoast_head":"<!-- This site is optimized with the Yoast SEO plugin v21.1 - https:\/\/yoast.com\/wordpress\/plugins\/seo\/ -->\n<title>Steppenwaran - Zoo Austria - Ihr Profi f\u00fcr Terraristik<\/title>\n<meta name=\"robots\" content=\"index, follow, max-snippet:-1, max-image-preview:large, max-video-preview:-1\" \/>\n<link rel=\"canonical\" href=\"https:\/\/www.zooaustria.com\/zooaustria\/terraristik\/steppenwaran\/\" \/>\n<meta property=\"og:locale\" content=\"de_DE\" \/>\n<meta property=\"og:type\" content=\"article\" \/>\n<meta property=\"og:title\" content=\"Steppenwaran - Zoo Austria - Ihr Profi f\u00fcr Terraristik\" \/>\n<meta property=\"og:description\" content=\"Varanus exantematicus\" \/>\n<meta property=\"og:url\" content=\"https:\/\/www.zooaustria.com\/zooaustria\/terraristik\/steppenwaran\/\" \/>\n<meta property=\"og:site_name\" content=\"Zoo Austria - Ihr Profi f\u00fcr Terraristik\" \/>\n<meta property=\"article:modified_time\" content=\"2022-11-24T21:12:26+00:00\" \/>\n<meta property=\"og:image\" content=\"https:\/\/www.zooaustria.com\/zooaustria\/wp-content\/uploads\/2017\/04\/steppenwaran-_-varanus-exantematicus.jpeg\" \/>\n\t<meta property=\"og:image:width\" content=\"743\" \/>\n\t<meta property=\"og:image:height\" content=\"494\" \/>\n\t<meta property=\"og:image:type\" content=\"image\/jpeg\" \/>\n<meta name=\"twitter:card\" content=\"summary_large_image\" \/>\n<meta name=\"twitter:label1\" content=\"Gesch\u00e4tzte Lesezeit\" \/>\n\t<meta name=\"twitter:data1\" content=\"2\u00a0Minuten\" \/>\n<script type=\"application\/ld+json\" class=\"yoast-schema-graph\">{\"@context\":\"https:\/\/schema.org\",\"@graph\":[{\"@type\":\"WebPage\",\"@id\":\"https:\/\/www.zooaustria.com\/zooaustria\/terraristik\/steppenwaran\/\",\"url\":\"https:\/\/www.zooaustria.com\/zooaustria\/terraristik\/steppenwaran\/\",\"name\":\"Steppenwaran - Zoo Austria - Ihr Profi f\u00fcr Terraristik\",\"isPartOf\":{\"@id\":\"https:\/\/www.zooaustria.com\/zooaustria\/#website\"},\"datePublished\":\"2017-04-04T18:17:33+00:00\",\"dateModified\":\"2022-11-24T21:12:26+00:00\",\"breadcrumb\":{\"@id\":\"https:\/\/www.zooaustria.com\/zooaustria\/terraristik\/steppenwaran\/#breadcrumb\"},\"inLanguage\":\"de\",\"potentialAction\":[{\"@type\":\"ReadAction\",\"target\":[\"https:\/\/www.zooaustria.com\/zooaustria\/terraristik\/steppenwaran\/\"]}]},{\"@type\":\"BreadcrumbList\",\"@id\":\"https:\/\/www.zooaustria.com\/zooaustria\/terraristik\/steppenwaran\/#breadcrumb\",\"itemListElement\":[{\"@type\":\"ListItem\",\"position\":1,\"name\":\"Startseite\",\"item\":\"https:\/\/www.zooaustria.com\/zooaustria\/\"},{\"@type\":\"ListItem\",\"position\":2,\"name\":\"Terraristik\",\"item\":\"https:\/\/www.zooaustria.com\/zooaustria\/terraristik-haltung-kauf\/\"},{\"@type\":\"ListItem\",\"position\":3,\"name\":\"Steppenwaran\"}]},{\"@type\":\"WebSite\",\"@id\":\"https:\/\/www.zooaustria.com\/zooaustria\/#website\",\"url\":\"https:\/\/www.zooaustria.com\/zooaustria\/\",\"name\":\"Zoo Austria - Ihr Profi f\u00fcr Terraristik\",\"description\":\"Terraristikshop\",\"publisher\":{\"@id\":\"https:\/\/www.zooaustria.com\/zooaustria\/#organization\"},\"potentialAction\":[{\"@type\":\"SearchAction\",\"target\":{\"@type\":\"EntryPoint\",\"urlTemplate\":\"https:\/\/www.zooaustria.com\/zooaustria\/?s={search_term_string}\"},\"query-input\":\"required name=search_term_string\"}],\"inLanguage\":\"de\"},{\"@type\":\"Organization\",\"@id\":\"https:\/\/www.zooaustria.com\/zooaustria\/#organization\",\"name\":\"Zoo Austria - Ihr Profi f\u00fcr Terraristik\",\"url\":\"https:\/\/www.zooaustria.com\/zooaustria\/\",\"logo\":{\"@type\":\"ImageObject\",\"inLanguage\":\"de\",\"@id\":\"https:\/\/www.zooaustria.com\/zooaustria\/#\/schema\/logo\/image\/\",\"url\":\"https:\/\/www.zooaustria.com\/zooaustria\/wp-content\/uploads\/2023\/11\/cropped-cropped-ZooAustria-Ihr_Profi_fuer_Terraristik-2-2.jpg\",\"contentUrl\":\"https:\/\/www.zooaustria.com\/zooaustria\/wp-content\/uploads\/2023\/11\/cropped-cropped-ZooAustria-Ihr_Profi_fuer_Terraristik-2-2.jpg\",\"width\":1846,\"height\":1796,\"caption\":\"Zoo Austria - Ihr Profi f\u00fcr Terraristik\"},\"image\":{\"@id\":\"https:\/\/www.zooaustria.com\/zooaustria\/#\/schema\/logo\/image\/\"}}]}<\/script>\n<!-- \/ Yoast SEO plugin. -->","yoast_head_json":{"title":"Steppenwaran - Zoo Austria - Ihr Profi f\u00fcr Terraristik","robots":{"index":"index","follow":"follow","max-snippet":"max-snippet:-1","max-image-preview":"max-image-preview:large","max-video-preview":"max-video-preview:-1"},"canonical":"https:\/\/www.zooaustria.com\/zooaustria\/terraristik\/steppenwaran\/","og_locale":"de_DE","og_type":"article","og_title":"Steppenwaran - Zoo Austria - Ihr Profi f\u00fcr Terraristik","og_description":"Varanus exantematicus","og_url":"https:\/\/www.zooaustria.com\/zooaustria\/terraristik\/steppenwaran\/","og_site_name":"Zoo Austria - Ihr Profi f\u00fcr Terraristik","article_modified_time":"2022-11-24T21:12:26+00:00","og_image":[{"width":743,"height":494,"url":"https:\/\/www.zooaustria.com\/zooaustria\/wp-content\/uploads\/2017\/04\/steppenwaran-_-varanus-exantematicus.jpeg","type":"image\/jpeg"}],"twitter_card":"summary_large_image","twitter_misc":{"Gesch\u00e4tzte Lesezeit":"2\u00a0Minuten"},"schema":{"@context":"https:\/\/schema.org","@graph":[{"@type":"WebPage","@id":"https:\/\/www.zooaustria.com\/zooaustria\/terraristik\/steppenwaran\/","url":"https:\/\/www.zooaustria.com\/zooaustria\/terraristik\/steppenwaran\/","name":"Steppenwaran - Zoo Austria - Ihr Profi f\u00fcr Terraristik","isPartOf":{"@id":"https:\/\/www.zooaustria.com\/zooaustria\/#website"},"datePublished":"2017-04-04T18:17:33+00:00","dateModified":"2022-11-24T21:12:26+00:00","breadcrumb":{"@id":"https:\/\/www.zooaustria.com\/zooaustria\/terraristik\/steppenwaran\/#breadcrumb"},"inLanguage":"de","potentialAction":[{"@type":"ReadAction","target":["https:\/\/www.zooaustria.com\/zooaustria\/terraristik\/steppenwaran\/"]}]},{"@type":"BreadcrumbList","@id":"https:\/\/www.zooaustria.com\/zooaustria\/terraristik\/steppenwaran\/#breadcrumb","itemListElement":[{"@type":"ListItem","position":1,"name":"Startseite","item":"https:\/\/www.zooaustria.com\/zooaustria\/"},{"@type":"ListItem","position":2,"name":"Terraristik","item":"https:\/\/www.zooaustria.com\/zooaustria\/terraristik-haltung-kauf\/"},{"@type":"ListItem","position":3,"name":"Steppenwaran"}]},{"@type":"WebSite","@id":"https:\/\/www.zooaustria.com\/zooaustria\/#website","url":"https:\/\/www.zooaustria.com\/zooaustria\/","name":"Zoo Austria - Ihr Profi f\u00fcr Terraristik","description":"Terraristikshop","publisher":{"@id":"https:\/\/www.zooaustria.com\/zooaustria\/#organization"},"potentialAction":[{"@type":"SearchAction","target":{"@type":"EntryPoint","urlTemplate":"https:\/\/www.zooaustria.com\/zooaustria\/?s={search_term_string}"},"query-input":"required name=search_term_string"}],"inLanguage":"de"},{"@type":"Organization","@id":"https:\/\/www.zooaustria.com\/zooaustria\/#organization","name":"Zoo Austria - Ihr Profi f\u00fcr Terraristik","url":"https:\/\/www.zooaustria.com\/zooaustria\/","logo":{"@type":"ImageObject","inLanguage":"de","@id":"https:\/\/www.zooaustria.com\/zooaustria\/#\/schema\/logo\/image\/","url":"https:\/\/www.zooaustria.com\/zooaustria\/wp-content\/uploads\/2023\/11\/cropped-cropped-ZooAustria-Ihr_Profi_fuer_Terraristik-2-2.jpg","contentUrl":"https:\/\/www.zooaustria.com\/zooaustria\/wp-content\/uploads\/2023\/11\/cropped-cropped-ZooAustria-Ihr_Profi_fuer_Terraristik-2-2.jpg","width":1846,"height":1796,"caption":"Zoo Austria - Ihr Profi f\u00fcr Terraristik"},"image":{"@id":"https:\/\/www.zooaustria.com\/zooaustria\/#\/schema\/logo\/image\/"}}]}},"_links":{"self":[{"href":"https:\/\/www.zooaustria.com\/zooaustria\/wp-json\/wp\/v2\/product\/410"}],"collection":[{"href":"https:\/\/www.zooaustria.com\/zooaustria\/wp-json\/wp\/v2\/product"}],"about":[{"href":"https:\/\/www.zooaustria.com\/zooaustria\/wp-json\/wp\/v2\/types\/product"}],"wp:featuredmedia":[{"embeddable":true,"href":"https:\/\/www.zooaustria.com\/zooaustria\/wp-json\/wp\/v2\/media\/411"}],"wp:attachment":[{"href":"https:\/\/www.zooaustria.com\/zooaustria\/wp-json\/wp\/v2\/media?parent=410"}],"wp:term":[{"taxonomy":"product_cat","embeddable":true,"href":"https:\/\/www.zooaustria.com\/zooaustria\/wp-json\/wp\/v2\/product_cat?post=410"},{"taxonomy":"product_tag","embeddable":true,"href":"https:\/\/www.zooaustria.com\/zooaustria\/wp-json\/wp\/v2\/product_tag?post=410"}],"curies":[{"name":"wp","href":"https:\/\/api.w.org\/{rel}","templated":true}]}}